{"id":14466,"date":"2025-04-08T13:04:02","date_gmt":"2025-04-08T11:04:02","guid":{"rendered":"https:\/\/educacion.ietres.com\/?post_type=product&#038;p=14466"},"modified":"2025-04-08T13:19:48","modified_gmt":"2025-04-08T11:19:48","slug":"acer-chromebook-spin-511-r756t-11-6-chromeos","status":"publish","type":"product","link":"https:\/\/educacion.ietres.com\/ca\/ref\/acer-chromebook-spin-511-r756t-11-6-chromeos\/","title":{"rendered":"Acer Chromebook Spin 511 R756T | 11.6&#8243; ChromeOS"},"content":{"rendered":"<h2>Acer Chromebook Spin 511: una nova forma d'aprendre i crear<\/h2>\n<h3>APRENENTATGE ACTIU I COL\u00b7LABORATIU<\/h3>\n<p class=\"\" data-start=\"345\" data-end=\"818\">L'Acer Chromebook Spin 511 (R756T) \u00e9s un port\u00e0til convertible dissenyat per a facilitar l'aprenentatge actiu, col\u00b7laboratiu i en entorns h\u00edbrids. La seva <strong data-start=\"495\" data-end=\"538\">pantalla t\u00e0ctil HD IPS de 11,6 polzades<\/strong> permet interactuar de manera natural amb el contingut, mentre que la seva <strong data-start=\"610\" data-end=\"626\">doble c\u00e0mara<\/strong> \u2014amb una de frontal HD de 720p i una altra de posterior de 5 MP\u2014 transforma qualsevol entorn en una aula interactiva. A m\u00e9s, est\u00e0 preparat per a utilitzar-se amb <strong data-start=\"775\" data-end=\"796\">llapis digital USI<\/strong> (accessori opcional).<\/p>\n<h3>RENDIMENT PER A L'AULA MODERNA<\/h3>\n<p>Gr\u00e0cies al seu <strong data-start=\"880\" data-end=\"927\">processador Intel\u00ae N100 d'\u00faltima generaci\u00f3<\/strong>, aquest dispositiu ofereix un rendiment fluid que millora la productivitat en tasques escolars. Els estudiants poden treballar en projectes de forma m\u00e9s eficient i sense interrupcions. La pantalla est\u00e0 protegida per un recobriment <strong data-start=\"1162\" data-end=\"1203\">Antimicrobial Corning\u00ae Gorilla\u00ae Glass<\/strong>, que ajuda a reduir la pres\u00e8ncia de bacteris sobre la superf\u00edcie t\u00e0ctil, ideal per a un entorn educatiu compartit.<\/p>\n<h3>RESIST\u00c8NCIA ESCOLAR CERTIFICADA<\/h3>\n<p>Dissenyat per a resistir el dia a dia de l'entorn escolar, l'Acer Chromebook Spin 511 compta amb <strong data-start=\"1466\" data-end=\"1496\">certificaci\u00f3 MIL-STD-810H<\/strong>, refor\u00e7os estructurals i <strong data-start=\"1524\" data-end=\"1570\">proteccions contra caigudes de fins a 122 cm<\/strong>. El seu teclat \u00e9s <strong data-start=\"1586\" data-end=\"1631\">resistent a esquitxades de fins a 330 ml<\/strong>, i les seves tecles estan <strong data-start=\"1652\" data-end=\"1678\">ancorades mec\u00e0nicament<\/strong> per a evitar extraccions accidentals. A m\u00e9s, pot substituir-se f\u00e0cilment amb solo llevar dos caragols, facilitant el seu manteniment.<\/p>\n<h3>CONFIGURACI\u00d3 R\u00c0PIDA I SEGURA<\/h3>\n<p>Amb la soluci\u00f3 <strong data-start=\"1877\" data-end=\"1905\">Chrome Education Upgrade<\/strong> i la funci\u00f3 de <strong data-start=\"1922\" data-end=\"1972\">inscripci\u00f3 autom\u00e0tica (zero-touch enrollment)<\/strong>, els centres educatius poden desplegar i gestionar dispositius sense complicacions. Aix\u00f2 permet al personal docent centrar-se en l'ensenyament, mentre l'equip de IT mant\u00e9 un control segur i eficient del parc de dispositius.<\/p>\n<h3>COMPROM\u00cdS AMB LA SOSTENIBILITAT<\/h3>\n<p>Aquest Chromebook reflecteix el comprom\u00eds mediambiental d'Acer a trav\u00e9s de la seva participaci\u00f3 en la iniciativa <strong data-start=\"2366\" data-end=\"2378\">Earthion<\/strong>. Inclou <strong data-start=\"2388\" data-end=\"2413\">materials reciclats<\/strong> en la seva fabricaci\u00f3, un <strong data-start=\"2436\" data-end=\"2464\">panell t\u00e0ctil OceanGlass\u2122<\/strong> elaborat amb residus pl\u00e0stics de l'oce\u00e0 i un embalatge de <strong data-start=\"2526\" data-end=\"2554\">pasta modelada ecol\u00f2gica<\/strong> fabricada amb cart\u00f3 reciclat i fibres naturals. A m\u00e9s, compta amb <strong data-start=\"2625\" data-end=\"2643\">registre EPEAT\u00ae<\/strong> i <strong data-start=\"2646\" data-end=\"2667\">certificaci\u00f3 TCO<\/strong>, l'est\u00e0ndard global m\u00e9s exigent en sostenibilitat per a productes tecnol\u00f2gics.<\/p>","protected":false},"excerpt":{"rendered":"<p>Intel\u00ae N100, multit\u00e0ctil, 11.6 polzades, 4 GB DDR5 soldada a placa, 32 GB eMMC, Intel\u00ae UHD Graphics, Wi-Fi 6E + Bluetooth\u00ae 5.1, ChromeOS<\/p>\n<p><a href=\"https:\/\/educacion.ietres.com\/acer-for-education\/\"><span class=\"md-plain\">M\u00e9s informaci\u00f3 sobre les solucions d'educaci\u00f3 Acer<\/span><\/a><\/p>","protected":false},"featured_media":14469,"template":"","meta":{"_uag_custom_page_level_css":"","site-sidebar-layout":"default","site-content-layout":"default","ast-global-header-display":"","ast-main-header-display":"","ast-hfb-above-header-display":"","ast-hfb-below-header-display":"","ast-hfb-mobile-header-display":"","site-post-title":"","ast-breadcrumbs-content":"","ast-featured-img":"","footer-sml-layout":"","theme-transparent-header-meta":"default","adv-header-id-meta":"","stick-header-meta":"default","header-above-stick-meta":"","header-main-stick-meta":"","header-below-stick-meta":""},"product_cat":[339],"product_tag":[829,114,837,828],"uagb_featured_image_src":{"full":["https:\/\/educacion.ietres.com\/wp-content\/uploads\/2025\/04\/NX.KEBEB_.00D_03_800x800.jpg",800,800,false],"thumbnail":["https:\/\/educacion.ietres.com\/wp-content\/uploads\/2025\/04\/NX.KEBEB_.00D_03_800x800-150x150.jpg",150,150,true],"medium":["https:\/\/educacion.ietres.com\/wp-content\/uploads\/2025\/04\/NX.KEBEB_.00D_03_800x800-300x300.jpg",300,300,true],"medium_large":["https:\/\/educacion.ietres.com\/wp-content\/uploads\/2025\/04\/NX.KEBEB_.00D_03_800x800-768x768.jpg",768,768,true],"large":["https:\/\/educacion.ietres.com\/wp-content\/uploads\/2025\/04\/NX.KEBEB_.00D_03_800x800.jpg",800,800,false],"1536x1536":["https:\/\/educacion.ietres.com\/wp-content\/uploads\/2025\/04\/NX.KEBEB_.00D_03_800x800.jpg",800,800,false],"2048x2048":["https:\/\/educacion.ietres.com\/wp-content\/uploads\/2025\/04\/NX.KEBEB_.00D_03_800x800.jpg",800,800,false],"trp-custom-language-flag":["https:\/\/educacion.ietres.com\/wp-content\/uploads\/2025\/04\/NX.KEBEB_.00D_03_800x800-12x12.jpg",12,12,true],"woocommerce_thumbnail":["https:\/\/educacion.ietres.com\/wp-content\/uploads\/2025\/04\/NX.KEBEB_.00D_03_800x800-300x300.jpg",300,300,true],"woocommerce_single":["https:\/\/educacion.ietres.com\/wp-content\/uploads\/2025\/04\/NX.KEBEB_.00D_03_800x800-600x600.jpg",600,600,true],"woocommerce_gallery_thumbnail":["https:\/\/educacion.ietres.com\/wp-content\/uploads\/2025\/04\/NX.KEBEB_.00D_03_800x800-100x100.jpg",100,100,true]},"uagb_author_info":{"display_name":"Toni","author_link":"https:\/\/educacion.ietres.com\/ca\/author\/"},"uagb_comment_info":0,"uagb_excerpt":"Intel\u00ae N100, multit\u00e1ctil, 11.6 pulgadas, 4 GB DDR5 soldada en placa, 32 GB eMMC, Intel\u00ae UHD Graphics, Wi-Fi 6E + Bluetooth\u00ae 5.1, ChromeOS M\u00e1s informaci\u00f3n sobre las soluciones de educaci\u00f3n Acer","_links":{"self":[{"href":"https:\/\/educacion.ietres.com\/ca\/wp-json\/wp\/v2\/product\/14466"}],"collection":[{"href":"https:\/\/educacion.ietres.com\/ca\/wp-json\/wp\/v2\/product"}],"about":[{"href":"https:\/\/educacion.ietres.com\/ca\/wp-json\/wp\/v2\/types\/product"}],"wp:featuredmedia":[{"embeddable":true,"href":"https:\/\/educacion.ietres.com\/ca\/wp-json\/wp\/v2\/media\/14469"}],"wp:attachment":[{"href":"https:\/\/educacion.ietres.com\/ca\/wp-json\/wp\/v2\/media?parent=14466"}],"wp:term":[{"taxonomy":"product_cat","embeddable":true,"href":"https:\/\/educacion.ietres.com\/ca\/wp-json\/wp\/v2\/product_cat?post=14466"},{"taxonomy":"product_tag","embeddable":true,"href":"https:\/\/educacion.ietres.com\/ca\/wp-json\/wp\/v2\/product_tag?post=14466"}],"curies":[{"name":"wp","href":"https:\/\/api.w.org\/{rel}","templated":true}]}}