{"id":14446,"date":"2025-04-07T18:01:56","date_gmt":"2025-04-07T16:01:56","guid":{"rendered":"https:\/\/educacion.ietres.com\/?post_type=product&#038;p=14446"},"modified":"2025-04-08T16:34:43","modified_gmt":"2025-04-08T14:34:43","slug":"acer-travelmate-b311-33-11-6-windows","status":"publish","type":"product","link":"https:\/\/educacion.ietres.com\/ca\/ref\/acer-travelmate-b311-33-11-6-windows\/","title":{"rendered":"Acer Travelmate B3 11 B311-33 | 11.6&#8243; Windows"},"content":{"rendered":"<h2>TravelMate B3 11: Aprenentatge eficient i durabilitat<\/h2>\n<h3>RENDIMENT MILLORAT AMB IA<\/h3>\n<p>Impulsa l'aprenentatge amb aquest port\u00e0til TravelMate B3 11 de 11,6\u2033 per a \u00fas escolar, que ofereix un rendiment \u00f2ptim gr\u00e0cies als seus processadors Intel<sup>\u00ae<\/sup>, claredat millorada amb IA i alertes d'\u00fas saludable. Fabricat per a aguantar amb durabilitat MIL-STD 810H, Wi-Fi 6E fiable i un disseny modular per a facilitar les reparacions. Acaba les teves tasques m\u00e9s r\u00e0pidament amb aquest port\u00e0til de 11,6\u201d amb l'\u00faltim processador Intel\u00ae, que combina un baix consum d'energia i un alt rendiment per a oferir una soluci\u00f3 fiable a l'aula.<\/p>\n<h3>CLAREDAT MILLORADA AMB IA<\/h3>\n<p>Acer PurifiedVoice\u2122 utilitza la reducci\u00f3 de soroll mitjan\u00e7ant IA per a filtrar el soroll de fons de la veu, mentre que la seva cambra amb reducci\u00f3 de soroll temporal minimitza les interfer\u00e8ncies, la qual cosa garanteix videotelefonades clares per a l'aprenentatge en l\u00ednia.<\/p>\n<h3>ALERTES I DURABILITAT FIABLE<\/h3>\n<p>Aquest port\u00e0til compta amb el programari Acer User Sensing, que inclou un recordatori de dist\u00e0ncia de la pantalla per a alertar als usuaris quan estan massa a prop i un recordatori de descans per a fomentar descansos regulars, la qual cosa redueix l'estr\u00e8s i la fatiga ocular. Amb la certificaci\u00f3 MIL-STD 810H, aquest dispositiu inclou un protector que absorbeix els impactes, suports refor\u00e7ats, tecles ancorades mec\u00e0nicament i un teclat resistent a esquitxades per a protegir contra caigudes, maneig descurat i vessaments.<\/p>\n<h3>CONNECTIVITAT \u00c0MPLIA I SENZILLA<\/h3>\n<p>Wi-Fi 6E, dos ports USB 3.2 tipus C de 1a generaci\u00f3, dos ports USB 3.2 tipus A de 1a generaci\u00f3, un port RJ-45 i HDMI per a gaudir d'\u00e0mplies opcions de connectivitat. A m\u00e9s, Windows Autopilot ofereix una inscripci\u00f3 de dispositius simplificada. El disseny modular, amb un port USB tipus C utilitzable dissenyat per a c\u00e0rrega i un teclat reempla\u00e7able, permet reparacions r\u00e0pides i redueix el temps d'inactivitat i el cost total de propietat. La bateria de c\u00e0rrega r\u00e0pida<sup>2<\/sup>\u00a0garanteix energia durant tot el dia per a les classes.<\/p>","protected":false},"excerpt":{"rendered":"<p>Intel\u00ae N100, 11.6 polzades, 4 GB DDR5 soldada a placa, 128 GB eMMC, Intel\u00ae UHD Graphics, Wi-Fi 6E + Bluetooth\u00ae 5.2, Windows 11 Pro EDU<\/p>\n<p><a href=\"https:\/\/educacion.ietres.com\/acer-for-education\/\"><span class=\"md-plain\">M\u00e9s informaci\u00f3 sobre les solucions d'educaci\u00f3 Acer<\/span><\/a><\/p>","protected":false},"featured_media":14448,"template":"","meta":{"_uag_custom_page_level_css":"","site-sidebar-layout":"default","site-content-layout":"default","ast-global-header-display":"","ast-main-header-display":"","ast-hfb-above-header-display":"","ast-hfb-below-header-display":"","ast-hfb-mobile-header-display":"","site-post-title":"","ast-breadcrumbs-content":"","ast-featured-img":"","footer-sml-layout":"","theme-transparent-header-meta":"default","adv-header-id-meta":"","stick-header-meta":"default","header-above-stick-meta":"","header-main-stick-meta":"","header-below-stick-meta":""},"product_cat":[339],"product_tag":[114,828,253,162],"uagb_featured_image_src":{"full":["https:\/\/educacion.ietres.com\/wp-content\/uploads\/2025\/04\/NX.VZLEB_.00D_02_800x800.jpg",800,800,false],"thumbnail":["https:\/\/educacion.ietres.com\/wp-content\/uploads\/2025\/04\/NX.VZLEB_.00D_02_800x800-150x150.jpg",150,150,true],"medium":["https:\/\/educacion.ietres.com\/wp-content\/uploads\/2025\/04\/NX.VZLEB_.00D_02_800x800-300x300.jpg",300,300,true],"medium_large":["https:\/\/educacion.ietres.com\/wp-content\/uploads\/2025\/04\/NX.VZLEB_.00D_02_800x800-768x768.jpg",768,768,true],"large":["https:\/\/educacion.ietres.com\/wp-content\/uploads\/2025\/04\/NX.VZLEB_.00D_02_800x800.jpg",800,800,false],"1536x1536":["https:\/\/educacion.ietres.com\/wp-content\/uploads\/2025\/04\/NX.VZLEB_.00D_02_800x800.jpg",800,800,false],"2048x2048":["https:\/\/educacion.ietres.com\/wp-content\/uploads\/2025\/04\/NX.VZLEB_.00D_02_800x800.jpg",800,800,false],"trp-custom-language-flag":["https:\/\/educacion.ietres.com\/wp-content\/uploads\/2025\/04\/NX.VZLEB_.00D_02_800x800-12x12.jpg",12,12,true],"woocommerce_thumbnail":["https:\/\/educacion.ietres.com\/wp-content\/uploads\/2025\/04\/NX.VZLEB_.00D_02_800x800-300x300.jpg",300,300,true],"woocommerce_single":["https:\/\/educacion.ietres.com\/wp-content\/uploads\/2025\/04\/NX.VZLEB_.00D_02_800x800-600x600.jpg",600,600,true],"woocommerce_gallery_thumbnail":["https:\/\/educacion.ietres.com\/wp-content\/uploads\/2025\/04\/NX.VZLEB_.00D_02_800x800-100x100.jpg",100,100,true]},"uagb_author_info":{"display_name":"Toni","author_link":"https:\/\/educacion.ietres.com\/ca\/author\/"},"uagb_comment_info":0,"uagb_excerpt":"Intel\u00ae N100, 11.6 pulgadas, 4 GB DDR5 soldada en placa, 128 GB eMMC, Intel\u00ae UHD Graphics, Wi-Fi 6E + Bluetooth\u00ae 5.2, Windows 11 Pro EDU M\u00e1s informaci\u00f3n sobre las soluciones de educaci\u00f3n Acer","_links":{"self":[{"href":"https:\/\/educacion.ietres.com\/ca\/wp-json\/wp\/v2\/product\/14446"}],"collection":[{"href":"https:\/\/educacion.ietres.com\/ca\/wp-json\/wp\/v2\/product"}],"about":[{"href":"https:\/\/educacion.ietres.com\/ca\/wp-json\/wp\/v2\/types\/product"}],"wp:featuredmedia":[{"embeddable":true,"href":"https:\/\/educacion.ietres.com\/ca\/wp-json\/wp\/v2\/media\/14448"}],"wp:attachment":[{"href":"https:\/\/educacion.ietres.com\/ca\/wp-json\/wp\/v2\/media?parent=14446"}],"wp:term":[{"taxonomy":"product_cat","embeddable":true,"href":"https:\/\/educacion.ietres.com\/ca\/wp-json\/wp\/v2\/product_cat?post=14446"},{"taxonomy":"product_tag","embeddable":true,"href":"https:\/\/educacion.ietres.com\/ca\/wp-json\/wp\/v2\/product_tag?post=14446"}],"curies":[{"name":"wp","href":"https:\/\/api.w.org\/{rel}","templated":true}]}}