{"id":14435,"date":"2025-04-07T17:11:27","date_gmt":"2025-04-07T15:11:27","guid":{"rendered":"https:\/\/educacion.ietres.com\/?post_type=product&#038;p=14435"},"modified":"2025-04-07T19:07:24","modified_gmt":"2025-04-07T17:07:24","slug":"lenovo-500e-chromebook-gen4s-11-6-chromeos","status":"publish","type":"product","link":"https:\/\/educacion.ietres.com\/ca\/ref\/lenovo-500e-chromebook-gen4s-11-6-chromeos\/","title":{"rendered":"Lenovo 500e Chromebook Gen4s | 11.6&#8243; ChromeOS"},"content":{"rendered":"<h2>El convertible resistent preparat per a la multitasca<\/h2>\n<h3>DISSENY DURADOR PER A L'\u00daS INTENSIU<\/h3>\n<p>El Lenovo 500e Chromebook Gen 4s (11,6\u00bb Intel) est\u00e0 dissenyat per a suportar l'\u00fas diari en les classes. Compta amb Touch Glass amb Corning\u00ae Gorilla\u00ae Glass 3.0 per a protecci\u00f3 de la pantalla, un teclat resistent a vessaments i tecles antipalanca per a evitar danys. La porta de la bateria extra\u00efble permet reempla\u00e7aments r\u00e0pids de la bateria, la qual cosa redueix el temps d'inactivitat i els costos de manteniment.<\/p>\n<h3>EL MILLOR RENDIMENT A CLASSE<\/h3>\n<p>Amb processador Intel\u00ae fins a N200 s\u00e8rie N i sistema operatiu Chrome, el Lenovo 500e Chromebook Gen 4s ofereix temps d'arrencada r\u00e0pids i un rendiment sense problemes. Amb una bateria que dura tot el dia, aquest dispositiu lleuger (1,3 kg) garanteix que els estudiants i els professors puguin treballar de manera eficient durant tot el dia sense interrupcions.<\/p>\n<h3>CONNECTIVITAT SENSE INTERRUPCIONS<\/h3>\n<p>El Lenovo 500e Chromebook Gen 4s compta amb ports USB-C duals, un port HDMI, Bluetooth\u00ae 5.2 i Wi-Fi 6\/6E. Aquestes opcions de connectivitat permeten una integraci\u00f3 r\u00e0pida i f\u00e0cil de perif\u00e8rics i projectors, i garanteixen que puguis accedir a Internet d'alta velocitat i connectar diversos dispositius sense esfor\u00e7.<\/p>\n<h3>LA SOSTENIBILITAT QUE MEREIXES<\/h3>\n<p>El nostre objectiu \u00e9s proporcionar tecnologia m\u00e9s Smart amb la finalitat de crear un futur m\u00e9s brillant i sostenible per als nostres clients, comunitats i el planeta. Per aix\u00f2, ens esforcem a aconseguir etiquetes i certificacions l\u00edders del sector que demostrin el nostre comprom\u00eds amb la sostenibilitat en el disseny dels nostres productes. Junts, podem crear un futur m\u00e9s Smart per a tots.<\/p>","protected":false},"excerpt":{"rendered":"<p>Intel\u00ae N100, multit\u00e0ctil, 11.6 polzades, 4 GB DDR5 soldada a placa, 64 GB SSD, Intel\u00ae UHD Graphics, ChromeOS<\/p>\n<p><a spellcheck=\"false\" href=\"https:\/\/educacion.ietres.com\/lenovo-educacion\/\">M\u00e9s informaci\u00f3 sobre les solucions d'educaci\u00f3 Lenovo<\/a><\/p>","protected":false},"featured_media":14437,"template":"","meta":{"_uag_custom_page_level_css":"","site-sidebar-layout":"default","site-content-layout":"default","ast-global-header-display":"","ast-main-header-display":"","ast-hfb-above-header-display":"","ast-hfb-below-header-display":"","ast-hfb-mobile-header-display":"","site-post-title":"","ast-breadcrumbs-content":"","ast-featured-img":"","footer-sml-layout":"","theme-transparent-header-meta":"default","adv-header-id-meta":"","stick-header-meta":"default","header-above-stick-meta":"","header-main-stick-meta":"","header-below-stick-meta":""},"product_cat":[339],"product_tag":[829,274,828,153],"uagb_featured_image_src":{"full":["https:\/\/educacion.ietres.com\/wp-content\/uploads\/2025\/04\/83L5S04F00_02_800x800.jpg",800,800,false],"thumbnail":["https:\/\/educacion.ietres.com\/wp-content\/uploads\/2025\/04\/83L5S04F00_02_800x800-150x150.jpg",150,150,true],"medium":["https:\/\/educacion.ietres.com\/wp-content\/uploads\/2025\/04\/83L5S04F00_02_800x800-300x300.jpg",300,300,true],"medium_large":["https:\/\/educacion.ietres.com\/wp-content\/uploads\/2025\/04\/83L5S04F00_02_800x800-768x768.jpg",768,768,true],"large":["https:\/\/educacion.ietres.com\/wp-content\/uploads\/2025\/04\/83L5S04F00_02_800x800.jpg",800,800,false],"1536x1536":["https:\/\/educacion.ietres.com\/wp-content\/uploads\/2025\/04\/83L5S04F00_02_800x800.jpg",800,800,false],"2048x2048":["https:\/\/educacion.ietres.com\/wp-content\/uploads\/2025\/04\/83L5S04F00_02_800x800.jpg",800,800,false],"trp-custom-language-flag":["https:\/\/educacion.ietres.com\/wp-content\/uploads\/2025\/04\/83L5S04F00_02_800x800-12x12.jpg",12,12,true],"woocommerce_thumbnail":["https:\/\/educacion.ietres.com\/wp-content\/uploads\/2025\/04\/83L5S04F00_02_800x800-300x300.jpg",300,300,true],"woocommerce_single":["https:\/\/educacion.ietres.com\/wp-content\/uploads\/2025\/04\/83L5S04F00_02_800x800-600x600.jpg",600,600,true],"woocommerce_gallery_thumbnail":["https:\/\/educacion.ietres.com\/wp-content\/uploads\/2025\/04\/83L5S04F00_02_800x800-100x100.jpg",100,100,true]},"uagb_author_info":{"display_name":"Toni","author_link":"https:\/\/educacion.ietres.com\/ca\/author\/"},"uagb_comment_info":0,"uagb_excerpt":"Intel\u00ae N100, multit\u00e1ctil, 11.6 pulgadas, 4 GB DDR5 soldada en placa, 64 GB SSD, Intel\u00ae UHD Graphics, ChromeOS M\u00e1s informaci\u00f3n sobre las soluciones de educaci\u00f3n Lenovo","_links":{"self":[{"href":"https:\/\/educacion.ietres.com\/ca\/wp-json\/wp\/v2\/product\/14435"}],"collection":[{"href":"https:\/\/educacion.ietres.com\/ca\/wp-json\/wp\/v2\/product"}],"about":[{"href":"https:\/\/educacion.ietres.com\/ca\/wp-json\/wp\/v2\/types\/product"}],"wp:featuredmedia":[{"embeddable":true,"href":"https:\/\/educacion.ietres.com\/ca\/wp-json\/wp\/v2\/media\/14437"}],"wp:attachment":[{"href":"https:\/\/educacion.ietres.com\/ca\/wp-json\/wp\/v2\/media?parent=14435"}],"wp:term":[{"taxonomy":"product_cat","embeddable":true,"href":"https:\/\/educacion.ietres.com\/ca\/wp-json\/wp\/v2\/product_cat?post=14435"},{"taxonomy":"product_tag","embeddable":true,"href":"https:\/\/educacion.ietres.com\/ca\/wp-json\/wp\/v2\/product_tag?post=14435"}],"curies":[{"name":"wp","href":"https:\/\/api.w.org\/{rel}","templated":true}]}}