{"id":14424,"date":"2025-04-07T15:36:10","date_gmt":"2025-04-07T13:36:10","guid":{"rendered":"https:\/\/educacion.ietres.com\/?post_type=product&#038;p=14424"},"modified":"2025-04-07T18:32:38","modified_gmt":"2025-04-07T16:32:38","slug":"lenovo-100e-chromebook-gen4-11-6-chromeos","status":"publish","type":"product","link":"https:\/\/educacion.ietres.com\/ca\/ref\/lenovo-100e-chromebook-gen4-11-6-chromeos\/","title":{"rendered":"Lenovo 100e Chromebook Gen4 | 11.6&#8243; ChromeOS"},"content":{"rendered":"<h2>Chromebook 100e Gen 4: preparat per a cada desafiament<\/h2>\n<h3>RENDIMENT DE CONFIAN\u00c7A PER A L'AULA MODERNA<\/h3>\n<p>L'aprenentatge actual no es limita a un \u00fanic lloc. Per aix\u00f2, els estudiants necessiten una eina que els acompanyi en qualsevol moment i entorn. El Lenovo 100e Chromebook de 4a generaci\u00f3 integra un processador <strong data-start=\"537\" data-end=\"552\">Intel\u00ae N100<\/strong> de nova generaci\u00f3 que millora el rendiment general del sistema i redueix els temps d'espera. La seva mem\u00f2ria <strong data-start=\"662\" data-end=\"695\">DDR5 de 4 GB soldada a placa<\/strong> garanteix un funcionament eficient per a afrontar les tasques educatives quotidianes i permet que alumnes i docents mantinguin la productivitat durant tota la jornada.<\/p>\n<h3>LLEUGER I LLEST PER EMPORTAR<\/h3>\n<p>Dissenyat per a donar suport a l'aprenentatge des de qualsevol ubicaci\u00f3, el Lenovo 100e Chromebook Gen 4 resulta ideal tant dins com fora de l'aula. Amb una pantalla compacta de <strong data-start=\"1076\" data-end=\"1104\">11,6 polzades (29,46 cm)<\/strong> i una <strong data-start=\"1111\" data-end=\"1132\">c\u00e0mara HD de 720p<\/strong>, els estudiants poden col\u00b7laborar en l\u00ednia amb els seus companys de classe i connectar-se f\u00e0cilment amb els seus professors, mantenint sempre la proximitat en entorns d'educaci\u00f3 h\u00edbrida o remota.<\/p>\n<h3>ROBUSTESA PER A UN \u00daS DIARI INTENSIU<\/h3>\n<p>El Lenovo 100e Chromebook Gen 4 est\u00e0 pensat per a resistir l'\u00fas escolar m\u00e9s exigent. La seva estructura refor\u00e7ada inclou <strong data-start=\"1492\" data-end=\"1556\">ports protegits, frontisses duradores i para-xocs de goma<\/strong> que ajuden a protegir l'equip enfront de caigudes de fins a 75 cm. Certificat sota els est\u00e0ndards <strong data-start=\"1653\" data-end=\"1687\">MIL-STD-810H i Lenovo EDU Spec<\/strong>, aquest dispositiu incorpora a m\u00e9s un <strong data-start=\"1726\" data-end=\"1778\">teclat resistent a esquitxades (fins a 360 ml)<\/strong> i <strong data-start=\"1781\" data-end=\"1814\">tecles ancorades mec\u00e0nicament<\/strong>, la qual cosa es tradueix en major temps d'activitat i menor necessitat de manteniment.<\/p>\n<h3>CONNECTIVITAT FIABLE I SEGURETAT GARANTIDA<\/h3>\n<p class=\"\" data-start=\"1954\" data-end=\"2453\">Amb una bateria que ofereix <strong data-start=\"1981\" data-end=\"2012\">fins a 10 hores d'autonomia<\/strong>*, el Lenovo 100e Chromebook Gen 4 permet als estudiants continuar aprenent sense interrupcions. Els seus m\u00faltiples ports faciliten la connexi\u00f3 amb perif\u00e8rics i monitors externs, mentre que la connectivitat <strong data-start=\"2223\" data-end=\"2234\">Wi-Fi 6<\/strong> i <strong data-start=\"2237\" data-end=\"2254\">Bluetooth 5.1<\/strong> garanteix una experi\u00e8ncia fluida en tot moment. Per a major seguretat i privacitat, compta amb un <strong data-start=\"2354\" data-end=\"2389\">obturador f\u00edsic per a la c\u00e0mera<\/strong>, que ofereix tranquil\u00b7litat tant a estudiants com a educadors.<\/p>\n<p>Autonomia estimada segons proves Google Chrome Power_*LoadTest. Per a m\u00e9s informaci\u00f3, visita <a class=\"\" href=\"http:\/\/www.chromium.org\" target=\"_new\" rel=\"noopener\" data-start=\"2554\" data-end=\"2570\">www.chromium.org<\/a>. La durada real de la bateria pot variar considerablement depenent de la configuraci\u00f3 del dispositiu, l'\u00fas, el programari, l'entorn i altres factors. La capacitat m\u00e0xima de la bateria disminueix amb el temps i l'\u00fas.<\/p>","protected":false},"excerpt":{"rendered":"<p class=\"h3 headline\">Intel\u00ae N100, 11.6 polzades, 4 GB DDR5 soldada a placa, 32 GB SSD, Intel\u00ae UHD Graphics, ChromeOS<\/p>\n<p><a spellcheck=\"false\" href=\"https:\/\/educacion.ietres.com\/lenovo-educacion\/\"><span class=\"md-plain\">M\u00e9s informaci\u00f3 sobre les solucions d'educaci\u00f3 Lenovo<\/span><\/a><\/p>","protected":false},"featured_media":14425,"template":"","meta":{"_uag_custom_page_level_css":"","site-sidebar-layout":"default","site-content-layout":"default","ast-global-header-display":"","ast-main-header-display":"","ast-hfb-above-header-display":"","ast-hfb-below-header-display":"","ast-hfb-mobile-header-display":"","site-post-title":"","ast-breadcrumbs-content":"","ast-featured-img":"","footer-sml-layout":"","theme-transparent-header-meta":"default","adv-header-id-meta":"","stick-header-meta":"default","header-above-stick-meta":"","header-main-stick-meta":"","header-below-stick-meta":""},"product_cat":[339],"product_tag":[274,828,153,253],"uagb_featured_image_src":{"full":["https:\/\/educacion.ietres.com\/wp-content\/uploads\/2025\/04\/83G9S0D300_01_800x800.jpg",800,800,false],"thumbnail":["https:\/\/educacion.ietres.com\/wp-content\/uploads\/2025\/04\/83G9S0D300_01_800x800-150x150.jpg",150,150,true],"medium":["https:\/\/educacion.ietres.com\/wp-content\/uploads\/2025\/04\/83G9S0D300_01_800x800-300x300.jpg",300,300,true],"medium_large":["https:\/\/educacion.ietres.com\/wp-content\/uploads\/2025\/04\/83G9S0D300_01_800x800-768x768.jpg",768,768,true],"large":["https:\/\/educacion.ietres.com\/wp-content\/uploads\/2025\/04\/83G9S0D300_01_800x800.jpg",800,800,false],"1536x1536":["https:\/\/educacion.ietres.com\/wp-content\/uploads\/2025\/04\/83G9S0D300_01_800x800.jpg",800,800,false],"2048x2048":["https:\/\/educacion.ietres.com\/wp-content\/uploads\/2025\/04\/83G9S0D300_01_800x800.jpg",800,800,false],"trp-custom-language-flag":["https:\/\/educacion.ietres.com\/wp-content\/uploads\/2025\/04\/83G9S0D300_01_800x800-12x12.jpg",12,12,true],"woocommerce_thumbnail":["https:\/\/educacion.ietres.com\/wp-content\/uploads\/2025\/04\/83G9S0D300_01_800x800-300x300.jpg",300,300,true],"woocommerce_single":["https:\/\/educacion.ietres.com\/wp-content\/uploads\/2025\/04\/83G9S0D300_01_800x800-600x600.jpg",600,600,true],"woocommerce_gallery_thumbnail":["https:\/\/educacion.ietres.com\/wp-content\/uploads\/2025\/04\/83G9S0D300_01_800x800-100x100.jpg",100,100,true]},"uagb_author_info":{"display_name":"Toni","author_link":"https:\/\/educacion.ietres.com\/ca\/author\/"},"uagb_comment_info":0,"uagb_excerpt":"Intel\u00ae N100, 11.6 pulgadas, 4 GB DDR5 soldada en placa, 32 GB SSD, Intel\u00ae UHD Graphics, ChromeOS M\u00e1s informaci\u00f3n sobre las soluciones de educaci\u00f3n Lenovo","_links":{"self":[{"href":"https:\/\/educacion.ietres.com\/ca\/wp-json\/wp\/v2\/product\/14424"}],"collection":[{"href":"https:\/\/educacion.ietres.com\/ca\/wp-json\/wp\/v2\/product"}],"about":[{"href":"https:\/\/educacion.ietres.com\/ca\/wp-json\/wp\/v2\/types\/product"}],"wp:featuredmedia":[{"embeddable":true,"href":"https:\/\/educacion.ietres.com\/ca\/wp-json\/wp\/v2\/media\/14425"}],"wp:attachment":[{"href":"https:\/\/educacion.ietres.com\/ca\/wp-json\/wp\/v2\/media?parent=14424"}],"wp:term":[{"taxonomy":"product_cat","embeddable":true,"href":"https:\/\/educacion.ietres.com\/ca\/wp-json\/wp\/v2\/product_cat?post=14424"},{"taxonomy":"product_tag","embeddable":true,"href":"https:\/\/educacion.ietres.com\/ca\/wp-json\/wp\/v2\/product_tag?post=14424"}],"curies":[{"name":"wp","href":"https:\/\/api.w.org\/{rel}","templated":true}]}}