{"id":13417,"date":"2024-04-30T11:39:48","date_gmt":"2024-04-30T09:39:48","guid":{"rendered":"https:\/\/educacion.ietres.com\/?post_type=product&#038;p=13417"},"modified":"2024-04-30T17:06:40","modified_gmt":"2024-04-30T15:06:40","slug":"acer-travelmate-b311-33-mc","status":"publish","type":"product","link":"https:\/\/educacion.ietres.com\/ca\/ref\/acer-travelmate-b311-33-mc\/","title":{"rendered":"Acer Travelmate B 311 11.6\u00bb Miguel de Cervantes"},"content":{"rendered":"<h2>TravelMate B3 11: Aprendizaje sensato<\/h2>\n<h3>RENDIMENT EFICIENT AMB COMODITAT<\/h3>\n<p>Completa tus tareas escolares m\u00e1s r\u00e1pido que otros cuadernos escolares actuales en el mercado. El \u00faltimo procesador Intel\u00ae combina bajo consumo de energ\u00eda y alto rendimiento para ofrecer una soluci\u00f3n fiable en el entorno escolar. Estar demasiado cerca de la pantalla del port\u00e1til puede ser perjudicial para tus ojos, y la funci\u00f3n de Recordatorio de Distancia de Pantalla de este ordenador port\u00e1til escolar te avisar\u00e1 si est\u00e1s demasiado cerca de la pantalla. Tambi\u00e9n te recordar\u00e1 tomar descansos regulares de tu dispositivo para reducir el estr\u00e9s y la fatiga ocular.<\/p>\n<h3>CONNECTIVITAT ININTERROMPUDA I SOSTENIBLE<\/h3>\n<p>El Intel\u00ae Wi-Fi 6E y la antena inal\u00e1mbrica estrat\u00e9gicamente ubicada con 2&#215;2 MU-MIMO y la conectividad Bluetooth 5.3 proporcionan una conexi\u00f3n inal\u00e1mbrica fuerte y consistente para que puedas mantener la conexi\u00f3n durante tus clases. Con materiales reciclados, embalaje sostenible, un dise\u00f1o energ\u00e9ticamente eficiente y registro EPEAT3, este port\u00e1til para el aprendizaje mixto encarna el esp\u00edritu de nuestra iniciativa Earthion para reducir los residuos a lo largo de la vida \u00fatil del dispositivo. Utilizamos pl\u00e1stico reciclado proveniente del oc\u00e9ano en el touchpad OceanGlass\u2122 de este port\u00e1til. El touchpad te ofrece una sensaci\u00f3n t\u00e1ctil suave y similar al vidrio mientras tus dedos se deslizan por su superficie.<\/p>\n<h3>DISSENY DURADOR I CERTIFICAT <\/h3>\n<p>Este port\u00e1til estudiantil de grado militar cuenta con certificaci\u00f3n MIL-STD-810H, un teclado resistente a derrames, puertos de entrada\/salida reforzados y un parachoques absorbente de golpes que protege de ca\u00eddas de hasta 122 cm. El teclado de este port\u00e1til, que es f\u00e1cilmente reemplazable y cuenta con teclas mec\u00e1nicamente ancladas, protege contra la eliminaci\u00f3n accidental de teclas, al mismo tiempo que te permite reemplazar todo el teclado de forma r\u00e1pida y sencilla al quitar solo dos tornillos. Esto lo hace ideal para aulas con mucho movimiento donde pueden ocurrir accidentes. Adem\u00e1s, este port\u00e1til cuenta con la certificaci\u00f3n TCO, la principal certificaci\u00f3n de sostenibilidad para productos de tecnolog\u00eda de la informaci\u00f3n a nivel mundial. Esta certificaci\u00f3n refleja el compromiso de Acer con la mejora del medio ambiente mediante dise\u00f1os y modelos de negocio m\u00e1s respetuosos con el medio ambiente.<\/p>\n<h3>ESTUDIA I DIVERTEIX-TE TOT EL DIA<\/h3>\n<p>Con hasta 9,5 horas de duraci\u00f3n de bater\u00eda (dependiendo del uso), los estudiantes pueden pasar un d\u00eda entero de clases con carga de sobra. Combinado con indicadores de bater\u00eda y Wi-Fi en la cubierta frontal, los profesores pueden detectar r\u00e1pidamente cualquier problema con solo un vistazo.<\/p>","protected":false},"excerpt":{"rendered":"<p>Intel Celeron, 11.6 pulgadas, 4 GB DDR4 soldada en placa, 128 GB SSD soldado en placa, Intel\u00ae UHD Graphics, WiFi 6E, BT 5.3, Windows 11 Pro EDU <\/p>\n<p><span style=\"font-weight: bold; color: #4b53bc\">Ideal etapa ESO. Etiquetado con nombre del alumno\/a. Todos los programas para el curso 24\/25 instalados. STOCK LIMITADO<\/span><\/p>","protected":false},"featured_media":13434,"template":"","meta":{"_uag_custom_page_level_css":"","site-sidebar-layout":"default","site-content-layout":"default","ast-global-header-display":"","ast-main-header-display":"","ast-hfb-above-header-display":"","ast-hfb-below-header-display":"","ast-hfb-mobile-header-display":"","site-post-title":"","ast-breadcrumbs-content":"","ast-featured-img":"","footer-sml-layout":"","theme-transparent-header-meta":"default","adv-header-id-meta":"","stick-header-meta":"default","header-above-stick-meta":"","header-main-stick-meta":"","header-below-stick-meta":""},"product_cat":[771,774],"product_tag":[114,811,162],"uagb_featured_image_src":{"full":["https:\/\/educacion.ietres.com\/wp-content\/uploads\/2024\/04\/TMB311-33_02_11-6_800x800.jpg",1000,1000,false],"thumbnail":["https:\/\/educacion.ietres.com\/wp-content\/uploads\/2024\/04\/TMB311-33_02_11-6_800x800-150x150.jpg",150,150,true],"medium":["https:\/\/educacion.ietres.com\/wp-content\/uploads\/2024\/04\/TMB311-33_02_11-6_800x800-300x300.jpg",300,300,true],"medium_large":["https:\/\/educacion.ietres.com\/wp-content\/uploads\/2024\/04\/TMB311-33_02_11-6_800x800-768x768.jpg",768,768,true],"large":["https:\/\/educacion.ietres.com\/wp-content\/uploads\/2024\/04\/TMB311-33_02_11-6_800x800.jpg",1000,1000,false],"1536x1536":["https:\/\/educacion.ietres.com\/wp-content\/uploads\/2024\/04\/TMB311-33_02_11-6_800x800.jpg",1000,1000,false],"2048x2048":["https:\/\/educacion.ietres.com\/wp-content\/uploads\/2024\/04\/TMB311-33_02_11-6_800x800.jpg",1000,1000,false],"trp-custom-language-flag":["https:\/\/educacion.ietres.com\/wp-content\/uploads\/2024\/04\/TMB311-33_02_11-6_800x800-12x12.jpg",12,12,true],"woocommerce_thumbnail":["https:\/\/educacion.ietres.com\/wp-content\/uploads\/2024\/04\/TMB311-33_02_11-6_800x800-300x300.jpg",300,300,true],"woocommerce_single":["https:\/\/educacion.ietres.com\/wp-content\/uploads\/2024\/04\/TMB311-33_02_11-6_800x800-600x600.jpg",600,600,true],"woocommerce_gallery_thumbnail":["https:\/\/educacion.ietres.com\/wp-content\/uploads\/2024\/04\/TMB311-33_02_11-6_800x800-100x100.jpg",100,100,true]},"uagb_author_info":{"display_name":"Toni","author_link":"https:\/\/educacion.ietres.com\/ca\/author\/"},"uagb_comment_info":0,"uagb_excerpt":"Intel Celeron, 11.6 pulgadas, 4 GB DDR4 soldada en placa, 128 GB SSD soldado en placa, Intel\u00ae UHD Graphics, WiFi 6E, BT 5.3, Windows 11 Pro EDU Ideal etapa ESO. Etiquetado con nombre del alumno\/a. Todos los programas para el curso 24\/25 instalados. STOCK LIMITADO","_links":{"self":[{"href":"https:\/\/educacion.ietres.com\/ca\/wp-json\/wp\/v2\/product\/13417"}],"collection":[{"href":"https:\/\/educacion.ietres.com\/ca\/wp-json\/wp\/v2\/product"}],"about":[{"href":"https:\/\/educacion.ietres.com\/ca\/wp-json\/wp\/v2\/types\/product"}],"wp:featuredmedia":[{"embeddable":true,"href":"https:\/\/educacion.ietres.com\/ca\/wp-json\/wp\/v2\/media\/13434"}],"wp:attachment":[{"href":"https:\/\/educacion.ietres.com\/ca\/wp-json\/wp\/v2\/media?parent=13417"}],"wp:term":[{"taxonomy":"product_cat","embeddable":true,"href":"https:\/\/educacion.ietres.com\/ca\/wp-json\/wp\/v2\/product_cat?post=13417"},{"taxonomy":"product_tag","embeddable":true,"href":"https:\/\/educacion.ietres.com\/ca\/wp-json\/wp\/v2\/product_tag?post=13417"}],"curies":[{"name":"wp","href":"https:\/\/api.w.org\/{rel}","templated":true}]}}