{"id":13407,"date":"2024-04-24T12:17:30","date_gmt":"2024-04-24T10:17:30","guid":{"rendered":"https:\/\/educacion.ietres.com\/?post_type=product&#038;p=13407"},"modified":"2024-07-17T17:30:49","modified_gmt":"2024-07-17T15:30:49","slug":"lenovo-chromebook-300e-gen3-edu24","status":"publish","type":"product","link":"https:\/\/educacion.ietres.com\/ca\/ref\/lenovo-chromebook-300e-gen3-edu24\/","title":{"rendered":"Lenovo Chromebook 300e Gen3 EDU24"},"content":{"rendered":"<h2>Potent i refinat. El company ideal per a l'estudiant.<\/h2>\n<h3>CARACTER\u00cdSTIQUES F\u00c0CILS D'USAR<\/h3>\n<p>El Lenovo 300e Chromebook de 3a generaci\u00f3 combina Chrome, una plataforma f\u00e0cil d'usar, amb els processadors AMD\u00ae m\u00e9s recents. La seva frontissa de sincronitzaci\u00f3 de 360 graus permet als estudiants i professors realitzar una transici\u00f3 sense problemes entre les diferents maneres d'\u00fas per a llegir, escriure, dibuixar, escriure, crear contingut i presentar-ho. El nou Wi-Fi 6 proporciona una connexi\u00f3 m\u00e9s r\u00e0pida a l'hora de realitzar desc\u00e0rregues i transmissions de v\u00eddeo, mentre que que el Bluetooth 5.1 proporciona una connexi\u00f3 m\u00e9s fiable i r\u00e0pida que els models anteriors.<\/p>\n<h3>DONA CURS A LA TEVA CREATIVITAT<\/h3>\n<p>El Lenovo 300e Chromebook de 3a generaci\u00f3 est\u00e0 replet de funcions que aconsegueixen preparar als professors i als alumnes per a l'\u00e8xit. El llapis digital opcional integrat permet que els estudiants prenguin notes en la pantalla i que els professors facin anotacions sobre el treball de classe en la pantalla. Al seu torn, la cambra posterior opcional de 5 MP fa possible que els alumnes i professors cre\u00efn i comparteixin contingut. La cambra frontal s'encarrega de mantenir a tothom connectat cara a cara.<\/p>\n<h3>APRENENTATGE PR\u00c0CTIC<\/h3>\n<p>La pantalla t\u00e0ctil HD IPS de 29,46cm (11,6 polzades) ofereix una experi\u00e8ncia t\u00e0ctil que captivar\u00e0 la imaginaci\u00f3 de tots els alumnes. Per\u00f2 ning\u00fa a l'escola haur\u00e0 de preocupar-se per les esgarrapades de les pantalles: estan fetes amb CORNING\u00ae GORILLA\u00ae GLASS, un material tremendament resistent.<\/p>\n<h3>TECNOLOGIA S\u00d2LIDA<\/h3>\n<p>Dissenyat conforme als est\u00e0ndards MIL-SPEC-810H i Lenovo EDU Spec, el Lenovo 300e Chromebook de 3a generaci\u00f3 compta amb amortidors de goma de 360 graus, ports i frontisses refor\u00e7ats, tecles mec\u00e0nicament fixades millorades i panells t\u00e0ctils a prova d'impactes per a no deixar d'aprendre ni quan el dispositiu caigui. Gr\u00e0cies als teclats resistents a esquitxades millorats (ara fins a 360ml), ni els majors vessaments de l\u00edquid suposen un problema per a aquesta m\u00e0quina.<\/p>\n<h3>UN DISSENY M\u00c9S SEGUR<\/h3>\n<p>Els dispositius i el navegador Chrome posseeixen un disseny segur, la qual cosa permet al departament de IT oferir aplicacions fiables a estudiants i professors, al mateix temps que protegeix els usuaris i els seus dispositius enfront de les amenaces. El Lenovo 300e Chromebook de 3a generaci\u00f3 tamb\u00e9 est\u00e0 equipat amb un obturador de privacitat en la cambra davantera amb el qual resulta molt f\u00e0cil bloquejar la cambra; aix\u00ed tothom tindr\u00e0 la tranquil\u00b7litat de saber que compta amb protecci\u00f3 contra els pirates inform\u00e0tics.<\/p>\n<p>* Segons els resultats de la prova de consum de bateries Google Chrome Power_LoadTest. Per rebre m\u00e9s informaci\u00f3 sobre Google Chrome Power_LoadTest, visita www.chromium.org. Els resultats de la prova nom\u00e9s s'han d'usar per comparar un producte amb un altre i no garanteix que hagis de tenir la mateixa autonomia de la bateria. L'autonomia de la bateria pot ser considerablement menor que els resultats de la prova i varia en funci\u00f3 de la configuraci\u00f3, programari, \u00fas, condicions de funcionament, ajustos de la gesti\u00f3 d'energia i altres factors del producte. L'autonomia m\u00e0xima de la bateria es redueix amb el temps i l'\u00fas.<\/p>","protected":false},"excerpt":{"rendered":"<p>AMD 3015Ce, 11.6 pulgadas, multit\u00e1ctil, , 4 GB DDR4 soldada en placa, 32 GB SSD, AMD Radeon Graphics, webcam 720p, ChromeOS<\/p>\n<p><span class=\"unidades-limitadas\">Si ho desitges, pots rebre l'equip i el carregador etiquetats de forma GRATU\u00cfTA. Nom\u00e9s cal que emplenis el camp \"Etiquetat\" amb el nom complet de l'alumne\/a<\/span><\/p>\n<p><span style=\"color: #993366;\"><strong><em>Llic\u00e8ncia de Google EDU no inclosa. Si necessita instal\u00b7lar-la, posi's en contacte amb nosaltres.<\/em><\/strong><\/span><\/p>","protected":false},"featured_media":13411,"template":"","meta":{"_uag_custom_page_level_css":"","site-sidebar-layout":"default","site-content-layout":"default","ast-global-header-display":"","ast-main-header-display":"","ast-hfb-above-header-display":"","ast-hfb-below-header-display":"","ast-hfb-mobile-header-display":"","site-post-title":"","ast-breadcrumbs-content":"","ast-featured-img":"","footer-sml-layout":"","theme-transparent-header-meta":"default","adv-header-id-meta":"","stick-header-meta":"default","header-above-stick-meta":"","header-main-stick-meta":"","header-below-stick-meta":""},"product_cat":[800,771],"product_tag":[274,801,153],"uagb_featured_image_src":{"full":["https:\/\/educacion.ietres.com\/wp-content\/uploads\/2024\/04\/Lenovo-300e-Gen3_04.jpg",800,800,false],"thumbnail":["https:\/\/educacion.ietres.com\/wp-content\/uploads\/2024\/04\/Lenovo-300e-Gen3_04-150x150.jpg",150,150,true],"medium":["https:\/\/educacion.ietres.com\/wp-content\/uploads\/2024\/04\/Lenovo-300e-Gen3_04-300x300.jpg",300,300,true],"medium_large":["https:\/\/educacion.ietres.com\/wp-content\/uploads\/2024\/04\/Lenovo-300e-Gen3_04-768x768.jpg",768,768,true],"large":["https:\/\/educacion.ietres.com\/wp-content\/uploads\/2024\/04\/Lenovo-300e-Gen3_04.jpg",800,800,false],"1536x1536":["https:\/\/educacion.ietres.com\/wp-content\/uploads\/2024\/04\/Lenovo-300e-Gen3_04.jpg",800,800,false],"2048x2048":["https:\/\/educacion.ietres.com\/wp-content\/uploads\/2024\/04\/Lenovo-300e-Gen3_04.jpg",800,800,false],"trp-custom-language-flag":["https:\/\/educacion.ietres.com\/wp-content\/uploads\/2024\/04\/Lenovo-300e-Gen3_04-12x12.jpg",12,12,true],"woocommerce_thumbnail":["https:\/\/educacion.ietres.com\/wp-content\/uploads\/2024\/04\/Lenovo-300e-Gen3_04-300x300.jpg",300,300,true],"woocommerce_single":["https:\/\/educacion.ietres.com\/wp-content\/uploads\/2024\/04\/Lenovo-300e-Gen3_04-600x600.jpg",600,600,true],"woocommerce_gallery_thumbnail":["https:\/\/educacion.ietres.com\/wp-content\/uploads\/2024\/04\/Lenovo-300e-Gen3_04-100x100.jpg",100,100,true]},"uagb_author_info":{"display_name":"Toni","author_link":"https:\/\/educacion.ietres.com\/ca\/author\/"},"uagb_comment_info":0,"uagb_excerpt":"AMD 3015Ce, 11.6 pulgadas, multit\u00e1ctil, , 4 GB DDR4 soldada en placa, 32 GB SSD, AMD Radeon Graphics, webcam 720p, ChromeOS Si lo desea, puede recibir el equipo y el cargador etiquetados de forma GRATUITA. Para ello, rellene el campo 'Etiquetado' con el nombre completo del alumno. Licencia Google EDU no incluida. Si necesita instalarla,&hellip;","_links":{"self":[{"href":"https:\/\/educacion.ietres.com\/ca\/wp-json\/wp\/v2\/product\/13407"}],"collection":[{"href":"https:\/\/educacion.ietres.com\/ca\/wp-json\/wp\/v2\/product"}],"about":[{"href":"https:\/\/educacion.ietres.com\/ca\/wp-json\/wp\/v2\/types\/product"}],"wp:featuredmedia":[{"embeddable":true,"href":"https:\/\/educacion.ietres.com\/ca\/wp-json\/wp\/v2\/media\/13411"}],"wp:attachment":[{"href":"https:\/\/educacion.ietres.com\/ca\/wp-json\/wp\/v2\/media?parent=13407"}],"wp:term":[{"taxonomy":"product_cat","embeddable":true,"href":"https:\/\/educacion.ietres.com\/ca\/wp-json\/wp\/v2\/product_cat?post=13407"},{"taxonomy":"product_tag","embeddable":true,"href":"https:\/\/educacion.ietres.com\/ca\/wp-json\/wp\/v2\/product_tag?post=13407"}],"curies":[{"name":"wp","href":"https:\/\/api.w.org\/{rel}","templated":true}]}}