{"id":13388,"date":"2024-04-23T15:45:59","date_gmt":"2024-04-23T13:45:59","guid":{"rendered":"https:\/\/educacion.ietres.com\/?post_type=product&#038;p=13388"},"modified":"2024-04-23T17:09:44","modified_gmt":"2024-04-23T15:09:44","slug":"acer-chromebook-spin-511-r752t-edu24","status":"publish","type":"product","link":"https:\/\/educacion.ietres.com\/ca\/ref\/acer-chromebook-spin-511-r752t-edu24\/","title":{"rendered":"Acer Chromebook Spin 511 | R752T EDU24"},"content":{"rendered":"<h2>Empieza a pensar m\u00e1s all\u00e1 de lo tradicional con el Acer Chromebook Spin 511 convertible<\/h2>\n<h3>CUATRO MODOS DE APRENDER<\/h3>\n<p>Gracias a sus cuatro modos de uso, c\u00e1mara frontal, procesador de vanguardia, durabilidad militar y una bater\u00eda de larga duraci\u00f3n, esta Chromebook permite a los estudiantes mantenerse atentos y listos para lograr m\u00e1s objetivos en las aulas.<\/p>\n<h3>EL MEJOR APRENDIZAJE<\/h3>\n<p>Disfruta de una mayor duraci\u00f3n de la bater\u00eda y un software m\u00e1s receptivo gracias al \u00faltimo procesador Intel\u00ae. El aumento adicional de rendimiento permite que los proyectos en las aulas funcionen sin problemas, de modo que las tareas se puedan realizar m\u00e1s r\u00e1pido.<\/p>\n<h3>DURABILITAT IMPRESSIONANT<\/h3>\n<p>El cos resistent als impactes, provat segons est\u00e0ndards militars (MIL-STD 810H), suporta tot tipus d'\u00fas i desgast diaris. El para-xocs que absorbeix l'impacte de les caigudes i el seu disseny refor\u00e7at protegeixen el dispositiu de caigudes de fins a 122 cm i fins a 60 kg de for\u00e7a descendent. Els suports eixamplats i els ports de E\/S refor\u00e7ats la protegeixen contra l'\u00fas brusc, mentre l'exclusiu disseny de drenatge del teclat protegeix els components interns de fins a 330 ml de l\u00edquid.<\/p>","protected":false},"excerpt":{"rendered":"<p>Intel Celeron, 11.6 polzades, multit\u00e0ctil, 4 GB DDR4 soldada en placa, 32 GB SSD soldat en placa, Intel\u00ae UHD Graphics, ChromeOS<\/p>\n<p><span class=\"unidades-limitadas\">Si ho desitges, pots rebre l'equip i el carregador etiquetats de forma GRATU\u00cfTA. Nom\u00e9s cal que emplenis el camp \"Etiquetat\" amb el nom complet de l'alumne\/a<\/span><\/p>\n<p><span style=\"color: #993366;\"><strong><em>Llic\u00e8ncia de Google EDU no inclosa. Si necessita instal\u00b7lar-la, posi's en contacte amb nosaltres.<\/em><\/strong><\/span><\/p>","protected":false},"featured_media":13389,"template":"","meta":{"_uag_custom_page_level_css":"","site-sidebar-layout":"default","site-content-layout":"default","ast-global-header-display":"","ast-main-header-display":"","ast-hfb-above-header-display":"","ast-hfb-below-header-display":"","ast-hfb-mobile-header-display":"","site-post-title":"","ast-breadcrumbs-content":"","ast-featured-img":"","footer-sml-layout":"","theme-transparent-header-meta":"default","adv-header-id-meta":"","stick-header-meta":"default","header-above-stick-meta":"","header-main-stick-meta":"","header-below-stick-meta":""},"product_cat":[800,771],"product_tag":[114,804,801],"uagb_featured_image_src":{"full":["https:\/\/educacion.ietres.com\/wp-content\/uploads\/2024\/04\/acer-chromebook-spin-511_01_800x800.jpg",800,800,false],"thumbnail":["https:\/\/educacion.ietres.com\/wp-content\/uploads\/2024\/04\/acer-chromebook-spin-511_01_800x800-150x150.jpg",150,150,true],"medium":["https:\/\/educacion.ietres.com\/wp-content\/uploads\/2024\/04\/acer-chromebook-spin-511_01_800x800-300x300.jpg",300,300,true],"medium_large":["https:\/\/educacion.ietres.com\/wp-content\/uploads\/2024\/04\/acer-chromebook-spin-511_01_800x800-768x768.jpg",768,768,true],"large":["https:\/\/educacion.ietres.com\/wp-content\/uploads\/2024\/04\/acer-chromebook-spin-511_01_800x800.jpg",800,800,false],"1536x1536":["https:\/\/educacion.ietres.com\/wp-content\/uploads\/2024\/04\/acer-chromebook-spin-511_01_800x800.jpg",800,800,false],"2048x2048":["https:\/\/educacion.ietres.com\/wp-content\/uploads\/2024\/04\/acer-chromebook-spin-511_01_800x800.jpg",800,800,false],"trp-custom-language-flag":["https:\/\/educacion.ietres.com\/wp-content\/uploads\/2024\/04\/acer-chromebook-spin-511_01_800x800-12x12.jpg",12,12,true],"woocommerce_thumbnail":["https:\/\/educacion.ietres.com\/wp-content\/uploads\/2024\/04\/acer-chromebook-spin-511_01_800x800-300x300.jpg",300,300,true],"woocommerce_single":["https:\/\/educacion.ietres.com\/wp-content\/uploads\/2024\/04\/acer-chromebook-spin-511_01_800x800-600x600.jpg",600,600,true],"woocommerce_gallery_thumbnail":["https:\/\/educacion.ietres.com\/wp-content\/uploads\/2024\/04\/acer-chromebook-spin-511_01_800x800-100x100.jpg",100,100,true]},"uagb_author_info":{"display_name":"Toni","author_link":"https:\/\/educacion.ietres.com\/ca\/author\/"},"uagb_comment_info":0,"uagb_excerpt":"Intel Celeron, 11.6 pulgadas, multit\u00e1ctil, 4 GB DDR4 soldada en placa, 32 GB SSD soldado en placa, Intel\u00ae UHD Graphics, ChromeOS Si lo desea, puede recibir el equipo y el cargador etiquetados de forma GRATUITA. Para ello, rellene el campo 'Etiquetado' con el nombre completo del alumno. Licencia Google EDU no incluida. Si necesita instalarla,&hellip;","_links":{"self":[{"href":"https:\/\/educacion.ietres.com\/ca\/wp-json\/wp\/v2\/product\/13388"}],"collection":[{"href":"https:\/\/educacion.ietres.com\/ca\/wp-json\/wp\/v2\/product"}],"about":[{"href":"https:\/\/educacion.ietres.com\/ca\/wp-json\/wp\/v2\/types\/product"}],"wp:featuredmedia":[{"embeddable":true,"href":"https:\/\/educacion.ietres.com\/ca\/wp-json\/wp\/v2\/media\/13389"}],"wp:attachment":[{"href":"https:\/\/educacion.ietres.com\/ca\/wp-json\/wp\/v2\/media?parent=13388"}],"wp:term":[{"taxonomy":"product_cat","embeddable":true,"href":"https:\/\/educacion.ietres.com\/ca\/wp-json\/wp\/v2\/product_cat?post=13388"},{"taxonomy":"product_tag","embeddable":true,"href":"https:\/\/educacion.ietres.com\/ca\/wp-json\/wp\/v2\/product_tag?post=13388"}],"curies":[{"name":"wp","href":"https:\/\/api.w.org\/{rel}","templated":true}]}}