{"id":13384,"date":"2024-04-23T13:39:32","date_gmt":"2024-04-23T11:39:32","guid":{"rendered":"https:\/\/educacion.ietres.com\/?post_type=product&#038;p=13384"},"modified":"2024-04-23T13:44:15","modified_gmt":"2024-04-23T11:44:15","slug":"acer-travelmate-b311-32-edu24","status":"publish","type":"product","link":"https:\/\/educacion.ietres.com\/ca\/ref\/acer-travelmate-b311-32-edu24\/","title":{"rendered":"Acer Travelmate B311-32 EDU24"},"content":{"rendered":"<h2>TravelMate B3 11: Alt rendiment educatiu<\/h2>\n<h3>RENDIMENT EFICIENT AMB COMODITAT<\/h3>\n<p>Fes les teves tasques escolars m\u00e9s r\u00e0pid que en qualsevol altre port\u00e0til resistent del mercat. El processador Intel\u00ae combina un baix consum d'energia amb un alt rendiment per a una soluci\u00f3 fiable a l'aula. Estar massa prop de la pantalla del port\u00e0til pot ser perjudicial per a la vista, i la funci\u00f3 de recordatori de dist\u00e0ncia de la pantalla d'aquest port\u00e0til per a \u00fas escolar t'avisar\u00e0 si est\u00e0s massa prop de la pantalla. Tamb\u00e9 et recordar\u00e0 que has de prendre descansos regulars del dispositiu per a disminuir l'estr\u00e8s i reduir la fatiga ocular.<\/p>\n<h3>CONNECTIVITAT ININTERROMPUDA I SOSTENIBLE<\/h3>\n<p>La tecnolog\u00eda Intel\u00ae Wi-Fi 6E y la antena inal\u00e1mbrica estrat\u00e9gicamente colocada y equipada con 2&#215;2 MU-MIMO proporcionan una conexi\u00f3n inal\u00e1mbrica uniforme y fuerte para que puedas mantenerte conectado durante las clases. Adem\u00b4\u00e1s, con materiales reciclados, embalaje sostenible, un dise\u00f1o de bajo consumo energ\u00e9tico y registro EPEAT, este port\u00e1til encarna el esp\u00edritu de nuestra iniciativa Earthion para reducir los residuos durante toda la vida \u00fatil del dispositivo.<\/p>\n<h3>DISSENY DURADOR I CERTIFICAT<\/h3>\n<p>Aquest port\u00e0til per a estudiants disposa de la certificaci\u00f3 MIL-STD-810H, dures proves que asseguren les seves resist\u00e8ncia, un teclat resistent a esquitxades, ports de E\/S refor\u00e7ats i un protector que absorbeix els impactes i protegeix de caigudes de fins a 122 cm. A m\u00e9s, el teclat compta amb tecles ancorades mec\u00e0nicament i evita l'extracci\u00f3 accidental de tecles alhora que et permet substituir tot el teclat de manera r\u00e0pida i senzilla retirant nom\u00e9s dos caragols, la qual cosa ho fa ideal per a aules atrafegades en les quals poden oc\u00f3rrer accidents.<\/p>\n<h3>ESTUDIA I DIVERTEIX-TE TOT EL DIA<\/h3>\n<p>Amb fins a 9 hores i mitja de bateria, els estudiants poden completar un dia de classes amb c\u00e0rrega de sobres. En combinaci\u00f3 amb els indicadors de Wi-Fi i de bateria de la coberta frontal, els professors poden saber r\u00e0pidament si hi ha algun problema amb solo donar un cop d'ull.<\/p>","protected":false},"excerpt":{"rendered":"<p>Intel Celeron, 11.6 polzades, 4 GB DDR4 soldada en placa, 128 GB SSD soldat en placa, Intel\u00ae UHD Graphics, W10\/W11<\/p>\n<p><span class=\"unidades-limitadas\">Si ho desitges, pots rebre l'equip i el carregador etiquetats de forma GRATU\u00cfTA. Nom\u00e9s cal que emplenis el camp \"Etiquetat\" amb el nom complet de l'alumne\/a<\/span><\/p>","protected":false},"featured_media":10326,"template":"","meta":{"_uag_custom_page_level_css":"","site-sidebar-layout":"default","site-content-layout":"default","ast-global-header-display":"","ast-main-header-display":"","ast-hfb-above-header-display":"","ast-hfb-below-header-display":"","ast-hfb-mobile-header-display":"","site-post-title":"","ast-breadcrumbs-content":"","ast-featured-img":"","footer-sml-layout":"","theme-transparent-header-meta":"default","adv-header-id-meta":"","stick-header-meta":"default","header-above-stick-meta":"","header-main-stick-meta":"","header-below-stick-meta":""},"product_cat":[800,771],"product_tag":[114,801,802],"uagb_featured_image_src":{"full":["https:\/\/educacion.ietres.com\/wp-content\/uploads\/2023\/03\/TMB311-32-01.jpg",800,800,false],"thumbnail":["https:\/\/educacion.ietres.com\/wp-content\/uploads\/2023\/03\/TMB311-32-01.jpg",150,150,false],"medium":["https:\/\/educacion.ietres.com\/wp-content\/uploads\/2023\/03\/TMB311-32-01.jpg",300,300,false],"medium_large":["https:\/\/educacion.ietres.com\/wp-content\/uploads\/2023\/03\/TMB311-32-01.jpg",768,768,false],"large":["https:\/\/educacion.ietres.com\/wp-content\/uploads\/2023\/03\/TMB311-32-01.jpg",800,800,false],"1536x1536":["https:\/\/educacion.ietres.com\/wp-content\/uploads\/2023\/03\/TMB311-32-01.jpg",800,800,false],"2048x2048":["https:\/\/educacion.ietres.com\/wp-content\/uploads\/2023\/03\/TMB311-32-01.jpg",800,800,false],"trp-custom-language-flag":["https:\/\/educacion.ietres.com\/wp-content\/uploads\/2023\/03\/TMB311-32-01.jpg",12,12,false],"woocommerce_thumbnail":["https:\/\/educacion.ietres.com\/wp-content\/uploads\/2023\/03\/TMB311-32-01.jpg",300,300,false],"woocommerce_single":["https:\/\/educacion.ietres.com\/wp-content\/uploads\/2023\/03\/TMB311-32-01.jpg",600,600,false],"woocommerce_gallery_thumbnail":["https:\/\/educacion.ietres.com\/wp-content\/uploads\/2023\/03\/TMB311-32-01.jpg",100,100,false]},"uagb_author_info":{"display_name":"Toni","author_link":"https:\/\/educacion.ietres.com\/ca\/author\/"},"uagb_comment_info":0,"uagb_excerpt":"Intel Celeron, 11.6 pulgadas, 4 GB DDR4 soldada en placa, 128 GB SSD soldado en placa, Intel\u00ae UHD Graphics, W10\/W11 Si lo desea, puede recibir el equipo y el cargador etiquetados de forma GRATUITA. Para ello, rellene el campo 'Etiquetado' con el nombre completo del alumno.","_links":{"self":[{"href":"https:\/\/educacion.ietres.com\/ca\/wp-json\/wp\/v2\/product\/13384"}],"collection":[{"href":"https:\/\/educacion.ietres.com\/ca\/wp-json\/wp\/v2\/product"}],"about":[{"href":"https:\/\/educacion.ietres.com\/ca\/wp-json\/wp\/v2\/types\/product"}],"wp:featuredmedia":[{"embeddable":true,"href":"https:\/\/educacion.ietres.com\/ca\/wp-json\/wp\/v2\/media\/10326"}],"wp:attachment":[{"href":"https:\/\/educacion.ietres.com\/ca\/wp-json\/wp\/v2\/media?parent=13384"}],"wp:term":[{"taxonomy":"product_cat","embeddable":true,"href":"https:\/\/educacion.ietres.com\/ca\/wp-json\/wp\/v2\/product_cat?post=13384"},{"taxonomy":"product_tag","embeddable":true,"href":"https:\/\/educacion.ietres.com\/ca\/wp-json\/wp\/v2\/product_tag?post=13384"}],"curies":[{"name":"wp","href":"https:\/\/api.w.org\/{rel}","templated":true}]}}