{"id":13344,"date":"2024-02-13T11:47:43","date_gmt":"2024-02-13T10:47:43","guid":{"rendered":"https:\/\/educacion.ietres.com\/?post_type=product&#038;p=13344"},"modified":"2024-02-13T12:09:57","modified_gmt":"2024-02-13T11:09:57","slug":"lenovo-chromebook-100e-gen3-luis-vives","status":"publish","type":"product","link":"https:\/\/educacion.ietres.com\/ca\/ref\/lenovo-chromebook-100e-gen3-luis-vives\/","title":{"rendered":"Lenovo Chromebook 100e Luis Vives"},"content":{"rendered":"<h2>Chromebook 100e Gen 3: millor en tots els sentits<\/h2>\n<h3>RENDIMENT EN EL QUAL ES POT CONFIAR<\/h3>\n<p>Avui dia, l'aprenentatge ocorre a tot arreu. Els estudiants necessiten un equip que pugui utilitzar-se sempre que el necessitin. El Lenovo 100e Chromebook de 3a generaci\u00f3 compta amb un processador AMD\u00ae 3015Ce que redueix els retards i ajuda al fet que els estudiants no perdin la motivaci\u00f3 en qualsevol sessi\u00f3 d'aprenentatge. Un processador AMD\u00ae 3015Ce i 4 GB de RAM es combinen en un dispositiu que \u00e9s prou potent com per a fer front a les exig\u00e8ncies de l'educaci\u00f3 i permet que els estudiants i professors continu\u00efn sent productius i aprenent cada dia.<\/p>\n<h3>RENIDEAL PER A MOURE'S<\/h3>\n<p>El Lenovo 100e Chromebook de 3a generaci\u00f3 s'ha dissenyat per a mantenir als estudiants involucrats i connectats, ja estiguin davant del professor o en el cotxe de cam\u00ed a les classes de futbol. Els seus 29,46 cm (11,6\u2033) i la seva cambra frontal HD de 720p fan que sigui m\u00e9s f\u00e0cil mantenir-se connectat amb els companys de classe mentre es continua aprenent de manera remota i ajuden els professors a mantenir la sensaci\u00f3 que s\u00f3n ells en persona els que imparteixen les classes.<\/p>\n<h3>CREAT PER A SUPORTAR COPS<\/h3>\n<p>Ara que l'aprenentatge ha abandonat els murs de l'aula, necessites un dispositiu que et permeti iniciar aquest viatge. El Lenovo 100e Chromebook de 3a generaci\u00f3 s'ha constru\u00eft per a funcionar en qualsevol entorn amb ports i frontisses refor\u00e7ats, a m\u00e9s d'amortidors de goma que poden suportar caigudes de fins a 75cm. Dissenyat per a complir amb els est\u00e0ndards MILSPEC-810H i Lenovo EDU Spec, el Lenovo 100e Chromebook de 3a generaci\u00f3 ha millorat la resist\u00e8ncia als vessaments (ara, fins a 360ml), mentre que els ports refor\u00e7ats i el rendiment millorat de les tecles mec\u00e0nicament fixades es combinen per a brindar m\u00e9s temps d'activitat i menys reparacions.<\/p>\n<h3>CONNEXIONS IMPORTANTS I SEGURETAT DE PRIMERA<\/h3>\n<p>A m\u00e9s d'una bateria que dura 10 hores amb una c\u00e0rrega*, el Lenovo 100e Chromebook 3a generaci\u00f3 t\u00e9 una varietat de ports que faciliten la connexi\u00f3, des de dispositius per a l'aula fins a pantalles externes a casa. La nova capacitat Wifi 6 i Bluetooth 5.1 garanteix la continu\u00eftat de l'aprenentatge, fins i tot fora de l'aula. Les escoles ja poden gaudir de la tranquil\u00b7litat de saber que els professors i estudiants estan protegits en l\u00ednia gr\u00e0cies a un obturador de privacitat per a la cambra de f\u00e0cil \u00fas.<\/p>\n<p>* Segons els resultats de la prova de consum de bateries Google Chrome Power_LoadTest. Per rebre m\u00e9s informaci\u00f3 sobre Google Chrome Power_LoadTest, visita www.chromium.org. Els resultats de la prova nom\u00e9s s'han d'usar per comparar un producte amb un altre i no garanteix que hagis de tenir la mateixa autonomia de la bateria. L'autonomia de la bateria pot ser considerablement menor que els resultats de la prova i varia en funci\u00f3 de la configuraci\u00f3, programari, \u00fas, condicions de funcionament, ajustos de la gesti\u00f3 d'energia i altres factors del producte. L'autonomia m\u00e0xima de la bateria es redueix amb el temps i l'\u00fas.<\/p>","protected":false},"excerpt":{"rendered":"<p>AMD 3015Ce, 11.6 polzades, 4 GB DDR4 soldada en placa, 32 GB SSD, AMD Radeon Graphics, ChromeOS<\/p>\n<p><span class=\"unidades-limitadas\">Incluye licencia Google Education y etiquetado (port\u00e1til y cargador)<\/span><\/p>","protected":false},"featured_media":10297,"template":"","meta":{"_uag_custom_page_level_css":"","site-sidebar-layout":"default","site-content-layout":"default","ast-global-header-display":"","ast-main-header-display":"","ast-hfb-above-header-display":"","ast-hfb-below-header-display":"","ast-hfb-mobile-header-display":"","site-post-title":"","ast-breadcrumbs-content":"","ast-featured-img":"","footer-sml-layout":"","theme-transparent-header-meta":"default","adv-header-id-meta":"","stick-header-meta":"default","header-above-stick-meta":"","header-main-stick-meta":"","header-below-stick-meta":""},"product_cat":[771,783],"product_tag":[799],"uagb_featured_image_src":{"full":["https:\/\/educacion.ietres.com\/wp-content\/uploads\/2023\/03\/82J70006SP_01.jpg",800,800,false],"thumbnail":["https:\/\/educacion.ietres.com\/wp-content\/uploads\/2023\/03\/82J70006SP_01-150x150.jpg",150,150,true],"medium":["https:\/\/educacion.ietres.com\/wp-content\/uploads\/2023\/03\/82J70006SP_01-300x300.jpg",300,300,true],"medium_large":["https:\/\/educacion.ietres.com\/wp-content\/uploads\/2023\/03\/82J70006SP_01-768x768.jpg",768,768,true],"large":["https:\/\/educacion.ietres.com\/wp-content\/uploads\/2023\/03\/82J70006SP_01.jpg",800,800,false],"1536x1536":["https:\/\/educacion.ietres.com\/wp-content\/uploads\/2023\/03\/82J70006SP_01.jpg",800,800,false],"2048x2048":["https:\/\/educacion.ietres.com\/wp-content\/uploads\/2023\/03\/82J70006SP_01.jpg",800,800,false],"trp-custom-language-flag":["https:\/\/educacion.ietres.com\/wp-content\/uploads\/2023\/03\/82J70006SP_01-12x12.jpg",12,12,true],"woocommerce_thumbnail":["https:\/\/educacion.ietres.com\/wp-content\/uploads\/2023\/03\/82J70006SP_01-300x300.jpg",300,300,true],"woocommerce_single":["https:\/\/educacion.ietres.com\/wp-content\/uploads\/2023\/03\/82J70006SP_01-600x600.jpg",600,600,true],"woocommerce_gallery_thumbnail":["https:\/\/educacion.ietres.com\/wp-content\/uploads\/2023\/03\/82J70006SP_01-100x100.jpg",100,100,true]},"uagb_author_info":{"display_name":"Toni","author_link":"https:\/\/educacion.ietres.com\/ca\/author\/"},"uagb_comment_info":0,"uagb_excerpt":"AMD 3015Ce, 11.6 pulgadas, 4 GB DDR4 soldada en placa, 32 GB SSD, AMD Radeon Graphics, ChromeOS Incluye licencia Google Education y etiquetado (port\u00e1til y cargador)","_links":{"self":[{"href":"https:\/\/educacion.ietres.com\/ca\/wp-json\/wp\/v2\/product\/13344"}],"collection":[{"href":"https:\/\/educacion.ietres.com\/ca\/wp-json\/wp\/v2\/product"}],"about":[{"href":"https:\/\/educacion.ietres.com\/ca\/wp-json\/wp\/v2\/types\/product"}],"wp:featuredmedia":[{"embeddable":true,"href":"https:\/\/educacion.ietres.com\/ca\/wp-json\/wp\/v2\/media\/10297"}],"wp:attachment":[{"href":"https:\/\/educacion.ietres.com\/ca\/wp-json\/wp\/v2\/media?parent=13344"}],"wp:term":[{"taxonomy":"product_cat","embeddable":true,"href":"https:\/\/educacion.ietres.com\/ca\/wp-json\/wp\/v2\/product_cat?post=13344"},{"taxonomy":"product_tag","embeddable":true,"href":"https:\/\/educacion.ietres.com\/ca\/wp-json\/wp\/v2\/product_tag?post=13344"}],"curies":[{"name":"wp","href":"https:\/\/api.w.org\/{rel}","templated":true}]}}