{"id":11140,"date":"2023-04-24T11:47:29","date_gmt":"2023-04-24T09:47:29","guid":{"rendered":"https:\/\/educacion.ietres.com\/?post_type=product&#038;p=11140"},"modified":"2023-09-06T14:16:21","modified_gmt":"2023-09-06T12:16:21","slug":"acer-veriton-x2-vx2690g-copia","status":"publish","type":"product","link":"https:\/\/educacion.ietres.com\/ca\/ref\/acer-veriton-x2-vx2690g-copia\/","title":{"rendered":"Acer Veriton X2 VX2690G (copia)"},"content":{"rendered":"<h2> Acer Veriton X2 VX2690G: Pot\u00e8ncia i configuraci\u00f3 ampliable<\/h2>\n<h3> POT\u00c8NCIA I VELOCITAT PER A L'ESCOLA<\/h3>\n<p>L'equip de sobretaula per a educaci\u00f3 Veriton V2 VX3690G de Acer compta amb un processador Intel\u00ae Core\u2122 i3 de 10a generaci\u00f3, cosa que significa que gaudir\u00e0s d'un processament m\u00e9s r\u00e0pid, una fiabilitat superior i funcions de seguretat avan\u00e7ades ideals per a l'entorn escolar. A m\u00e9s, el disc d'estat s\u00f2lid SSD M.2 2280 PCIe de 256 GB et proporciona velocitat i rendiment millorats en pr\u00e0cticament tot el que facis amb aquest equip.<\/p>\n<h3>CONFIGURACI\u00d3 AMPLIABLE<\/h3>\n<p>El Veriton V2 VX3690G compta amb suports de muntatge vers\u00e0tils sense eines per a un bon \u00fas i fins a 4 badies d'unitats per a triar l'emmagatzematge. Tamb\u00e9 t\u00e9 4 ranures RAM compatibles amb la mem\u00f2ria DDR4-2933 MHz, amb 8 GB instal\u00b7lats que es poden ampliar fins a 64 GB.<\/p>\n<h3>CONNECTIVITAT COMPLETA<\/h3>\n<p>equipo de sobremesa te ofrece una conectividad Wi-Fi 6 (802.11ax) r\u00e1pida y estable, conexi\u00f3n por cable GigaLAN y Bluetooth 5.1. Esto permitir\u00e1 una conectividad total y configurable en clase, en el claustro o en las oficinas de la escuela. Adem\u00e1s, cuenta con 8 puertos USB para conectar todos los perif\u00e9ricos que uses en tu d\u00eda a d\u00eda. En cuanto a conectividad de v\u00eddeo, dispones de puertos HDMI, DisplayPort y VGA de serie.<\/p>\n<h3>GESTI\u00d3 FIABLE I SENZILLA<\/h3>\n<p>Els equips d'IT poden gestionar de manera remota oficines repletes de dispositius Veriton amb la tecnologia integrada del Veriton V2 VX3690G, al mateix temps que obtenen una seguretat addicional amb Trusted Platform Management (TPM) 2.0 i el connector de seguretat Kensington. A m\u00e9s, l'equip ve amb un conjunt dedicat d'eines de gesti\u00f3 com Acer Office Manager i Acer Control Center per a administrar millor la teva flota d'ordinadors del teu centre educatiu. El Veriton V2 VX3690G tamb\u00e9 inclou ratol\u00ed i teclat USB per a una experi\u00e8ncia d'usuari completa.<\/p>","protected":false},"excerpt":{"rendered":"<p>Intel\u00ae Core\u2122 i3, 8 GB DDR4, 256 GB SSD, Windows\u00ae 10 Pro, inclou ratol\u00ed i teclat USB<\/p>","protected":false},"featured_media":10736,"template":"","meta":{"_uag_custom_page_level_css":"","site-sidebar-layout":"default","site-content-layout":"default","ast-global-header-display":"","ast-main-header-display":"","ast-hfb-above-header-display":"","ast-hfb-below-header-display":"","ast-hfb-mobile-header-display":"","site-post-title":"","ast-breadcrumbs-content":"","ast-featured-img":"","footer-sml-layout":"","theme-transparent-header-meta":"default","adv-header-id-meta":"","stick-header-meta":"default","header-above-stick-meta":"","header-main-stick-meta":"","header-below-stick-meta":""},"product_cat":[15],"product_tag":[],"uagb_featured_image_src":{"full":["https:\/\/educacion.ietres.com\/wp-content\/uploads\/2023\/04\/DT.VWNEB_.00Y_01.jpg",800,800,false],"thumbnail":["https:\/\/educacion.ietres.com\/wp-content\/uploads\/2023\/04\/DT.VWNEB_.00Y_01.jpg",150,150,false],"medium":["https:\/\/educacion.ietres.com\/wp-content\/uploads\/2023\/04\/DT.VWNEB_.00Y_01.jpg",300,300,false],"medium_large":["https:\/\/educacion.ietres.com\/wp-content\/uploads\/2023\/04\/DT.VWNEB_.00Y_01.jpg",768,768,false],"large":["https:\/\/educacion.ietres.com\/wp-content\/uploads\/2023\/04\/DT.VWNEB_.00Y_01.jpg",800,800,false],"1536x1536":["https:\/\/educacion.ietres.com\/wp-content\/uploads\/2023\/04\/DT.VWNEB_.00Y_01.jpg",800,800,false],"2048x2048":["https:\/\/educacion.ietres.com\/wp-content\/uploads\/2023\/04\/DT.VWNEB_.00Y_01.jpg",800,800,false],"trp-custom-language-flag":["https:\/\/educacion.ietres.com\/wp-content\/uploads\/2023\/04\/DT.VWNEB_.00Y_01.jpg",12,12,false],"woocommerce_thumbnail":["https:\/\/educacion.ietres.com\/wp-content\/uploads\/2023\/04\/DT.VWNEB_.00Y_01.jpg",300,300,false],"woocommerce_single":["https:\/\/educacion.ietres.com\/wp-content\/uploads\/2023\/04\/DT.VWNEB_.00Y_01.jpg",600,600,false],"woocommerce_gallery_thumbnail":["https:\/\/educacion.ietres.com\/wp-content\/uploads\/2023\/04\/DT.VWNEB_.00Y_01.jpg",100,100,false]},"uagb_author_info":{"display_name":"Edgar Hidalgo","author_link":"https:\/\/educacion.ietres.com\/ca\/author\/"},"uagb_comment_info":0,"uagb_excerpt":"Intel\u00ae Core\u2122 i3, 8 GB DDR4, 256 GB SSD, Windows\u00ae 10 Pro, incluye rat\u00f3n y teclado USB","_links":{"self":[{"href":"https:\/\/educacion.ietres.com\/ca\/wp-json\/wp\/v2\/product\/11140"}],"collection":[{"href":"https:\/\/educacion.ietres.com\/ca\/wp-json\/wp\/v2\/product"}],"about":[{"href":"https:\/\/educacion.ietres.com\/ca\/wp-json\/wp\/v2\/types\/product"}],"wp:featuredmedia":[{"embeddable":true,"href":"https:\/\/educacion.ietres.com\/ca\/wp-json\/wp\/v2\/media\/10736"}],"wp:attachment":[{"href":"https:\/\/educacion.ietres.com\/ca\/wp-json\/wp\/v2\/media?parent=11140"}],"wp:term":[{"taxonomy":"product_cat","embeddable":true,"href":"https:\/\/educacion.ietres.com\/ca\/wp-json\/wp\/v2\/product_cat?post=11140"},{"taxonomy":"product_tag","embeddable":true,"href":"https:\/\/educacion.ietres.com\/ca\/wp-json\/wp\/v2\/product_tag?post=11140"}],"curies":[{"name":"wp","href":"https:\/\/api.w.org\/{rel}","templated":true}]}}