{"id":10711,"date":"2023-04-13T10:50:30","date_gmt":"2023-04-13T08:50:30","guid":{"rendered":"https:\/\/educacion.ietres.com\/?post_type=product&#038;p=10711"},"modified":"2023-04-26T13:26:04","modified_gmt":"2023-04-26T11:26:04","slug":"lenovo-v50t-gen-2-13iob","status":"publish","type":"product","link":"https:\/\/educacion.ietres.com\/ca\/ref\/lenovo-v50t-gen-2-13iob\/","title":{"rendered":"Lenovo V50t Gen 2-13IOB"},"content":{"rendered":"<h2>L'ordinador d'escriptori perfecte per al mercat educatiu<\/h2>\n<h3>RENDIMENT I DISSENY PER A PRESSUPOSTOS LIMITATS<\/h3>\n<p>El PC d'escriptori Lenovo V50t 13IOB de 2a generaci\u00f3 \u00e9s la soluci\u00f3 perfecta per al mercat educatiu amb pressupostos limitats. El seu disseny elegant, equipat amb processadors Intel potents, caracter\u00edstiques de seguretat avan\u00e7ades, i tecnologia de refredament eficient, brinda el rendiment necessari perqu\u00e8 els estudiants i professors puguin realitzar totes les seves activitats di\u00e0ries amb facilitat. A m\u00e9s, compta amb nombrosos ports USB, incloent 2 ports USB 3.2 Gen 1 i 2 ports USB 3.2 Gen 2 convenientment situats en la part frontal, per a connectar els perif\u00e8rics essencials de l'educaci\u00f3.<\/p>\n<h3>MANTINGUES LA SEGURETAT EN L'ENTORN EDUCATIU<\/h3>\n<p>La seguretat \u00e9s de summa import\u00e0ncia en el m\u00f3n educatiu. Aquest ordinador Lenovo V S\u00e8ries est\u00e0 equipat amb caracter\u00edstiques de seguretat avan\u00e7ades, com l'opcional Smart CableClip que bloqueja f\u00edsicament els cables connectats a l'equip i restringeix l'acc\u00e9s no autoritzat, el Padlock Loop per a evitar manipulacions amb els components interns i una ranura per a pany Kensington que protegeix contra el robatori de dispositius. Aix\u00f2 assegura que la informaci\u00f3 i dades educatives estiguin segurs en tot moment.<\/p>\n<h3>LA SOLUCI\u00d3 EDUCATIVA RENDIBLE<\/h3>\n<p>Els equips de la s\u00e8rie V de Lenovo ofereixen una excepcional relaci\u00f3 qualitat-preu i estan disponibles en una varietat de grand\u00e0ries i configuracions de rendiment per a satisfer les diverses necessitats educatives. Ja sigui per a l'aula o per a l'oficina administrativa, les computadores d'escriptori Lenovo V S\u00e8ries s\u00f3n la soluci\u00f3 perfecta per a les necessitats del mercat educatiu. A m\u00e9s, \u00e9s energ\u00e8ticament eficient i compta amb certificacions opcionals EPEAT Silver i EnergyStar 8.0, la qual cosa ajuda a reduir els costos d'energia i a protegir el medi ambient.<\/p>","protected":false},"excerpt":{"rendered":"<p>Intel\u00ae Core\u2122 i3, 8 GB DDR4-2666, 256 GB SSD, Sense sistema operatiu, inclou ratol\u00ed i teclat<\/p>","protected":false},"featured_media":10748,"template":"","meta":{"_uag_custom_page_level_css":"","site-sidebar-layout":"default","site-content-layout":"default","ast-global-header-display":"","ast-main-header-display":"","ast-hfb-above-header-display":"","ast-hfb-below-header-display":"","ast-hfb-mobile-header-display":"","site-post-title":"","ast-breadcrumbs-content":"","ast-featured-img":"","footer-sml-layout":"","theme-transparent-header-meta":"default","adv-header-id-meta":"","stick-header-meta":"default","header-above-stick-meta":"","header-main-stick-meta":"","header-below-stick-meta":""},"product_cat":[338,340],"product_tag":[],"uagb_featured_image_src":{"full":["https:\/\/educacion.ietres.com\/wp-content\/uploads\/2023\/04\/11QE0019SP_01.jpg",800,800,false],"thumbnail":["https:\/\/educacion.ietres.com\/wp-content\/uploads\/2023\/04\/11QE0019SP_01-150x150.jpg",150,150,true],"medium":["https:\/\/educacion.ietres.com\/wp-content\/uploads\/2023\/04\/11QE0019SP_01-300x300.jpg",300,300,true],"medium_large":["https:\/\/educacion.ietres.com\/wp-content\/uploads\/2023\/04\/11QE0019SP_01-768x768.jpg",768,768,true],"large":["https:\/\/educacion.ietres.com\/wp-content\/uploads\/2023\/04\/11QE0019SP_01.jpg",800,800,false],"1536x1536":["https:\/\/educacion.ietres.com\/wp-content\/uploads\/2023\/04\/11QE0019SP_01.jpg",800,800,false],"2048x2048":["https:\/\/educacion.ietres.com\/wp-content\/uploads\/2023\/04\/11QE0019SP_01.jpg",800,800,false],"trp-custom-language-flag":["https:\/\/educacion.ietres.com\/wp-content\/uploads\/2023\/04\/11QE0019SP_01-12x12.jpg",12,12,true],"woocommerce_thumbnail":["https:\/\/educacion.ietres.com\/wp-content\/uploads\/2023\/04\/11QE0019SP_01-300x300.jpg",300,300,true],"woocommerce_single":["https:\/\/educacion.ietres.com\/wp-content\/uploads\/2023\/04\/11QE0019SP_01-600x600.jpg",600,600,true],"woocommerce_gallery_thumbnail":["https:\/\/educacion.ietres.com\/wp-content\/uploads\/2023\/04\/11QE0019SP_01-100x100.jpg",100,100,true]},"uagb_author_info":{"display_name":"Edgar Hidalgo","author_link":"https:\/\/educacion.ietres.com\/ca\/author\/"},"uagb_comment_info":0,"uagb_excerpt":"Intel\u00ae Core\u2122 i3, 8 GB DDR4-2666, 256 GB SSD, Sin sistema operativo, incluye rat\u00f3n y teclado USB","_links":{"self":[{"href":"https:\/\/educacion.ietres.com\/ca\/wp-json\/wp\/v2\/product\/10711"}],"collection":[{"href":"https:\/\/educacion.ietres.com\/ca\/wp-json\/wp\/v2\/product"}],"about":[{"href":"https:\/\/educacion.ietres.com\/ca\/wp-json\/wp\/v2\/types\/product"}],"wp:featuredmedia":[{"embeddable":true,"href":"https:\/\/educacion.ietres.com\/ca\/wp-json\/wp\/v2\/media\/10748"}],"wp:attachment":[{"href":"https:\/\/educacion.ietres.com\/ca\/wp-json\/wp\/v2\/media?parent=10711"}],"wp:term":[{"taxonomy":"product_cat","embeddable":true,"href":"https:\/\/educacion.ietres.com\/ca\/wp-json\/wp\/v2\/product_cat?post=10711"},{"taxonomy":"product_tag","embeddable":true,"href":"https:\/\/educacion.ietres.com\/ca\/wp-json\/wp\/v2\/product_tag?post=10711"}],"curies":[{"name":"wp","href":"https:\/\/api.w.org\/{rel}","templated":true}]}}