{"id":10709,"date":"2023-04-13T10:49:21","date_gmt":"2023-04-13T08:49:21","guid":{"rendered":"https:\/\/educacion.ietres.com\/?post_type=product&#038;p=10709"},"modified":"2023-04-26T13:26:10","modified_gmt":"2023-04-26T11:26:10","slug":"lenovo-v55t-gen-2-13acn","status":"publish","type":"product","link":"https:\/\/educacion.ietres.com\/ca\/ref\/lenovo-v55t-gen-2-13acn\/","title":{"rendered":"Lenovo V55t Gen 2-13ACN"},"content":{"rendered":"<h2>Lenovo V55t Gen 2-13ACN: Una soluci\u00f3 educativa potent i eficient<\/h2>\n<h3>DISSENY PROFESSIONAL PER A L'ENTORN EDUCATIU<\/h3>\n<p>El PC d'escriptori Lenovo V55t 13ACN de 2a generaci\u00f3 \u00e9s ideal per a actualitzar dispositius antics o satisfer les necessitats d'un equip de treball en expansi\u00f3 en centres educatius. Darrere del modern i professional disseny, aquesta computadora d'escriptori ha estat constru\u00efda per a l'entorn educatiu actual, en el qual la productivitat en les oficines i aules i l'\u00fas d'aplicacions basades en el n\u00favol s\u00f3n fonamentals. Amb les \u00faltimes tecnologies d'emmagatzematge, processador AMD Ryzen 7, una eina d'autoajuda i nombrosos ports USB per a connectar perif\u00e8rics d'oficina i carregar dispositius m\u00f2bils, tot funciona de manera m\u00e9s r\u00e0pida i f\u00e0cil.<\/p>\n<h3>MANTINGUES LES TEVES DADES SEGURES EN TOT MOMENT<\/h3>\n<p>La seguretat \u00e9s essencial per al mercat educatiu i aquesta computadora d'escriptori el t\u00e9 en compte. Amb opcions de xifratge a nivell de xip gr\u00e0cies al Microprogramari Trusted Platform Moduli (fTPM), i caracter\u00edstiques de seguretat f\u00edsiques com la ranura Kensington\u2122 Lock, el Padlock Loop i el Smart Cable Clip per a evitar robatoris, la informaci\u00f3 i dades educatives estaran segurs en tot moment. A m\u00e9s, la interf\u00edcie millorada del BIOS amb indicacions amigables i opcions gr\u00e0fiques fa que la configuraci\u00f3 sigui molt f\u00e0cil.<\/p>\n<h3>CONNECTA'T AMB FACILITAT I EFICI\u00c8NCIA<\/h3>\n<p>Amb el PC d'escriptori Lenovo V55t 13ACN de 2a generaci\u00f3, cap usuari es quedar\u00e0 sense ports USB; hi ha un total de 8, amb 4 en la part frontal, incloent 2 ports d'alta velocitat per a transfer\u00e8ncia de dades m\u00e9s r\u00e0pida. A m\u00e9s, \u00e9s energ\u00e8ticament eficient i compta amb certificacions opcionals EPEAT Silver i Energy Star 8.0, la qual cosa ajuda a reduir els costos d'energia i a protegir el medi ambient.<\/p>\n<h3>ACONSEGUEIX UN EQUIP PODER\u00d3S I RENDIBLE<\/h3>\n<p>Els equips de la s\u00e8rie V de Lenovo ofereixen una excepcional relaci\u00f3 qualitat-preu i estan disponibles en una varietat de grand\u00e0ries i configuracions de rendiment per a satisfer les diverses necessitats educatives. Ja sigui per a l'aula o per a l'oficina administrativa, les computadores d'escriptori Lenovo V S\u00e8ries s\u00f3n la soluci\u00f3 perfecta per a les necessitats del mercat educatiu. A m\u00e9s, aquesta computadora d'escriptori \u00e9s energ\u00e8ticament eficient i compta amb certificacions opcionals EPEAT Silver i EnergyStar 8.0, la qual cosa ajuda a reduir els costos d'energia i a protegir el medi ambient.<\/p>","protected":false},"excerpt":{"rendered":"<p>AMD Ryzen\u2122 3, 8 GB DDR4-3200, 256 GB SSD, Windows\u00ae 11 Pro, inclou ratol\u00ed i teclat USB<\/p>","protected":false},"featured_media":10745,"template":"","meta":{"_uag_custom_page_level_css":"","site-sidebar-layout":"default","site-content-layout":"default","ast-global-header-display":"","ast-main-header-display":"","ast-hfb-above-header-display":"","ast-hfb-below-header-display":"","ast-hfb-mobile-header-display":"","site-post-title":"","ast-breadcrumbs-content":"","ast-featured-img":"","footer-sml-layout":"","theme-transparent-header-meta":"default","adv-header-id-meta":"","stick-header-meta":"default","header-above-stick-meta":"","header-main-stick-meta":"","header-below-stick-meta":""},"product_cat":[338,340],"product_tag":[],"uagb_featured_image_src":{"full":["https:\/\/educacion.ietres.com\/wp-content\/uploads\/2023\/04\/11RR0037SP_02.jpg",800,800,false],"thumbnail":["https:\/\/educacion.ietres.com\/wp-content\/uploads\/2023\/04\/11RR0037SP_02-150x150.jpg",150,150,true],"medium":["https:\/\/educacion.ietres.com\/wp-content\/uploads\/2023\/04\/11RR0037SP_02-300x300.jpg",300,300,true],"medium_large":["https:\/\/educacion.ietres.com\/wp-content\/uploads\/2023\/04\/11RR0037SP_02-768x768.jpg",768,768,true],"large":["https:\/\/educacion.ietres.com\/wp-content\/uploads\/2023\/04\/11RR0037SP_02.jpg",800,800,false],"1536x1536":["https:\/\/educacion.ietres.com\/wp-content\/uploads\/2023\/04\/11RR0037SP_02.jpg",800,800,false],"2048x2048":["https:\/\/educacion.ietres.com\/wp-content\/uploads\/2023\/04\/11RR0037SP_02.jpg",800,800,false],"trp-custom-language-flag":["https:\/\/educacion.ietres.com\/wp-content\/uploads\/2023\/04\/11RR0037SP_02-12x12.jpg",12,12,true],"woocommerce_thumbnail":["https:\/\/educacion.ietres.com\/wp-content\/uploads\/2023\/04\/11RR0037SP_02-300x300.jpg",300,300,true],"woocommerce_single":["https:\/\/educacion.ietres.com\/wp-content\/uploads\/2023\/04\/11RR0037SP_02-600x600.jpg",600,600,true],"woocommerce_gallery_thumbnail":["https:\/\/educacion.ietres.com\/wp-content\/uploads\/2023\/04\/11RR0037SP_02-100x100.jpg",100,100,true]},"uagb_author_info":{"display_name":"Edgar Hidalgo","author_link":"https:\/\/educacion.ietres.com\/ca\/author\/"},"uagb_comment_info":0,"uagb_excerpt":"AMD Ryzen\u2122 3, 8 GB DDR4-3200, 256 GB SSD, Windows\u00ae 11 Pro, incluye rat\u00f3n y teclado USB","_links":{"self":[{"href":"https:\/\/educacion.ietres.com\/ca\/wp-json\/wp\/v2\/product\/10709"}],"collection":[{"href":"https:\/\/educacion.ietres.com\/ca\/wp-json\/wp\/v2\/product"}],"about":[{"href":"https:\/\/educacion.ietres.com\/ca\/wp-json\/wp\/v2\/types\/product"}],"wp:featuredmedia":[{"embeddable":true,"href":"https:\/\/educacion.ietres.com\/ca\/wp-json\/wp\/v2\/media\/10745"}],"wp:attachment":[{"href":"https:\/\/educacion.ietres.com\/ca\/wp-json\/wp\/v2\/media?parent=10709"}],"wp:term":[{"taxonomy":"product_cat","embeddable":true,"href":"https:\/\/educacion.ietres.com\/ca\/wp-json\/wp\/v2\/product_cat?post=10709"},{"taxonomy":"product_tag","embeddable":true,"href":"https:\/\/educacion.ietres.com\/ca\/wp-json\/wp\/v2\/product_tag?post=10709"}],"curies":[{"name":"wp","href":"https:\/\/api.w.org\/{rel}","templated":true}]}}