{"id":10706,"date":"2023-04-13T10:29:07","date_gmt":"2023-04-13T08:29:07","guid":{"rendered":"https:\/\/educacion.ietres.com\/?post_type=product&#038;p=10706"},"modified":"2023-04-26T13:26:22","modified_gmt":"2023-04-26T11:26:22","slug":"lenovo-c24-20","status":"publish","type":"product","link":"https:\/\/educacion.ietres.com\/ca\/ref\/lenovo-c24-20\/","title":{"rendered":"Lenovo C24-20"},"content":{"rendered":"<h2>Lenovo C24: El monitor que potencia la productivitat a l'escola<\/h2>\n<h3>LA MILLOR TECNOLOGIA PER A L'EDUCACI\u00d3<\/h3>\n<p>El Lenovo C24-20 \u00e9s la soluci\u00f3 que busques per a millorar la teva productivitat. Aquest monitor compta amb una pantalla VA de 23,8 polzades i un ampli angle de visi\u00f3 de 178\u00b0\/178\u00b0 perqu\u00e8 tots tinguin una vista de qualitat sense importar quants col\u00b7legues estiguin enfront de la pantalla o des de quin angle decideixis mirar. La tecnologia AMD FreeSync elimina per complet el tearing de la imatge i no hi ha ghosting gr\u00e0cies al temps de resposta de 4ms del monitor.<\/p>\n<h3>PRODUCTIVITAT IL\u00b7LIMITADA<\/h3>\n<p>El seu format NearEdgeless de 3 costats ultrafins elimina les vores que distreuen de la imatge i fa que es puguin combinar diverses pantalles amb una sensaci\u00f3 de continu\u00eftat excel\u00b7lent. La resoluci\u00f3 FHD de 1920 x 1080 mant\u00e9 els p\u00edxels n\u00edtids i les imatges perfectes, fins i tot per a la lletra petita o els fulls de c\u00e0lcul min\u00fasculs, permetent-te treballar amb facilitat.<\/p>\n<h3>VISUALITZACI\u00d3 SENSE DISTRACCIONS<\/h3>\n<p>La certificaci\u00f3 de llum blava baixa de T\u00dcV Rheinland s'ha demostrat que et permet veure amb major comoditat, sense importar quant temps passis assegut processant dades. Aix\u00f2 \u00e9s important per a protegir la vista dels alumnes i el cos docent. I amb el seu suport d'inclinaci\u00f3 ajustable, muntatge VESA de 100\u00d7100 mm i suport per al PC Lenovo TINY, sempre est\u00e0 en la posici\u00f3 perfecta per a potenciar la teva productivitat.<\/p>\n<h3>CONNECTIVITAT \u00d2PTIMA. M\u00cdNIM DESORDRE<\/h3>\n<p>Els canals de gesti\u00f3 de cables integrats del monitor passen els cables a trav\u00e9s del suport mateix, mantenint l'espai de treball lliure per a una millor productivitat en les classes o en les oficina. La connectivitat universal a trav\u00e9s de HDMI i fins i tot VGA et permet connectar f\u00e0cilment a PC i pr\u00e0cticament tots els teus dispositius. A m\u00e9s, l'\u00c0udio Out a trav\u00e9s de HDMI et brinda un senyal d'\u00e0udio de qualitat als teus auriculars.<\/p>","protected":false},"excerpt":{"rendered":"<p>Monitor VA WLED mate, 23.8&#8243;, 1920&#215;1080 Full HD, 16:9, 75Hz, VGA, HDMI 1.4<\/p>","protected":false},"featured_media":10724,"template":"","meta":{"_uag_custom_page_level_css":"","site-sidebar-layout":"default","site-content-layout":"default","ast-global-header-display":"","ast-main-header-display":"","ast-hfb-above-header-display":"","ast-hfb-below-header-display":"","ast-hfb-mobile-header-display":"","site-post-title":"","ast-breadcrumbs-content":"","ast-featured-img":"","footer-sml-layout":"","theme-transparent-header-meta":"default","adv-header-id-meta":"","stick-header-meta":"default","header-above-stick-meta":"","header-main-stick-meta":"","header-below-stick-meta":""},"product_cat":[338,341],"product_tag":[],"uagb_featured_image_src":{"full":["https:\/\/educacion.ietres.com\/wp-content\/uploads\/2023\/04\/62A8KAT1EU_01.jpg",800,800,false],"thumbnail":["https:\/\/educacion.ietres.com\/wp-content\/uploads\/2023\/04\/62A8KAT1EU_01-150x150.jpg",150,150,true],"medium":["https:\/\/educacion.ietres.com\/wp-content\/uploads\/2023\/04\/62A8KAT1EU_01-300x300.jpg",300,300,true],"medium_large":["https:\/\/educacion.ietres.com\/wp-content\/uploads\/2023\/04\/62A8KAT1EU_01-768x768.jpg",768,768,true],"large":["https:\/\/educacion.ietres.com\/wp-content\/uploads\/2023\/04\/62A8KAT1EU_01.jpg",800,800,false],"1536x1536":["https:\/\/educacion.ietres.com\/wp-content\/uploads\/2023\/04\/62A8KAT1EU_01.jpg",800,800,false],"2048x2048":["https:\/\/educacion.ietres.com\/wp-content\/uploads\/2023\/04\/62A8KAT1EU_01.jpg",800,800,false],"trp-custom-language-flag":["https:\/\/educacion.ietres.com\/wp-content\/uploads\/2023\/04\/62A8KAT1EU_01-12x12.jpg",12,12,true],"woocommerce_thumbnail":["https:\/\/educacion.ietres.com\/wp-content\/uploads\/2023\/04\/62A8KAT1EU_01-300x300.jpg",300,300,true],"woocommerce_single":["https:\/\/educacion.ietres.com\/wp-content\/uploads\/2023\/04\/62A8KAT1EU_01-600x600.jpg",600,600,true],"woocommerce_gallery_thumbnail":["https:\/\/educacion.ietres.com\/wp-content\/uploads\/2023\/04\/62A8KAT1EU_01-100x100.jpg",100,100,true]},"uagb_author_info":{"display_name":"Edgar Hidalgo","author_link":"https:\/\/educacion.ietres.com\/ca\/author\/"},"uagb_comment_info":0,"uagb_excerpt":"Monitor VA WLED mate, 23.8\", 1920x1080 Full HD, 16:9, 75Hz, VGA, HDMI 1.4","_links":{"self":[{"href":"https:\/\/educacion.ietres.com\/ca\/wp-json\/wp\/v2\/product\/10706"}],"collection":[{"href":"https:\/\/educacion.ietres.com\/ca\/wp-json\/wp\/v2\/product"}],"about":[{"href":"https:\/\/educacion.ietres.com\/ca\/wp-json\/wp\/v2\/types\/product"}],"wp:featuredmedia":[{"embeddable":true,"href":"https:\/\/educacion.ietres.com\/ca\/wp-json\/wp\/v2\/media\/10724"}],"wp:attachment":[{"href":"https:\/\/educacion.ietres.com\/ca\/wp-json\/wp\/v2\/media?parent=10706"}],"wp:term":[{"taxonomy":"product_cat","embeddable":true,"href":"https:\/\/educacion.ietres.com\/ca\/wp-json\/wp\/v2\/product_cat?post=10706"},{"taxonomy":"product_tag","embeddable":true,"href":"https:\/\/educacion.ietres.com\/ca\/wp-json\/wp\/v2\/product_tag?post=10706"}],"curies":[{"name":"wp","href":"https:\/\/api.w.org\/{rel}","templated":true}]}}