{"id":10702,"date":"2023-04-12T17:42:42","date_gmt":"2023-04-12T15:42:42","guid":{"rendered":"https:\/\/educacion.ietres.com\/?post_type=product&#038;p=10702"},"modified":"2023-04-26T15:58:52","modified_gmt":"2023-04-26T13:58:52","slug":"lenovo-tab-m10-hd-gen2","status":"publish","type":"product","link":"https:\/\/educacion.ietres.com\/ca\/ref\/lenovo-tab-m10-hd-gen2\/","title":{"rendered":"Lenovo Tab M10 HD Gen2"},"content":{"rendered":"<h2>Lenovo Tab M10 HD, la tauleta ideal per a estudiar i divertir-se<\/h2>\n<h3>DISSENY ELEGANT I ROBUST<\/h3>\n<p>La Lenovo Tab M10 HD de 2.a generaci\u00f3 compta amb una coberta de metall completa, fina i resistent per a l'\u00fas escolar, i la relaci\u00f3 de pantalla \u00e9s del 85%. \u00c9s una tauleta elegant per\u00f2 duradora que tothom voldr\u00e0 usar. Una c\u00e0mera posterior amb enfocament autom\u00e0tic de 8 MP i una c\u00e0mera frontal d'enfocament complet de 5 MP et permetran capturar els teus moments favorits amb una qualitat n\u00edtida. Tamb\u00e9 compta amb un so millorat gr\u00e0cies als altaveus duals sintonitzats mitjan\u00e7ant Dolby Atmos\u00ae.<\/p>\n<h3>LA POT\u00c8NCIA AMABLE AMB LA TEVA VISTA<\/h3>\n<p>La Tab M10 HD de 2.a generaci\u00f3 compta amb la certificaci\u00f3 T\u00dcV Rheinland\u00ae de protecci\u00f3 ocular. Aix\u00f2 significa s'ha dissenyat acuradament per a disminuir la llum blava nociva i reduir la fatiga ocular mentre estudies en classe o et diverteixes a casa. Els processadors de 8 nuclis amb una freq\u00fc\u00e8ncia principal de 2,3 GHz i un Wifi s\u00faper r\u00e0pid li donen a la Tab M10 HD de 2.a generaci\u00f3 la pot\u00e8ncia i la velocitat perqu\u00e8 aprenguis i t'entretinguis sense interrupcions. <\/p>\n<h3>UN ESPAI DIVERTIT PER ALS NENS<\/h3>\n<p>Google Kids Space, preinstal\u00b7lat en les tauletes Lenovo, ajuda als nens a descobrir, crear i cr\u00e9ixer amb una biblioteca de contingut de qualitat i idees per a explorar les seves fascinacions de maneres noves i atractives. Pots guiar la seva experi\u00e8ncia des del teu propi dispositiu utilitzant els controls parentals de l'aplicaci\u00f3 Family Link per a administrar el contingut disponible, establir l\u00edmits de temps de pantalla, etc.<\/p>\n<h3>TOT EL CAT\u00c0LEG DE GOOGLE PLAY PER A TU<\/h3>\n<p>Hi ha una aplicaci\u00f3 per a tu, tant si t'agrada la fotografia o simplement posar-te al dia amb els teus amics. Tria entre milions d'aplicacions en Google Play. Google Play Protect mant\u00e9 el teu dispositiu net i les teves dades segures. Amb m\u00e9s de 100 mil milions d'aplicacions analitzades di\u00e0riament, fins i tot les que encara no has instal\u00b7lat, per a ajudar a mantenir les teves dades segures de qualsevol aplicaci\u00f3 maliciosa.<\/p>","protected":false},"excerpt":{"rendered":"<p>MediaTek Heli P22T (octa core; 2.3 GHz), 2\/3 GB LPDDR4x (a triar), 32 GB eMMC, Android\u2122 10<\/p>","protected":false},"featured_media":10719,"template":"","meta":{"_uag_custom_page_level_css":"","site-sidebar-layout":"default","site-content-layout":"default","ast-global-header-display":"","ast-main-header-display":"","ast-hfb-above-header-display":"","ast-hfb-below-header-display":"","ast-hfb-mobile-header-display":"","site-post-title":"","ast-breadcrumbs-content":"","ast-featured-img":"","footer-sml-layout":"","theme-transparent-header-meta":"default","adv-header-id-meta":"","stick-header-meta":"default","header-above-stick-meta":"","header-main-stick-meta":"","header-below-stick-meta":""},"product_cat":[338,342],"product_tag":[],"uagb_featured_image_src":{"full":["https:\/\/educacion.ietres.com\/wp-content\/uploads\/2023\/04\/ZA6W0215ES_01.jpg",800,800,false],"thumbnail":["https:\/\/educacion.ietres.com\/wp-content\/uploads\/2023\/04\/ZA6W0215ES_01-150x150.jpg",150,150,true],"medium":["https:\/\/educacion.ietres.com\/wp-content\/uploads\/2023\/04\/ZA6W0215ES_01-300x300.jpg",300,300,true],"medium_large":["https:\/\/educacion.ietres.com\/wp-content\/uploads\/2023\/04\/ZA6W0215ES_01-768x768.jpg",768,768,true],"large":["https:\/\/educacion.ietres.com\/wp-content\/uploads\/2023\/04\/ZA6W0215ES_01.jpg",800,800,false],"1536x1536":["https:\/\/educacion.ietres.com\/wp-content\/uploads\/2023\/04\/ZA6W0215ES_01.jpg",800,800,false],"2048x2048":["https:\/\/educacion.ietres.com\/wp-content\/uploads\/2023\/04\/ZA6W0215ES_01.jpg",800,800,false],"trp-custom-language-flag":["https:\/\/educacion.ietres.com\/wp-content\/uploads\/2023\/04\/ZA6W0215ES_01-12x12.jpg",12,12,true],"woocommerce_thumbnail":["https:\/\/educacion.ietres.com\/wp-content\/uploads\/2023\/04\/ZA6W0215ES_01-300x300.jpg",300,300,true],"woocommerce_single":["https:\/\/educacion.ietres.com\/wp-content\/uploads\/2023\/04\/ZA6W0215ES_01-600x600.jpg",600,600,true],"woocommerce_gallery_thumbnail":["https:\/\/educacion.ietres.com\/wp-content\/uploads\/2023\/04\/ZA6W0215ES_01-100x100.jpg",100,100,true]},"uagb_author_info":{"display_name":"Edgar Hidalgo","author_link":"https:\/\/educacion.ietres.com\/ca\/author\/"},"uagb_comment_info":0,"uagb_excerpt":"MediaTek Helio P22T (octa core; 2.3 GHz), 2\/3 GB LPDDR4x (a elegir), 32 GB eMMC, Android\u2122 10","_links":{"self":[{"href":"https:\/\/educacion.ietres.com\/ca\/wp-json\/wp\/v2\/product\/10702"}],"collection":[{"href":"https:\/\/educacion.ietres.com\/ca\/wp-json\/wp\/v2\/product"}],"about":[{"href":"https:\/\/educacion.ietres.com\/ca\/wp-json\/wp\/v2\/types\/product"}],"wp:featuredmedia":[{"embeddable":true,"href":"https:\/\/educacion.ietres.com\/ca\/wp-json\/wp\/v2\/media\/10719"}],"wp:attachment":[{"href":"https:\/\/educacion.ietres.com\/ca\/wp-json\/wp\/v2\/media?parent=10702"}],"wp:term":[{"taxonomy":"product_cat","embeddable":true,"href":"https:\/\/educacion.ietres.com\/ca\/wp-json\/wp\/v2\/product_cat?post=10702"},{"taxonomy":"product_tag","embeddable":true,"href":"https:\/\/educacion.ietres.com\/ca\/wp-json\/wp\/v2\/product_tag?post=10702"}],"curies":[{"name":"wp","href":"https:\/\/api.w.org\/{rel}","templated":true}]}}