{"id":10699,"date":"2023-04-12T17:36:47","date_gmt":"2023-04-12T15:36:47","guid":{"rendered":"https:\/\/educacion.ietres.com\/?post_type=product&#038;p=10699"},"modified":"2023-04-26T13:26:35","modified_gmt":"2023-04-26T11:26:35","slug":"lenovo-tab-m10-gen3","status":"publish","type":"product","link":"https:\/\/educacion.ietres.com\/ca\/ref\/lenovo-tab-m10-gen3\/","title":{"rendered":"Lenovo Tab M10 Gen3"},"content":{"rendered":"<h2>Entreteniment i aprenentatge per a tota la fam\u00edlia<\/h2>\n<h3>VEU M\u00c9S. SENT M\u00c9S<\/h3>\n<p>Amb la Lenovo Tab M10 Gen 3, gaudeix del millor v\u00eddeo amb una pantalla FHD de 10.1\u2033, que mostra colors vius i precisos, juntament amb dos altaveus amb un so immersiu amb Dolby Atmos\u00ae. Aquesta combinaci\u00f3 fa que la Tab M10 de 3a generaci\u00f3 sigui una excel\u00b7lent opci\u00f3 per a les sessions d'aprenentatge a l'escola i diversi\u00f3 a casa.<\/p>\n<h3>COMODITAT A L'\u00daLTIMA<\/h3>\n<p>Apr\u00e8n i juga durant hores sense for\u00e7ar la vista. La Tab M10 de 3a generaci\u00f3 t\u00e9 la certificaci\u00f3 T\u00dcV Rheinland Low Blue Light. Emet nivells molt redu\u00efts de llum blava nociva perqu\u00e8 puguis gaudir del teu dispositiu durant m\u00e9s temps. Sempre tindr\u00e0s les \u00faltimes funcions del sistema operatiu Android\u2122 amb la Tab M10 de 3a generaci\u00f3. Ve amb Android\u2122 11, ja llest per a usar. Gaudir\u00e0s de tres anys de seguretat i altres actualitzacions.<\/p>\n<h3>POT\u00c8NCIA QUE DURA TOT EL DIA<\/h3>\n<p>Fes diverses tasques durant hores i gaudeix de les teves aplicacions i jocs favorits en la Tab M10 de 3a generaci\u00f3. Tens un processador velo\u00e7 de vuit nuclis, fins a 4 GB de RAM i una \u00e0mplia bateria amb autonomia suficient per a tot un dia de classes. T\u00e9 un aspecte modern i depurat que la fa destacar, i a tu tamb\u00e9. \u00c9s port\u00e0til i lleugera, amb un pes de nom\u00e9s 460 g. El resistent xass\u00eds d'alumini ve en un atractiu Storm Ramat en dos tons.<\/p>\n<h3>UN ESPAI DIVERTIT PER ALS NENS<\/h3>\n<p>Google Kids Space, preinstal\u00b7lat en les tauletes Lenovo, ajuda als nens a descobrir, crear i cr\u00e9ixer amb una biblioteca de contingut de qualitat i idees per a explorar les seves fascinacions de maneres noves i atractives. Pots guiar la seva experi\u00e8ncia des del teu propi dispositiu utilitzant els controls parentals de l'aplicaci\u00f3 Family Link per a administrar el contingut disponible, establir l\u00edmits de temps de pantalla, etc.<\/p>\n<h3>TOT EL CAT\u00c0LEG DE GOOGLE PLAY PER A TU<\/h3>\n<p>T'agrada la fotografia? I l'astronomia? Cerques noves maneres d'estar al dia amb els teus amics? Google Play t\u00e9 aplicacions per a tot aix\u00f2 i molt m\u00e9s. Aix\u00ed mateix, Google Play Protect mant\u00e9 el dispositiu net i les dades segures. Totes les aplicacions de Google Play s\u00f3n analitzades di\u00e0riament, per a protegir les teves dades contra qualsevol aplicaci\u00f3 maliciosa.<\/p>","protected":false},"excerpt":{"rendered":"<p>Unisoc T610 (octa core; 1.8 GHz), 4 GB LPDDR4x, 64 GB eMMC, Android\u2122 11<\/p>","protected":false},"featured_media":10715,"template":"","meta":{"_uag_custom_page_level_css":"","site-sidebar-layout":"default","site-content-layout":"default","ast-global-header-display":"","ast-main-header-display":"","ast-hfb-above-header-display":"","ast-hfb-below-header-display":"","ast-hfb-mobile-header-display":"","site-post-title":"","ast-breadcrumbs-content":"","ast-featured-img":"","footer-sml-layout":"","theme-transparent-header-meta":"default","adv-header-id-meta":"","stick-header-meta":"default","header-above-stick-meta":"","header-main-stick-meta":"","header-below-stick-meta":""},"product_cat":[338,342],"product_tag":[],"uagb_featured_image_src":{"full":["https:\/\/educacion.ietres.com\/wp-content\/uploads\/2023\/04\/ZAAE0000SE_01.jpg",800,800,false],"thumbnail":["https:\/\/educacion.ietres.com\/wp-content\/uploads\/2023\/04\/ZAAE0000SE_01-150x150.jpg",150,150,true],"medium":["https:\/\/educacion.ietres.com\/wp-content\/uploads\/2023\/04\/ZAAE0000SE_01-300x300.jpg",300,300,true],"medium_large":["https:\/\/educacion.ietres.com\/wp-content\/uploads\/2023\/04\/ZAAE0000SE_01-768x768.jpg",768,768,true],"large":["https:\/\/educacion.ietres.com\/wp-content\/uploads\/2023\/04\/ZAAE0000SE_01.jpg",800,800,false],"1536x1536":["https:\/\/educacion.ietres.com\/wp-content\/uploads\/2023\/04\/ZAAE0000SE_01.jpg",800,800,false],"2048x2048":["https:\/\/educacion.ietres.com\/wp-content\/uploads\/2023\/04\/ZAAE0000SE_01.jpg",800,800,false],"trp-custom-language-flag":["https:\/\/educacion.ietres.com\/wp-content\/uploads\/2023\/04\/ZAAE0000SE_01-12x12.jpg",12,12,true],"woocommerce_thumbnail":["https:\/\/educacion.ietres.com\/wp-content\/uploads\/2023\/04\/ZAAE0000SE_01-300x300.jpg",300,300,true],"woocommerce_single":["https:\/\/educacion.ietres.com\/wp-content\/uploads\/2023\/04\/ZAAE0000SE_01-600x600.jpg",600,600,true],"woocommerce_gallery_thumbnail":["https:\/\/educacion.ietres.com\/wp-content\/uploads\/2023\/04\/ZAAE0000SE_01-100x100.jpg",100,100,true]},"uagb_author_info":{"display_name":"Edgar Hidalgo","author_link":"https:\/\/educacion.ietres.com\/ca\/author\/"},"uagb_comment_info":0,"uagb_excerpt":"Unisoc T610 (octa core; 1.8 GHz), 4 GB LPDDR4x, 64 GB eMMC, Android\u2122 11","_links":{"self":[{"href":"https:\/\/educacion.ietres.com\/ca\/wp-json\/wp\/v2\/product\/10699"}],"collection":[{"href":"https:\/\/educacion.ietres.com\/ca\/wp-json\/wp\/v2\/product"}],"about":[{"href":"https:\/\/educacion.ietres.com\/ca\/wp-json\/wp\/v2\/types\/product"}],"wp:featuredmedia":[{"embeddable":true,"href":"https:\/\/educacion.ietres.com\/ca\/wp-json\/wp\/v2\/media\/10715"}],"wp:attachment":[{"href":"https:\/\/educacion.ietres.com\/ca\/wp-json\/wp\/v2\/media?parent=10699"}],"wp:term":[{"taxonomy":"product_cat","embeddable":true,"href":"https:\/\/educacion.ietres.com\/ca\/wp-json\/wp\/v2\/product_cat?post=10699"},{"taxonomy":"product_tag","embeddable":true,"href":"https:\/\/educacion.ietres.com\/ca\/wp-json\/wp\/v2\/product_tag?post=10699"}],"curies":[{"name":"wp","href":"https:\/\/api.w.org\/{rel}","templated":true}]}}