{"id":10690,"date":"2023-04-11T17:24:05","date_gmt":"2023-04-11T15:24:05","guid":{"rendered":"https:\/\/educacion.ietres.com\/?post_type=product&#038;p=10690"},"modified":"2025-04-04T12:33:01","modified_gmt":"2025-04-04T10:33:01","slug":"pack-classroom-funda-auriculares-raton","status":"publish","type":"product","link":"https:\/\/educacion.ietres.com\/ca\/ref\/pack-classroom-funda-auriculares-raton\/","title":{"rendered":"Pack classroom (funda + auriculars + ratol\u00ed)"},"content":{"rendered":"<h2>V7 Funda para port\u00e1til<\/h2>\n<p>El material de neopr\u00e8 \u00e9s durador, resistent a l'aigua i protegeix el seu dispositiu contra impactes i raions. Caracter\u00edstiques principals:<br \/>\n\u2022 Feta en neopr\u00e8 resistent i impermeable d'alta qualitat<br \/>\n\u2022 Protegeix el seu dispositiu de les esgarrapades i la pols<br \/>\n\u2022 Cremallera resistent que no s'enganxa<\/p>\n<h2>V7 Mouse sense fil compacte<\/h2>\n<p>Aquest ratol\u00ed est\u00e0 recolzat per la garantia de 2 anys de V7, la qual cosa el converteix en una excel\u00b7lent opci\u00f3 per a aquells que busquen un dispositiu de confian\u00e7a i durador. Caracter\u00edstiques principals:<br \/>\n\u2022 Ratol\u00ed compacte perfecte per a portar-ho a totes parts<br \/>\n\u2022 Sensor \u00f2ptic d'alta precisi\u00f3<br \/>\n\u2022 Resoluci\u00f3 \u00f2ptica regulable: 1.000 o 1.600 dpi<br \/>\n\u2022 3 botons + roda de despla\u00e7ament<br \/>\n\u2022 El receptor sense fil es guarda dins del ratol\u00ed per a m\u00e9s comoditat<br \/>\n\u2022 Funciona amb una pila AAA, inclosa<br \/>\n\u2022 Disseny ergon\u00f2mic per a destres i esquerrans<\/p>\n<h2>V7 Auriculars est\u00e8reo lleugers amb micr\u00f2fon<\/h2>\n<p>En resum, els HA212 de V7 s\u00f3n una excel\u00b7lent opci\u00f3 si necessites auriculars per a usar en l'oficina, en el col\u00b7legi o per a confer\u00e8ncies telef\u00f2niques. A m\u00e9s, el seu disseny elegant i modern els fa una excel\u00b7lent opci\u00f3 per a qualsevol persona que busqui uns auriculars b\u00e0sics de qualitat. Caracter\u00edstiques principals:<br \/>\n\u2022 Disseny est\u00e8reo supraaural (binaural)<br \/>\n\u2022 Drivers din\u00e0mics de 30 mm<br \/>\n\u2022 Diadema ergon\u00f2mica ajustable<br \/>\n\u2022 Micr\u00f2fon omnidireccional amb cancel\u00b7laci\u00f3 de soroll<br \/>\n\u2022 El micr\u00f2fon gira 270\u00ba per a usar en tots dos costats<br \/>\n\u2022 Connexi\u00f3 d'\u00e0udio per jack d'\u00e0udio est\u00e8reo de 3.5 mm<\/p>","protected":false},"excerpt":{"rendered":"<p>Pack classroom composat per funda, auriculars i ratol\u00ed. Accessoris perfectes per a l'\u00fas educatiu i\/o personal.<\/p>\n<p><strong>Enviament gratu\u00eft i preu rebaixat a 29\u20ac si el compres conjuntament amb el teu equip educatiu<\/strong><\/p>","protected":false},"featured_media":10691,"template":"","meta":{"_uag_custom_page_level_css":"","site-sidebar-layout":"default","site-content-layout":"default","ast-global-header-display":"","ast-main-header-display":"","ast-hfb-above-header-display":"","ast-hfb-below-header-display":"","ast-hfb-mobile-header-display":"","site-post-title":"","ast-breadcrumbs-content":"","ast-featured-img":"","footer-sml-layout":"","theme-transparent-header-meta":"default","adv-header-id-meta":"","stick-header-meta":"default","header-above-stick-meta":"","header-main-stick-meta":"","header-below-stick-meta":""},"product_cat":[19],"product_tag":[],"uagb_featured_image_src":{"full":["https:\/\/educacion.ietres.com\/wp-content\/uploads\/2023\/04\/pack-clasroom-2023.jpg",800,800,false],"thumbnail":["https:\/\/educacion.ietres.com\/wp-content\/uploads\/2023\/04\/pack-clasroom-2023-150x150.jpg",150,150,true],"medium":["https:\/\/educacion.ietres.com\/wp-content\/uploads\/2023\/04\/pack-clasroom-2023-300x300.jpg",300,300,true],"medium_large":["https:\/\/educacion.ietres.com\/wp-content\/uploads\/2023\/04\/pack-clasroom-2023-768x768.jpg",768,768,true],"large":["https:\/\/educacion.ietres.com\/wp-content\/uploads\/2023\/04\/pack-clasroom-2023.jpg",800,800,false],"1536x1536":["https:\/\/educacion.ietres.com\/wp-content\/uploads\/2023\/04\/pack-clasroom-2023.jpg",800,800,false],"2048x2048":["https:\/\/educacion.ietres.com\/wp-content\/uploads\/2023\/04\/pack-clasroom-2023.jpg",800,800,false],"trp-custom-language-flag":["https:\/\/educacion.ietres.com\/wp-content\/uploads\/2023\/04\/pack-clasroom-2023-12x12.jpg",12,12,true],"woocommerce_thumbnail":["https:\/\/educacion.ietres.com\/wp-content\/uploads\/2023\/04\/pack-clasroom-2023-300x300.jpg",300,300,true],"woocommerce_single":["https:\/\/educacion.ietres.com\/wp-content\/uploads\/2023\/04\/pack-clasroom-2023-600x600.jpg",600,600,true],"woocommerce_gallery_thumbnail":["https:\/\/educacion.ietres.com\/wp-content\/uploads\/2023\/04\/pack-clasroom-2023-100x100.jpg",100,100,true]},"uagb_author_info":{"display_name":"Edgar Hidalgo","author_link":"https:\/\/educacion.ietres.com\/ca\/author\/"},"uagb_comment_info":0,"uagb_excerpt":"Pack classroom compuesto por funda, auriculares y rat\u00f3n. Accesorios perfectos para el uso educativo y\/o uso personal. Env\u00edo gratis y rebajado a 29\u20ac al comprarlo conjuntamente con tu equipo educativo.","_links":{"self":[{"href":"https:\/\/educacion.ietres.com\/ca\/wp-json\/wp\/v2\/product\/10690"}],"collection":[{"href":"https:\/\/educacion.ietres.com\/ca\/wp-json\/wp\/v2\/product"}],"about":[{"href":"https:\/\/educacion.ietres.com\/ca\/wp-json\/wp\/v2\/types\/product"}],"wp:featuredmedia":[{"embeddable":true,"href":"https:\/\/educacion.ietres.com\/ca\/wp-json\/wp\/v2\/media\/10691"}],"wp:attachment":[{"href":"https:\/\/educacion.ietres.com\/ca\/wp-json\/wp\/v2\/media?parent=10690"}],"wp:term":[{"taxonomy":"product_cat","embeddable":true,"href":"https:\/\/educacion.ietres.com\/ca\/wp-json\/wp\/v2\/product_cat?post=10690"},{"taxonomy":"product_tag","embeddable":true,"href":"https:\/\/educacion.ietres.com\/ca\/wp-json\/wp\/v2\/product_tag?post=10690"}],"curies":[{"name":"wp","href":"https:\/\/api.w.org\/{rel}","templated":true}]}}