{"id":10625,"date":"2023-04-06T10:18:40","date_gmt":"2023-04-06T08:18:40","guid":{"rendered":"https:\/\/educacion.ietres.com\/?post_type=product&#038;p=10625"},"modified":"2023-05-25T16:00:21","modified_gmt":"2023-05-25T14:00:21","slug":"v7-estacion-de-trabajo-movil-motorizada","status":"publish","type":"product","link":"https:\/\/educacion.ietres.com\/ca\/ref\/v7-estacion-de-trabajo-movil-motorizada\/","title":{"rendered":"V7 Estaci\u00f3 de treball m\u00f2bil motoritzada"},"content":{"rendered":"<p>Nom\u00e9s prement un bot\u00f3, l'estaci\u00f3 de treball pot ajustar la seva altura perqu\u00e8 pugui treballar assegut o dempeus. Amb una \u00e0mplia zona d'escriptori, l'estaci\u00f3 de treball pot suportar fins a 37 kg i pot muntar-se amb rodes per a una major mobilitat. A m\u00e9s, inclou un temporitzador per a recordar-li que s'aixequi despr\u00e9s d'un interval de temps determinat per a mantenir-se actiu.<\/p>\n<p>L'estaci\u00f3 de treball m\u00f2bil motoritzada de V7 s'ajusta f\u00e0cilment a les seves necessitats. Amb un rang d'ajust d'altura des de 78 a 128 cm i una superf\u00edcie de treball de 80 x 40 cm, \u00e9s perfecta per a una \u00e0mplia varietat d'usuaris. Pot muntar l'estaci\u00f3 de treball amb rodes per a una major mobilitat, la qual cosa li permetr\u00e0 moure's amb facilitat entre diferents sales.<\/p>\n<p>Mantingui's actiu i productiu durant tot el dia amb l'estaci\u00f3 de treball m\u00f2bil motoritzada de V7. Caracter\u00edstiques principals:<br \/>\n\u2022 Interval d'altura de 78 cm (assegut) a 128 cm (dempeus)<br \/>\n\u2022 Muntable sobre rodes per a major mobilitat<br \/>\n\u2022 \u00c0rea d'escriptori de 80\u00d740 cm en 2 altures<br \/>\n\u2022 Suporta fins a 37 kg de pes<br \/>\n\u2022 Inclou 3 ajustos predefinits d'altura motoritzats<\/p>","protected":false},"excerpt":{"rendered":"<p>Traslladi la seva estaci\u00f3 de treball d'una sala a una altra amb aquesta estaci\u00f3 de treball m\u00f2bil motoritzada. Altura ajustable per a usar-la assegut o dempeus. La seva \u00e0mplia zona d'escriptori a 2 altures (teclat i mouse + monitor) suporta fins a 37 kg.<\/p>\n<p class=\"shipping-cons\">Lliurament a peu de carrer.<\/p>","protected":false},"featured_media":10505,"template":"","meta":{"_uag_custom_page_level_css":"","site-sidebar-layout":"default","site-content-layout":"default","ast-global-header-display":"","ast-main-header-display":"","ast-hfb-above-header-display":"","ast-hfb-below-header-display":"","ast-hfb-mobile-header-display":"","site-post-title":"","ast-breadcrumbs-content":"","ast-featured-img":"","footer-sml-layout":"","theme-transparent-header-meta":"default","adv-header-id-meta":"","stick-header-meta":"default","header-above-stick-meta":"","header-main-stick-meta":"","header-below-stick-meta":""},"product_cat":[165,652],"product_tag":[],"uagb_featured_image_src":{"full":["https:\/\/educacion.ietres.com\/wp-content\/uploads\/2023\/04\/DTMWS_01.jpg",800,800,false],"thumbnail":["https:\/\/educacion.ietres.com\/wp-content\/uploads\/2023\/04\/DTMWS_01-150x150.jpg",150,150,true],"medium":["https:\/\/educacion.ietres.com\/wp-content\/uploads\/2023\/04\/DTMWS_01-300x300.jpg",300,300,true],"medium_large":["https:\/\/educacion.ietres.com\/wp-content\/uploads\/2023\/04\/DTMWS_01-768x768.jpg",768,768,true],"large":["https:\/\/educacion.ietres.com\/wp-content\/uploads\/2023\/04\/DTMWS_01.jpg",800,800,false],"1536x1536":["https:\/\/educacion.ietres.com\/wp-content\/uploads\/2023\/04\/DTMWS_01.jpg",800,800,false],"2048x2048":["https:\/\/educacion.ietres.com\/wp-content\/uploads\/2023\/04\/DTMWS_01.jpg",800,800,false],"trp-custom-language-flag":["https:\/\/educacion.ietres.com\/wp-content\/uploads\/2023\/04\/DTMWS_01-12x12.jpg",12,12,true],"woocommerce_thumbnail":["https:\/\/educacion.ietres.com\/wp-content\/uploads\/2023\/04\/DTMWS_01-300x300.jpg",300,300,true],"woocommerce_single":["https:\/\/educacion.ietres.com\/wp-content\/uploads\/2023\/04\/DTMWS_01-600x600.jpg",600,600,true],"woocommerce_gallery_thumbnail":["https:\/\/educacion.ietres.com\/wp-content\/uploads\/2023\/04\/DTMWS_01-100x100.jpg",100,100,true]},"uagb_author_info":{"display_name":"Edgar Hidalgo","author_link":"https:\/\/educacion.ietres.com\/ca\/author\/"},"uagb_comment_info":0,"uagb_excerpt":"Traslade su estaci\u00f3n de trabajo de una sala a otra con esta estaci\u00f3n de trabajo m\u00f3vil motorizada. Altura ajustable para usarla sentado o de pie. Su amplia zona de escritorio a 2 alturas (teclado y mouse + monitor) soporta hasta 37 kg. Entrega a pie de calle.","_links":{"self":[{"href":"https:\/\/educacion.ietres.com\/ca\/wp-json\/wp\/v2\/product\/10625"}],"collection":[{"href":"https:\/\/educacion.ietres.com\/ca\/wp-json\/wp\/v2\/product"}],"about":[{"href":"https:\/\/educacion.ietres.com\/ca\/wp-json\/wp\/v2\/types\/product"}],"wp:featuredmedia":[{"embeddable":true,"href":"https:\/\/educacion.ietres.com\/ca\/wp-json\/wp\/v2\/media\/10505"}],"wp:attachment":[{"href":"https:\/\/educacion.ietres.com\/ca\/wp-json\/wp\/v2\/media?parent=10625"}],"wp:term":[{"taxonomy":"product_cat","embeddable":true,"href":"https:\/\/educacion.ietres.com\/ca\/wp-json\/wp\/v2\/product_cat?post=10625"},{"taxonomy":"product_tag","embeddable":true,"href":"https:\/\/educacion.ietres.com\/ca\/wp-json\/wp\/v2\/product_tag?post=10625"}],"curies":[{"name":"wp","href":"https:\/\/api.w.org\/{rel}","templated":true}]}}