{"id":10623,"date":"2023-04-06T10:11:03","date_gmt":"2023-04-06T08:11:03","guid":{"rendered":"https:\/\/educacion.ietres.com\/?post_type=product&#038;p=10623"},"modified":"2023-05-25T16:00:23","modified_gmt":"2023-05-25T14:00:23","slug":"v7-soporte-brazo-para-monitores-con-ajuste-manual","status":"publish","type":"product","link":"https:\/\/educacion.ietres.com\/ca\/ref\/v7-soporte-brazo-para-monitores-con-ajuste-manual\/","title":{"rendered":"V7 Suport bra\u00e7 per a monitors amb ajust manual"},"content":{"rendered":"<p>El suport per a monitors d'escriptori amb ajust manual de V7 \u00e9s l'opci\u00f3 ideal per a col\u00b7locar el teu monitor en qualsevol estaci\u00f3 de treball. El seu disseny amb bra\u00e7 \u00fanic de muntatge pot suportar pantalles de fins a 32\u2033 (8 kg m\u00e0xim), la qual cosa garanteix la seva durabilitat i seguretat. Amb el seu sistema d'ajust manual d'altura i bra\u00e7os ajustables independentment, pots obtenir diversos angles de visi\u00f3 per a major comoditat. A m\u00e9s, l'organitzador de cables mant\u00e9 els cables acuradament amagats.<\/p>\n<p>Aquest suport compta amb suport VESA de fixaci\u00f3 r\u00e0pida per a una instal\u00b7laci\u00f3 f\u00e0cil i est\u00e0 avalat per una garantia de 5 anys. A m\u00e9s, gr\u00e0cies a la seva \u00e0mplia inclinaci\u00f3, gir de 360\u00b0 i el suport amb altura ajustable, podr\u00e0s obtenir angles de visi\u00f3 flexibles i una millor ergonomia. La placa VESA de fixaci\u00f3 r\u00e0pida \u00e9s compatible amb muntatge VESA de 75 x 75 mm i 100 x 100 mm.<\/p>\n<p>Amb l'ajust d'inclinaci\u00f3 de +35\u00b0~-35\u00b0, pivot de +90\u00b0~-90\u00b0 i gir de 360\u00b0, podr\u00e0s col\u00b7locar el teu monitor en la posici\u00f3 m\u00e9s c\u00f2moda per a tu.<\/p>\n<p>En definitiva, el suport per a monitors d'escriptori amb ajust manual de V7 \u00e9s l'opci\u00f3 perfecta per a aquelles persones que desitgin col\u00b7locar el seu monitor de manera r\u00e0pida i senzilla en qualsevol set. Caracter\u00edstiques principals:<br \/>\n\u2022 Bra\u00e7 \u00fanic per a muntar pantalles de fins a 32\u201d (m\u00e0x. 8 kg)<br \/>\n\u2022 Ajusti altura, inclinaci\u00f3 i gir de la pantalla amb una sola m\u00e0<br \/>\n\u2022 Ergonomia millorada amb un gir de fins a 360\u00b0<br \/>\n\u2022 Organitzador de cables: els mant\u00e9 ocults i ordenats<br \/>\n\u2022 Compatible amb VESA 70\u00d770 i 100\u00d7100<\/p>","protected":false},"excerpt":{"rendered":"<p>Col\u00b7loqui el seu monitor de fins a 32\u201d en qualsevol posici\u00f3 de manera r\u00e0pida i senzilla amb el suport per a monitors d'escriptori amb ajust manual de V7. Compatible amb VESA 70\u00d770 i 100\u00d7100, pot girar fins a 360\u00b0.<\/p>\n<p class=\"shipping-cons\">Lliurament a peu de carrer.<\/p>","protected":false},"featured_media":10510,"template":"","meta":{"_uag_custom_page_level_css":"","site-sidebar-layout":"default","site-content-layout":"default","ast-global-header-display":"","ast-main-header-display":"","ast-hfb-above-header-display":"","ast-hfb-below-header-display":"","ast-hfb-mobile-header-display":"","site-post-title":"","ast-breadcrumbs-content":"","ast-featured-img":"","footer-sml-layout":"","theme-transparent-header-meta":"default","adv-header-id-meta":"","stick-header-meta":"default","header-above-stick-meta":"","header-main-stick-meta":"","header-below-stick-meta":""},"product_cat":[165,652],"product_tag":[],"uagb_featured_image_src":{"full":["https:\/\/educacion.ietres.com\/wp-content\/uploads\/2023\/04\/DM1TA-1E_01.jpg",800,800,false],"thumbnail":["https:\/\/educacion.ietres.com\/wp-content\/uploads\/2023\/04\/DM1TA-1E_01-150x150.jpg",150,150,true],"medium":["https:\/\/educacion.ietres.com\/wp-content\/uploads\/2023\/04\/DM1TA-1E_01-300x300.jpg",300,300,true],"medium_large":["https:\/\/educacion.ietres.com\/wp-content\/uploads\/2023\/04\/DM1TA-1E_01-768x768.jpg",768,768,true],"large":["https:\/\/educacion.ietres.com\/wp-content\/uploads\/2023\/04\/DM1TA-1E_01.jpg",800,800,false],"1536x1536":["https:\/\/educacion.ietres.com\/wp-content\/uploads\/2023\/04\/DM1TA-1E_01.jpg",800,800,false],"2048x2048":["https:\/\/educacion.ietres.com\/wp-content\/uploads\/2023\/04\/DM1TA-1E_01.jpg",800,800,false],"trp-custom-language-flag":["https:\/\/educacion.ietres.com\/wp-content\/uploads\/2023\/04\/DM1TA-1E_01-12x12.jpg",12,12,true],"woocommerce_thumbnail":["https:\/\/educacion.ietres.com\/wp-content\/uploads\/2023\/04\/DM1TA-1E_01-300x300.jpg",300,300,true],"woocommerce_single":["https:\/\/educacion.ietres.com\/wp-content\/uploads\/2023\/04\/DM1TA-1E_01-600x600.jpg",600,600,true],"woocommerce_gallery_thumbnail":["https:\/\/educacion.ietres.com\/wp-content\/uploads\/2023\/04\/DM1TA-1E_01-100x100.jpg",100,100,true]},"uagb_author_info":{"display_name":"Edgar Hidalgo","author_link":"https:\/\/educacion.ietres.com\/ca\/author\/"},"uagb_comment_info":0,"uagb_excerpt":"Coloque su monitor de hasta 32\u201d en cualquier posici\u00f3n de manera r\u00e1pida y sencilla con el soporte para monitores de escritorio con ajuste manual de V7. Compatible con VESA 70x70 y 100x100, puede girar hasta 360\u00ba. Entrega a pie de calle.","_links":{"self":[{"href":"https:\/\/educacion.ietres.com\/ca\/wp-json\/wp\/v2\/product\/10623"}],"collection":[{"href":"https:\/\/educacion.ietres.com\/ca\/wp-json\/wp\/v2\/product"}],"about":[{"href":"https:\/\/educacion.ietres.com\/ca\/wp-json\/wp\/v2\/types\/product"}],"wp:featuredmedia":[{"embeddable":true,"href":"https:\/\/educacion.ietres.com\/ca\/wp-json\/wp\/v2\/media\/10510"}],"wp:attachment":[{"href":"https:\/\/educacion.ietres.com\/ca\/wp-json\/wp\/v2\/media?parent=10623"}],"wp:term":[{"taxonomy":"product_cat","embeddable":true,"href":"https:\/\/educacion.ietres.com\/ca\/wp-json\/wp\/v2\/product_cat?post=10623"},{"taxonomy":"product_tag","embeddable":true,"href":"https:\/\/educacion.ietres.com\/ca\/wp-json\/wp\/v2\/product_tag?post=10623"}],"curies":[{"name":"wp","href":"https:\/\/api.w.org\/{rel}","templated":true}]}}