{"id":10622,"date":"2023-04-05T18:08:55","date_gmt":"2023-04-05T16:08:55","guid":{"rendered":"https:\/\/educacion.ietres.com\/?post_type=product&#038;p=10622"},"modified":"2023-05-25T16:00:32","modified_gmt":"2023-05-25T14:00:32","slug":"v7-soporte-ajustable-con-ruedas-para-pantalla-de-hasta-100","status":"publish","type":"product","link":"https:\/\/educacion.ietres.com\/ca\/ref\/v7-soporte-ajustable-con-ruedas-para-pantalla-de-hasta-100\/","title":{"rendered":"V7 Suport ajustable amb rodes per a pantalla de fins a 100\u201d"},"content":{"rendered":"<p>El suport de s\u00f2l per a televisi\u00f3 amb altura ajustable de V7 \u00e9s la soluci\u00f3 perfecta per a moure el seu monitor, televisi\u00f3 o IFP d'una sala a una altra amb facilitat. Amb la seva capacitat per a suportar monitors de fins a 100 polzades i 99 kg de pes, aquest suport est\u00e0 fabricat amb acer laminat en fred per a garantir la m\u00e0xima durabilitat.<\/p>\n<p>A m\u00e9s, aquest suport de s\u00f2l inclou una manovella ajustable per a pujar, baixar i ajustar l'altura a qualsevol nivell, aix\u00ed com rodes pivotants amb sistema de bloqueig resistent per a una mobilitat uniforme. Tamb\u00e9 compta amb prestatges per a reproductor multim\u00e8dia i cambra, ajustables en altura, la qual cosa ho fa perfecte per a qualsevol aplicaci\u00f3.<\/p>\n<p>Amb l'interval d'inclinaci\u00f3 ajustable de +5\u00b0~-10\u00b0 i la capacitat per a suportar monitors de gran grand\u00e0ria, pot estar segur que aquest suport de s\u00f2l li proporcionar\u00e0 un angle de visi\u00f3 ideal per a la seva m\u00e0xima productivitat. Ja sigui que ho usi en la seva oficina o a l'aula, aquest suport de s\u00f2l per a pantalla \u00e9s una inversi\u00f3 s\u00f2lida en el seu espai de treball o aula digital.<br \/>\nCaracter\u00edstiques principals:<br \/>\n\u2022 Apte per a pantalles de fins a 100\u201d (m\u00e0x. 99 kg)<br \/>\n\u2022 Prestatges per a reproductor i c\u00e0mera, ajustables en altura<br \/>\n\u2022 Ajust d'inclinaci\u00f3 per a millorar l'angle de visi\u00f3<br \/>\n\u2022 Inclou una manovella per a ajustar-ho a qualsevol altura<br \/>\n\u2022 Rodes resistents amb bloqueig per a evitar moviments indesitjats<\/p>","protected":false},"excerpt":{"rendered":"<p>Suport perfecte per a la mobilitat del monitor d'una sala a una altra f\u00e0cil i segur. Inclou rodes pivotants i sost\u00e9 monitors de fins a 100\u201d i 99 kg. Proporciona una altura i inclinaci\u00f3 ajustable i perfecta per a una visi\u00f3 ideal.<\/p>","protected":false},"featured_media":10478,"template":"","meta":{"_uag_custom_page_level_css":"","site-sidebar-layout":"default","site-content-layout":"default","ast-global-header-display":"","ast-main-header-display":"","ast-hfb-above-header-display":"","ast-hfb-below-header-display":"","ast-hfb-mobile-header-display":"","site-post-title":"","ast-breadcrumbs-content":"","ast-featured-img":"","footer-sml-layout":"","theme-transparent-header-meta":"default","adv-header-id-meta":"","stick-header-meta":"default","header-above-stick-meta":"","header-main-stick-meta":"","header-below-stick-meta":""},"product_cat":[165,609],"product_tag":[],"uagb_featured_image_src":{"full":["https:\/\/educacion.ietres.com\/wp-content\/uploads\/2023\/04\/TVCART2_01.jpg",800,800,false],"thumbnail":["https:\/\/educacion.ietres.com\/wp-content\/uploads\/2023\/04\/TVCART2_01-150x150.jpg",150,150,true],"medium":["https:\/\/educacion.ietres.com\/wp-content\/uploads\/2023\/04\/TVCART2_01-300x300.jpg",300,300,true],"medium_large":["https:\/\/educacion.ietres.com\/wp-content\/uploads\/2023\/04\/TVCART2_01-768x768.jpg",768,768,true],"large":["https:\/\/educacion.ietres.com\/wp-content\/uploads\/2023\/04\/TVCART2_01.jpg",800,800,false],"1536x1536":["https:\/\/educacion.ietres.com\/wp-content\/uploads\/2023\/04\/TVCART2_01.jpg",800,800,false],"2048x2048":["https:\/\/educacion.ietres.com\/wp-content\/uploads\/2023\/04\/TVCART2_01.jpg",800,800,false],"trp-custom-language-flag":["https:\/\/educacion.ietres.com\/wp-content\/uploads\/2023\/04\/TVCART2_01-12x12.jpg",12,12,true],"woocommerce_thumbnail":["https:\/\/educacion.ietres.com\/wp-content\/uploads\/2023\/04\/TVCART2_01-300x300.jpg",300,300,true],"woocommerce_single":["https:\/\/educacion.ietres.com\/wp-content\/uploads\/2023\/04\/TVCART2_01-600x600.jpg",600,600,true],"woocommerce_gallery_thumbnail":["https:\/\/educacion.ietres.com\/wp-content\/uploads\/2023\/04\/TVCART2_01-100x100.jpg",100,100,true]},"uagb_author_info":{"display_name":"Edgar Hidalgo","author_link":"https:\/\/educacion.ietres.com\/ca\/author\/"},"uagb_comment_info":0,"uagb_excerpt":"Soporte perfecto para la movilidad del monitor de una sala a otra f\u00e1cil y seguro. Incluye ruedas pivotantes y sostiene monitores de hasta 100\u201d y 99 kg. Proporciona una altura e inclinaci\u00f3n ajustable y perfecta para una visi\u00f3n ideal.","_links":{"self":[{"href":"https:\/\/educacion.ietres.com\/ca\/wp-json\/wp\/v2\/product\/10622"}],"collection":[{"href":"https:\/\/educacion.ietres.com\/ca\/wp-json\/wp\/v2\/product"}],"about":[{"href":"https:\/\/educacion.ietres.com\/ca\/wp-json\/wp\/v2\/types\/product"}],"wp:featuredmedia":[{"embeddable":true,"href":"https:\/\/educacion.ietres.com\/ca\/wp-json\/wp\/v2\/media\/10478"}],"wp:attachment":[{"href":"https:\/\/educacion.ietres.com\/ca\/wp-json\/wp\/v2\/media?parent=10622"}],"wp:term":[{"taxonomy":"product_cat","embeddable":true,"href":"https:\/\/educacion.ietres.com\/ca\/wp-json\/wp\/v2\/product_cat?post=10622"},{"taxonomy":"product_tag","embeddable":true,"href":"https:\/\/educacion.ietres.com\/ca\/wp-json\/wp\/v2\/product_tag?post=10622"}],"curies":[{"name":"wp","href":"https:\/\/api.w.org\/{rel}","templated":true}]}}