{"id":10617,"date":"2023-04-05T17:55:50","date_gmt":"2023-04-05T15:55:50","guid":{"rendered":"https:\/\/educacion.ietres.com\/?post_type=product&#038;p=10617"},"modified":"2024-08-29T13:40:25","modified_gmt":"2024-08-29T11:40:25","slug":"v7-pantalla-interactiva-de-65-4k-android-11-y-soporte-de-pared","status":"publish","type":"product","link":"https:\/\/educacion.ietres.com\/ca\/ref\/v7-pantalla-interactiva-de-65-4k-android-11-y-soporte-de-pared\/","title":{"rendered":"V7 Pantalla interactiva de 65\u201d 4K, Android 11 i suport de paret"},"content":{"rendered":"<p>El panell pla interactiu 4K de 65\u201d V7 \u00e9s una soluci\u00f3 perfecta per a presentacions interactives, ensenyament i col\u00b7laboraci\u00f3 en reunions de negocis o aules. Amb la seva pantalla t\u00e0ctil 4K i 20 punts t\u00e0ctils, els usuaris poden col\u00b7laborar, guardar i compartir idees de manera digital i en temps real. A m\u00e9s, el seu sistema operatiu Android 11 amb aplicacions integrades facilita la gesti\u00f3 i el control de les reunions i classes interactives.<\/p>\n<p>Amb Bytello Share, els usuaris poden compartir i rebre contingut des d'i cap a dispositius Windows, Mac OS, Chrome OS, Android i iOS, la qual cosa permet una col\u00b7laboraci\u00f3 sense l\u00edmits. La pantalla es pot dividir en fins a 9 dispositius al mateix temps, la qual cosa la converteix en una eina molt vers\u00e0til per a grups grans. A m\u00e9s, amb el programari Bytello DMS incl\u00f2s, els usuaris poden gestionar de manera remota l'estat, el volum, la difusi\u00f3 i altres aspectes importants.<\/p>\n<p>El panell interactiu tamb\u00e9 inclou una xarxa amb filferro i sense fil amb acc\u00e9s a Internet, la qual cosa permet l'\u00fas compartit de pantalles des d'i cap a gaireb\u00e9 qualsevol dispositiu. Els usuaris tamb\u00e9 poden connectar-se a diferents recursos i proporcionar un entorn multim\u00e8dia interactiu gr\u00e0cies als seus nombrosos ports, com a USB, v\u00eddeo, Bluetooth i connexi\u00f3 a xarxa amb o sense cable.<\/p>\n<p>Amb la connexi\u00f3 USB-C, els usuaris poden compartir pantalles, habilitar la funci\u00f3 t\u00e0ctil de doble sentit i carregar el seu dispositiu amb una pot\u00e8ncia de sortida de 65 W amb un sol cable. A m\u00e9s, els dos altaveus de 16 W i la connectivitat sense fil Bluetooth ofereixen una experi\u00e8ncia de so envolupant i sense cables.<\/p>\n<p>Finalment, el panell interactiu 4K V7 ve amb un suport de paret d'alta resist\u00e8ncia per a un muntatge r\u00e0pid i segur. A m\u00e9s, inclou una subscripci\u00f3 de 5 anys al programari Bytello DMS, la qual cosa garanteix la gesti\u00f3 massiva remota i el monitoratge de l'estat. En resum, aquest panell interactiu \u00e9s una soluci\u00f3 perfecta per a qualsevol entorn d'ensenyament o reuni\u00f3 on la col\u00b7laboraci\u00f3 i la interactivitat s\u00f3n importants. Caracter\u00edstiques principals:<br \/>\n\u2022 Sistema Android 11 amb aplicacions educatives integrades<br \/>\n\u2022 Pantalla t\u00e0ctil interactiva de 65\u201d amb resoluci\u00f3 4K<br \/>\n\u2022 Xarxa inal\u00e0mbrica i amb cable GigaLAN amb acc\u00e9s a internet i \u00fas compartit<br \/>\n\u2022 Per USB-C es poden compartir pantalles, oferir tecnologia t\u00e0ctil de doble sentit i carregar el seu dispositiu<br \/>\n\u2022 2 altaveus de 16W i connectivitat Bluetooth<br \/>\n\u2022 Subscripci\u00f3 de 5 anys al programari Bytello DMS inclosa<br \/>\n\u2022 Inclou suport de paret resistent i de muntatge r\u00e0pid<\/p>","protected":false},"excerpt":{"rendered":"<p>La pantalla interactiva t\u00e0ctil 4K de 65\u201d permet als usuaris de centres educatius a col\u00b7laborar, guardar i compartir idees f\u00e0cilment de manera interactiva i digital, tant en aules com en sales de reunions. Perfecte per a dirigir classes ja que inclou el seu \u00fas de pissarra, navegador, \u00fas compartit, presa de notes i altres.<\/p>\n<p class=\"shipping-cons\">Lliurament a peu de carrer.<\/p>","protected":false},"featured_media":10448,"template":"","meta":{"_uag_custom_page_level_css":"","site-sidebar-layout":"default","site-content-layout":"default","ast-global-header-display":"","ast-main-header-display":"","ast-hfb-above-header-display":"","ast-hfb-below-header-display":"","ast-hfb-mobile-header-display":"","site-post-title":"","ast-breadcrumbs-content":"","ast-featured-img":"","footer-sml-layout":"","theme-transparent-header-meta":"default","adv-header-id-meta":"","stick-header-meta":"default","header-above-stick-meta":"","header-main-stick-meta":"","header-below-stick-meta":""},"product_cat":[165,554],"product_tag":[],"uagb_featured_image_src":{"full":["https:\/\/educacion.ietres.com\/wp-content\/uploads\/2023\/04\/IFP6501-V7_01.jpg",800,800,false],"thumbnail":["https:\/\/educacion.ietres.com\/wp-content\/uploads\/2023\/04\/IFP6501-V7_01-150x150.jpg",150,150,true],"medium":["https:\/\/educacion.ietres.com\/wp-content\/uploads\/2023\/04\/IFP6501-V7_01-300x300.jpg",300,300,true],"medium_large":["https:\/\/educacion.ietres.com\/wp-content\/uploads\/2023\/04\/IFP6501-V7_01-768x768.jpg",768,768,true],"large":["https:\/\/educacion.ietres.com\/wp-content\/uploads\/2023\/04\/IFP6501-V7_01.jpg",800,800,false],"1536x1536":["https:\/\/educacion.ietres.com\/wp-content\/uploads\/2023\/04\/IFP6501-V7_01.jpg",800,800,false],"2048x2048":["https:\/\/educacion.ietres.com\/wp-content\/uploads\/2023\/04\/IFP6501-V7_01.jpg",800,800,false],"trp-custom-language-flag":["https:\/\/educacion.ietres.com\/wp-content\/uploads\/2023\/04\/IFP6501-V7_01-12x12.jpg",12,12,true],"woocommerce_thumbnail":["https:\/\/educacion.ietres.com\/wp-content\/uploads\/2023\/04\/IFP6501-V7_01-300x300.jpg",300,300,true],"woocommerce_single":["https:\/\/educacion.ietres.com\/wp-content\/uploads\/2023\/04\/IFP6501-V7_01-600x600.jpg",600,600,true],"woocommerce_gallery_thumbnail":["https:\/\/educacion.ietres.com\/wp-content\/uploads\/2023\/04\/IFP6501-V7_01-100x100.jpg",100,100,true]},"uagb_author_info":{"display_name":"Edgar Hidalgo","author_link":"https:\/\/educacion.ietres.com\/ca\/author\/"},"uagb_comment_info":0,"uagb_excerpt":"La pantalla interactiva t\u00e1ctil 4K de 65\u201d permite a los usuarios de centros educativos a colaborar, guardar y compartir ideas f\u00e1cilmente de forma interactiva y digital, tanto en aulas como en salas de reuniones. Perfecto para dirigir clases ya que incluye su uso de pizarra, navegador, uso compartido, toma de notas y dem\u00e1s. Entrega a&hellip;","_links":{"self":[{"href":"https:\/\/educacion.ietres.com\/ca\/wp-json\/wp\/v2\/product\/10617"}],"collection":[{"href":"https:\/\/educacion.ietres.com\/ca\/wp-json\/wp\/v2\/product"}],"about":[{"href":"https:\/\/educacion.ietres.com\/ca\/wp-json\/wp\/v2\/types\/product"}],"wp:featuredmedia":[{"embeddable":true,"href":"https:\/\/educacion.ietres.com\/ca\/wp-json\/wp\/v2\/media\/10448"}],"wp:attachment":[{"href":"https:\/\/educacion.ietres.com\/ca\/wp-json\/wp\/v2\/media?parent=10617"}],"wp:term":[{"taxonomy":"product_cat","embeddable":true,"href":"https:\/\/educacion.ietres.com\/ca\/wp-json\/wp\/v2\/product_cat?post=10617"},{"taxonomy":"product_tag","embeddable":true,"href":"https:\/\/educacion.ietres.com\/ca\/wp-json\/wp\/v2\/product_tag?post=10617"}],"curies":[{"name":"wp","href":"https:\/\/api.w.org\/{rel}","templated":true}]}}