{"id":10616,"date":"2023-04-05T17:08:06","date_gmt":"2023-04-05T15:08:06","guid":{"rendered":"https:\/\/educacion.ietres.com\/?post_type=product&#038;p=10616"},"modified":"2023-05-25T16:00:55","modified_gmt":"2023-05-25T14:00:55","slug":"v7-armario-de-carga-schuko-para-12-dispositivos","status":"publish","type":"product","link":"https:\/\/educacion.ietres.com\/ca\/ref\/v7-armario-de-carga-schuko-para-12-dispositivos\/","title":{"rendered":"V7 Armari de c\u00e0rrega SCHUKO per a 12 dispositius"},"content":{"rendered":"<p>L'estaci\u00f3 de c\u00e0rrega V7 UE \u00e9s una soluci\u00f3 d'emmagatzematge i c\u00e0rrega dissenyada per a facilitar l'\u00fas i protecci\u00f3 de fins a 12 Chromebooks, ordinadors port\u00e0tils o tauletes de fins a 15\u2033 (38.1 cm) en entorns educatius. Aquesta estaci\u00f3 de c\u00e0rrega compta amb opcions de muntatge vers\u00e0tils per a adaptar-se a diverses necessitats, ja sigui instal\u00b7lant-se en la paret, col\u00b7locant-se sobre una taula o apilant-se amb rodes opcionals per a facilitar el seu transport.<\/p>\n<p>Amb prestatgeries numerades i ranures per a dispositius duradores, aquesta estaci\u00f3 de c\u00e0rrega \u00e9s f\u00e0cil d'implementar i utilitzar. Tamb\u00e9 compta amb un sistema de gesti\u00f3 energ\u00e8tica de disseny \u00f2ptim per a optimitzar el proc\u00e9s de c\u00e0rrega de tots els dispositius al mateix temps. A m\u00e9s, l'estaci\u00f3 de c\u00e0rrega est\u00e0 dissenyada amb espais numerats per a dispositius i les corresponents ranures per a les fonts d'alimentaci\u00f3 de cadascun, la qual cosa facilita enormement el seu \u00fas i organitzaci\u00f3.<\/p>\n<p>L'estaci\u00f3 de c\u00e0rrega V7 UE est\u00e0 fabricada en acer laminat en fred d'alta qualitat i compta amb una porta amb cadenat i clau, un compartiment segur per a la font d'alimentaci\u00f3 i l'opci\u00f3 d'afegir el seu propi cadenat per a major protecci\u00f3 dels dispositius. Amb tot aix\u00f2, l'estaci\u00f3 de c\u00e0rrega V7 UE \u00e9s una soluci\u00f3 completa i segura per a l'emmagatzematge i c\u00e0rrega de dispositius en entorns educatius. Caracter\u00edstiques principals:<br \/>\n\u2022 Opcions de muntatge vers\u00e0tils: paret, taula o apilat<br \/>\n\u2022 Distribuci\u00f3 eficient amb un sol endoll<br \/>\n\u2022 Organitzador de cables<br \/>\n\u2022 Porta i compartiment de la font d'alimentaci\u00f3 assegurades amb cadenat<br \/>\n\u2022 Carrega dispositius de fins a 15\u201d. Grand\u00e0ria compacta.<\/p>","protected":false},"excerpt":{"rendered":"<p>L'armari de c\u00e0rrega SCHUKO permet protegir i carregar fins a 12 dispositius de fins a 15\u201d. Es pot muntar en la paret, damunt d'una taula o apilar-ho amb un altre armari igual amb rodes opcionals. Ideal per a classes redu\u00efdes en l'entorn educatiu.<\/p>\n<p class=\"shipping-cons\">Lliurament a peu de carrer.<\/p>","protected":false},"featured_media":10500,"template":"","meta":{"_uag_custom_page_level_css":"","site-sidebar-layout":"default","site-content-layout":"default","ast-global-header-display":"","ast-main-header-display":"","ast-hfb-above-header-display":"","ast-hfb-below-header-display":"","ast-hfb-mobile-header-display":"","site-post-title":"","ast-breadcrumbs-content":"","ast-featured-img":"","footer-sml-layout":"","theme-transparent-header-meta":"default","adv-header-id-meta":"","stick-header-meta":"default","header-above-stick-meta":"","header-main-stick-meta":"","header-below-stick-meta":""},"product_cat":[518,165],"product_tag":[],"uagb_featured_image_src":{"full":["https:\/\/educacion.ietres.com\/wp-content\/uploads\/2023\/04\/CHGSTA12AC-1E_01.jpg",800,800,false],"thumbnail":["https:\/\/educacion.ietres.com\/wp-content\/uploads\/2023\/04\/CHGSTA12AC-1E_01-150x150.jpg",150,150,true],"medium":["https:\/\/educacion.ietres.com\/wp-content\/uploads\/2023\/04\/CHGSTA12AC-1E_01-300x300.jpg",300,300,true],"medium_large":["https:\/\/educacion.ietres.com\/wp-content\/uploads\/2023\/04\/CHGSTA12AC-1E_01-768x768.jpg",768,768,true],"large":["https:\/\/educacion.ietres.com\/wp-content\/uploads\/2023\/04\/CHGSTA12AC-1E_01.jpg",800,800,false],"1536x1536":["https:\/\/educacion.ietres.com\/wp-content\/uploads\/2023\/04\/CHGSTA12AC-1E_01.jpg",800,800,false],"2048x2048":["https:\/\/educacion.ietres.com\/wp-content\/uploads\/2023\/04\/CHGSTA12AC-1E_01.jpg",800,800,false],"trp-custom-language-flag":["https:\/\/educacion.ietres.com\/wp-content\/uploads\/2023\/04\/CHGSTA12AC-1E_01-12x12.jpg",12,12,true],"woocommerce_thumbnail":["https:\/\/educacion.ietres.com\/wp-content\/uploads\/2023\/04\/CHGSTA12AC-1E_01-300x300.jpg",300,300,true],"woocommerce_single":["https:\/\/educacion.ietres.com\/wp-content\/uploads\/2023\/04\/CHGSTA12AC-1E_01-600x600.jpg",600,600,true],"woocommerce_gallery_thumbnail":["https:\/\/educacion.ietres.com\/wp-content\/uploads\/2023\/04\/CHGSTA12AC-1E_01-100x100.jpg",100,100,true]},"uagb_author_info":{"display_name":"Edgar Hidalgo","author_link":"https:\/\/educacion.ietres.com\/ca\/author\/"},"uagb_comment_info":0,"uagb_excerpt":"El armario de carga SCHUKO permite proteger y cargar hasta 12 dispositivos de hasta 15\u201d. Se puede montar en la pared, encima de una mesa o apilarlo con otro armario igual con ruedas opcionales. Ideal para clases reducidas en el entorno educativo. Entrega a pie de calle.","_links":{"self":[{"href":"https:\/\/educacion.ietres.com\/ca\/wp-json\/wp\/v2\/product\/10616"}],"collection":[{"href":"https:\/\/educacion.ietres.com\/ca\/wp-json\/wp\/v2\/product"}],"about":[{"href":"https:\/\/educacion.ietres.com\/ca\/wp-json\/wp\/v2\/types\/product"}],"wp:featuredmedia":[{"embeddable":true,"href":"https:\/\/educacion.ietres.com\/ca\/wp-json\/wp\/v2\/media\/10500"}],"wp:attachment":[{"href":"https:\/\/educacion.ietres.com\/ca\/wp-json\/wp\/v2\/media?parent=10616"}],"wp:term":[{"taxonomy":"product_cat","embeddable":true,"href":"https:\/\/educacion.ietres.com\/ca\/wp-json\/wp\/v2\/product_cat?post=10616"},{"taxonomy":"product_tag","embeddable":true,"href":"https:\/\/educacion.ietres.com\/ca\/wp-json\/wp\/v2\/product_tag?post=10616"}],"curies":[{"name":"wp","href":"https:\/\/api.w.org\/{rel}","templated":true}]}}