{"id":10611,"date":"2023-04-05T16:09:50","date_gmt":"2023-04-05T14:09:50","guid":{"rendered":"https:\/\/educacion.ietres.com\/?post_type=product&#038;p=10611"},"modified":"2025-04-04T12:39:15","modified_gmt":"2025-04-04T10:39:15","slug":"v7-kit-de-teclado-y-raton-usb","status":"publish","type":"product","link":"https:\/\/educacion.ietres.com\/ca\/ref\/v7-kit-de-teclado-y-raton-usb\/","title":{"rendered":"V7 Kit de teclat i ratol\u00ed USB"},"content":{"rendered":"<p>El combo de teclat i ratol\u00ed CKU200 de grand\u00e0ria completa de V7 est\u00e0 dissenyat per a oferir funcionalitat i comoditat durant tot el dia. Compta amb tecles multim\u00e8dia que et permeten accedir r\u00e0pidament a diverses funcions b\u00e0siques, la qual cosa t'estalvia temps.<\/p>\n<p>A m\u00e9s, les tecles s\u00f3n c\u00f2modes i estan dissenyades per a hores d'\u00fas. El blego es connecta a trav\u00e9s d'USB, la qual cosa ho fa compatible amb una \u00e0mplia varietat de dispositius, i \u00e9s una soluci\u00f3 perfecta per a professionals de negocis.<\/p>\n<p>Aquest combo est\u00e0 dissenyat per a durar, amb una resist\u00e8ncia a vessaments i potes ajustables resistents. El ratol\u00ed compta amb una resoluci\u00f3 ajustable de 1600 dpi per a un alt rendiment, un disseny ambidextre amb tres botons contornejats i \u00e9s c\u00f2mode d'usar durant tot el dia.<\/p>\n<p>D'altra banda, el disseny prim del teclat permet que les teves mans estiguin relaxades per a escriure durant hores amb comoditat. Caracter\u00edstiques principals:<br \/>\n\u2022 Tecles d'acc\u00e9s r\u00e0pid: internet, correu, controls d'\u00e0udio i m\u00e9s<br \/>\n\u2022 Tecles amb revestiment UV per a major durabilitat<br \/>\n\u2022 Disseny resistent a vessaments i amb potes d'inclinaci\u00f3 ajustables<br \/>\n\u2022 Ratol\u00ed \u00f2ptic de 1.600 dpi i grand\u00e0ria completa<br \/>\n\u2022 Pack teclat i ratol\u00ed per cable USB<\/p>","protected":false},"excerpt":{"rendered":"<p>El CKU200 \u00e9s un combo de teclat i ratol\u00ed de grand\u00e0ria completa ideal per a l'escola i el treball. T\u00e9 tecles d'acc\u00e9s r\u00e0pid, connexi\u00f3 USB, disseny resistent a vessaments i potes ajustables. El ratol\u00ed t\u00e9 una resoluci\u00f3 ajustable de fins a 1,600 dpi i \u00e9s apte per a destres i esquerrans.<\/p>","protected":false},"featured_media":10440,"template":"","meta":{"_uag_custom_page_level_css":"","site-sidebar-layout":"default","site-content-layout":"default","ast-global-header-display":"","ast-main-header-display":"","ast-hfb-above-header-display":"","ast-hfb-below-header-display":"","ast-hfb-mobile-header-display":"","site-post-title":"","ast-breadcrumbs-content":"","ast-featured-img":"","footer-sml-layout":"","theme-transparent-header-meta":"default","adv-header-id-meta":"","stick-header-meta":"default","header-above-stick-meta":"","header-main-stick-meta":"","header-below-stick-meta":""},"product_cat":[15],"product_tag":[],"uagb_featured_image_src":{"full":["https:\/\/educacion.ietres.com\/wp-content\/uploads\/2023\/04\/CKU200ES_01.jpg",800,800,false],"thumbnail":["https:\/\/educacion.ietres.com\/wp-content\/uploads\/2023\/04\/CKU200ES_01-150x150.jpg",150,150,true],"medium":["https:\/\/educacion.ietres.com\/wp-content\/uploads\/2023\/04\/CKU200ES_01-300x300.jpg",300,300,true],"medium_large":["https:\/\/educacion.ietres.com\/wp-content\/uploads\/2023\/04\/CKU200ES_01-768x768.jpg",768,768,true],"large":["https:\/\/educacion.ietres.com\/wp-content\/uploads\/2023\/04\/CKU200ES_01.jpg",800,800,false],"1536x1536":["https:\/\/educacion.ietres.com\/wp-content\/uploads\/2023\/04\/CKU200ES_01.jpg",800,800,false],"2048x2048":["https:\/\/educacion.ietres.com\/wp-content\/uploads\/2023\/04\/CKU200ES_01.jpg",800,800,false],"trp-custom-language-flag":["https:\/\/educacion.ietres.com\/wp-content\/uploads\/2023\/04\/CKU200ES_01-12x12.jpg",12,12,true],"woocommerce_thumbnail":["https:\/\/educacion.ietres.com\/wp-content\/uploads\/2023\/04\/CKU200ES_01-300x300.jpg",300,300,true],"woocommerce_single":["https:\/\/educacion.ietres.com\/wp-content\/uploads\/2023\/04\/CKU200ES_01-600x600.jpg",600,600,true],"woocommerce_gallery_thumbnail":["https:\/\/educacion.ietres.com\/wp-content\/uploads\/2023\/04\/CKU200ES_01-100x100.jpg",100,100,true]},"uagb_author_info":{"display_name":"Edgar Hidalgo","author_link":"https:\/\/educacion.ietres.com\/ca\/author\/"},"uagb_comment_info":0,"uagb_excerpt":"El CKU200 es un combo de teclado y rat\u00f3n de tama\u00f1o completo ideal para la escuela y el trabajo. Tiene teclas de acceso r\u00e1pido, conexi\u00f3n USB, dise\u00f1o resistente a derrames y patas ajustables. El rat\u00f3n tiene una resoluci\u00f3n ajustable de hasta 1,600 dpi y es apto para diestros y zurdos.","_links":{"self":[{"href":"https:\/\/educacion.ietres.com\/ca\/wp-json\/wp\/v2\/product\/10611"}],"collection":[{"href":"https:\/\/educacion.ietres.com\/ca\/wp-json\/wp\/v2\/product"}],"about":[{"href":"https:\/\/educacion.ietres.com\/ca\/wp-json\/wp\/v2\/types\/product"}],"wp:featuredmedia":[{"embeddable":true,"href":"https:\/\/educacion.ietres.com\/ca\/wp-json\/wp\/v2\/media\/10440"}],"wp:attachment":[{"href":"https:\/\/educacion.ietres.com\/ca\/wp-json\/wp\/v2\/media?parent=10611"}],"wp:term":[{"taxonomy":"product_cat","embeddable":true,"href":"https:\/\/educacion.ietres.com\/ca\/wp-json\/wp\/v2\/product_cat?post=10611"},{"taxonomy":"product_tag","embeddable":true,"href":"https:\/\/educacion.ietres.com\/ca\/wp-json\/wp\/v2\/product_tag?post=10611"}],"curies":[{"name":"wp","href":"https:\/\/api.w.org\/{rel}","templated":true}]}}