{"id":10610,"date":"2023-04-05T13:05:09","date_gmt":"2023-04-05T11:05:09","guid":{"rendered":"https:\/\/educacion.ietres.com\/?post_type=product&#038;p=10610"},"modified":"2023-04-26T13:31:04","modified_gmt":"2023-04-26T11:31:04","slug":"thinkcentre-m720q-tiny-reacondicionado","status":"publish","type":"product","link":"https:\/\/educacion.ietres.com\/ca\/ref\/thinkcentre-m720q-tiny-reacondicionado\/","title":{"rendered":"ThinkCentre M720q Tiny \u2013 Recondicionat"},"content":{"rendered":"<p>Els equips recondicionats s\u00f3n una excel\u00b7lent opci\u00f3 no sols per la seva sostenibilitat i estalvi, sin\u00f3 perqu\u00e8 s\u00f3n equips que ofereixen una total garantia, ja que darrere hi ha un equip t\u00e8cnic que certifica i verifica m\u00e9s de 25 punts cr\u00edtics abans de catalogar i lliurar el dispositiu.<br \/>\nA ietres Educaci\u00f3 volem fer costat a tots els centres educatius i junts formar part d'una tecnologia m\u00e9s sostenible i justa. La tecnologia ha estat dissenyada per a millorar la qualitat de vida de les persones, a tot arreu. Per aix\u00f2, volem fomentar el nou model de producci\u00f3 i consum que garanteix una optimitzaci\u00f3 de recursos, aprofitament de residus i la reducci\u00f3 del consum de mat\u00e8ries, afavorint l'economia circular.<br \/>\nEls equips recondicionats, una vegada se'ls dona una segona vida, necessiten una nova llic\u00e8ncia que acrediti que \u00e9s aut\u00e8ntica i no \u00e9s il\u00b7legal. Comprant equips recondicionats amb IETRES EDUCACION, t'assegures de la seva autenticitat, ja que els equips s\u00f3n venuts amb l'acreditaci\u00f3 original.<\/p>","protected":false},"excerpt":{"rendered":"<p>Intel Core i5-8500T @ 2.10 GHz &#8211; 3.50 GHz turbo (6 core\/6 thread), Intel UHD Graphics 630, 256 GB SSD, 8GB DDR4 (2x4GB), Windows 10 Pro<\/p>\n<p><strong>No inclou teclat i ratol\u00ed<\/strong><\/p>","protected":false},"featured_media":10648,"template":"","meta":{"_uag_custom_page_level_css":"","site-sidebar-layout":"default","site-content-layout":"default","ast-global-header-display":"","ast-main-header-display":"","ast-hfb-above-header-display":"","ast-hfb-below-header-display":"","ast-hfb-mobile-header-display":"","site-post-title":"","ast-breadcrumbs-content":"","ast-featured-img":"","footer-sml-layout":"","theme-transparent-header-meta":"default","adv-header-id-meta":"","stick-header-meta":"default","header-above-stick-meta":"","header-main-stick-meta":"","header-below-stick-meta":""},"product_cat":[429,769],"product_tag":[],"uagb_featured_image_src":{"full":["https:\/\/educacion.ietres.com\/wp-content\/uploads\/2023\/04\/RF-VAL-PC-053-A_reacondicionado.jpg",800,800,false],"thumbnail":["https:\/\/educacion.ietres.com\/wp-content\/uploads\/2023\/04\/RF-VAL-PC-053-A_reacondicionado-150x150.jpg",150,150,true],"medium":["https:\/\/educacion.ietres.com\/wp-content\/uploads\/2023\/04\/RF-VAL-PC-053-A_reacondicionado-300x300.jpg",300,300,true],"medium_large":["https:\/\/educacion.ietres.com\/wp-content\/uploads\/2023\/04\/RF-VAL-PC-053-A_reacondicionado-768x768.jpg",768,768,true],"large":["https:\/\/educacion.ietres.com\/wp-content\/uploads\/2023\/04\/RF-VAL-PC-053-A_reacondicionado.jpg",800,800,false],"1536x1536":["https:\/\/educacion.ietres.com\/wp-content\/uploads\/2023\/04\/RF-VAL-PC-053-A_reacondicionado.jpg",800,800,false],"2048x2048":["https:\/\/educacion.ietres.com\/wp-content\/uploads\/2023\/04\/RF-VAL-PC-053-A_reacondicionado.jpg",800,800,false],"trp-custom-language-flag":["https:\/\/educacion.ietres.com\/wp-content\/uploads\/2023\/04\/RF-VAL-PC-053-A_reacondicionado-12x12.jpg",12,12,true],"woocommerce_thumbnail":["https:\/\/educacion.ietres.com\/wp-content\/uploads\/2023\/04\/RF-VAL-PC-053-A_reacondicionado-300x300.jpg",300,300,true],"woocommerce_single":["https:\/\/educacion.ietres.com\/wp-content\/uploads\/2023\/04\/RF-VAL-PC-053-A_reacondicionado-600x600.jpg",600,600,true],"woocommerce_gallery_thumbnail":["https:\/\/educacion.ietres.com\/wp-content\/uploads\/2023\/04\/RF-VAL-PC-053-A_reacondicionado-100x100.jpg",100,100,true]},"uagb_author_info":{"display_name":"Edgar Hidalgo","author_link":"https:\/\/educacion.ietres.com\/ca\/author\/"},"uagb_comment_info":0,"uagb_excerpt":"Intel Core i5-8500T @ 2.10 GHz - 3.50 GHz turbo (6 core\/6 thread), Intel UHD Graphics 630, 256 GB SSD, 8GB DDR4 (2x4GB), Windows 10 Pro No incluye teclado y rat\u00f3n","_links":{"self":[{"href":"https:\/\/educacion.ietres.com\/ca\/wp-json\/wp\/v2\/product\/10610"}],"collection":[{"href":"https:\/\/educacion.ietres.com\/ca\/wp-json\/wp\/v2\/product"}],"about":[{"href":"https:\/\/educacion.ietres.com\/ca\/wp-json\/wp\/v2\/types\/product"}],"wp:featuredmedia":[{"embeddable":true,"href":"https:\/\/educacion.ietres.com\/ca\/wp-json\/wp\/v2\/media\/10648"}],"wp:attachment":[{"href":"https:\/\/educacion.ietres.com\/ca\/wp-json\/wp\/v2\/media?parent=10610"}],"wp:term":[{"taxonomy":"product_cat","embeddable":true,"href":"https:\/\/educacion.ietres.com\/ca\/wp-json\/wp\/v2\/product_cat?post=10610"},{"taxonomy":"product_tag","embeddable":true,"href":"https:\/\/educacion.ietres.com\/ca\/wp-json\/wp\/v2\/product_tag?post=10610"}],"curies":[{"name":"wp","href":"https:\/\/api.w.org\/{rel}","templated":true}]}}