{"id":10329,"date":"2023-03-29T12:14:09","date_gmt":"2023-03-29T10:14:09","guid":{"rendered":"https:\/\/educacion.ietres.com\/?post_type=product&#038;p=10329"},"modified":"2025-04-07T18:55:59","modified_gmt":"2025-04-07T16:55:59","slug":"acer-chromebook-511-c734-2","status":"publish","type":"product","link":"https:\/\/educacion.ietres.com\/ca\/ref\/acer-chromebook-511-c734-2\/","title":{"rendered":"Acer Chromebook 511 C734"},"content":{"rendered":"<h2>Acer Chromebook 511: m\u00e9s enll\u00e0 del tradicional<\/h2>\n<h3>PROCESSAMENT LLEST PER AL FUTUR<\/h3>\n<p>Gaudeix d'una llarga durada de la bateria i un programari receptiu gr\u00e0cies al processador Intel\u00ae m\u00e9s recent. L'augment addicional de rendiment permet que els projectes a la sala de classes s'executin sense problemes, de manera que les tasques es puguin completar m\u00e9s r\u00e0pid, mentre que l'avan\u00e7ada tecnologia Wi-Fi Intel 6 (802.11ax) li permet gaudir velocitats fins a 3 vegades m\u00e9s r\u00e0pides que les de Wi-Fi 5 est\u00e0ndard. La bateria de fins a 10 hores dura tot el dia. Amb una sola c\u00e0rrega permet realitzar un dia complet de classes sense necessitat d'estar pendent del carregador.<\/p>\n<h3>DISSENY CENTRAT EN L'ESTUDIANT<\/h3>\n<p>Les tecles del teclat del Acer Chromebook 511 C734 es troben ancorades de manera mec\u00e0nica, la qual cosa les mant\u00e9 segures davant nens inquiets. Ja que es tracta d'un teclat f\u00e0cil de reparar, aquestes tecles s\u00f3n dif\u00edcils de llevar i f\u00e0cils de substituir, la qual cosa les fa ideals en sales de classes en les quals es comparteixen els equips entre diferents estudiants. No sols aix\u00f2, gr\u00e0cies als micr\u00f2fons duals incorporats i al filtre de c\u00e0mera web de cristall blau, aquest dispositiu tamb\u00e9 \u00e9s una opci\u00f3 ideal per a l'aprenentatge remot.<\/p>\n<h3>DURABILITAT PER A TOT EL DIA<\/h3>\n<p>El cos resistent als impactes del Acer Chromebook 511 C734, provat segons est\u00e0ndards militars (MIL-STD-810H), suporta tot tipus d'\u00fas i desgast diaris. El para-xocs que absorbeix l'impacte de les caigudes i el seu disseny refor\u00e7at protegeixen el dispositiu de caigudes de fins a 122 cm i fins a 60 kg de for\u00e7a descendent. Els suports eixamplats i els ports de E\/S refor\u00e7ats la protegeixen contra l'\u00fas brusc, mentre l'exclusiu disseny de drenatge del teclat protegeix els components interns de fins a 330 ml de vessament l\u00edquid.<\/p>\n<h3>CHROME EDUCACI\u00d3, IDEAL PER A L'ESCOLA<\/h3>\n<p>L'actualitzaci\u00f3 d'educaci\u00f3 de Chrome aprofita totes les capacitats de la seva Chromebook i Chrome US Per a enfrontar les c\u00e0rregues de treball cada vegada majors dels professors, alliberar recursos de TU i proporcionar als educadors m\u00e9s temps per a centrar-se en els resultats d'aprenentatge, sense posar en risc la seguretat. A m\u00e9s, la inscripci\u00f3 sense intervenci\u00f3 permet als departaments de TU lliurar dispositius amb Chrome US Que s'inscriuen autom\u00e0ticament en el domini d'una escola quan es connecten a Internet.<\/p>\n<h3>REDUIR, REUTILITZAR, RECICLAR<\/h3>\n<p>Cremar o enterrar les deixalles no \u00e9s l'\u00fanica opci\u00f3. Creada parcialment amb pl\u00e0stics reciclats usats per consumidors, el Acer Chromebook 511 C734 \u00e9s una prova del comprom\u00eds de Acer a promoure operacions sustentables. A m\u00e9s, el panell t\u00e0ctil OceanGlass\u2122 ecol\u00f2gic est\u00e0 fabricat \u00edntegrament amb residus de pl\u00e0stic abandonats en l'oce\u00e0, els quals es reutilitzen en la seva superf\u00edcie per a proporcionar-li una textura t\u00e0ctil elegant i similar a la del cristall a mesura que els dits es desplacen pel panell t\u00e0ctil.<\/p>","protected":false},"excerpt":{"rendered":"<p>Intel Celeron, 14 polzades, 4 GB DDR4 soldada en placa, 32 GB SSD soldat en placa, Intel\u00ae UHD Graphics, ChromeOS<\/p>\n<p><a href=\"https:\/\/educacion.ietres.com\/acer-for-education\/\"><span class=\"md-plain\">M\u00e9s informaci\u00f3 sobre les solucions d'educaci\u00f3 Acer<\/span><\/a><\/p>","protected":false},"featured_media":10318,"template":"","meta":{"_uag_custom_page_level_css":"","site-sidebar-layout":"default","site-content-layout":"default","ast-global-header-display":"","ast-main-header-display":"","ast-hfb-above-header-display":"","ast-hfb-below-header-display":"","ast-hfb-mobile-header-display":"","site-post-title":"","ast-breadcrumbs-content":"","ast-featured-img":"","footer-sml-layout":"","theme-transparent-header-meta":"default","adv-header-id-meta":"","stick-header-meta":"default","header-above-stick-meta":"","header-main-stick-meta":"","header-below-stick-meta":""},"product_cat":[15],"product_tag":[],"uagb_featured_image_src":{"full":["https:\/\/educacion.ietres.com\/wp-content\/uploads\/2023\/03\/C734-C734T-01.jpg",800,800,false],"thumbnail":["https:\/\/educacion.ietres.com\/wp-content\/uploads\/2023\/03\/C734-C734T-01.jpg",150,150,false],"medium":["https:\/\/educacion.ietres.com\/wp-content\/uploads\/2023\/03\/C734-C734T-01.jpg",300,300,false],"medium_large":["https:\/\/educacion.ietres.com\/wp-content\/uploads\/2023\/03\/C734-C734T-01.jpg",768,768,false],"large":["https:\/\/educacion.ietres.com\/wp-content\/uploads\/2023\/03\/C734-C734T-01.jpg",800,800,false],"1536x1536":["https:\/\/educacion.ietres.com\/wp-content\/uploads\/2023\/03\/C734-C734T-01.jpg",800,800,false],"2048x2048":["https:\/\/educacion.ietres.com\/wp-content\/uploads\/2023\/03\/C734-C734T-01.jpg",800,800,false],"trp-custom-language-flag":["https:\/\/educacion.ietres.com\/wp-content\/uploads\/2023\/03\/C734-C734T-01.jpg",12,12,false],"woocommerce_thumbnail":["https:\/\/educacion.ietres.com\/wp-content\/uploads\/2023\/03\/C734-C734T-01.jpg",300,300,false],"woocommerce_single":["https:\/\/educacion.ietres.com\/wp-content\/uploads\/2023\/03\/C734-C734T-01.jpg",600,600,false],"woocommerce_gallery_thumbnail":["https:\/\/educacion.ietres.com\/wp-content\/uploads\/2023\/03\/C734-C734T-01.jpg",100,100,false]},"uagb_author_info":{"display_name":"Edgar Hidalgo","author_link":"https:\/\/educacion.ietres.com\/ca\/author\/"},"uagb_comment_info":0,"uagb_excerpt":"Intel Celeron, 11.6 pulgadas, 4 GB DDR4 soldada en placa, 32 GB SSD soldado en placa, Intel\u00ae UHD Graphics, ChromeOS M\u00e1s informaci\u00f3n sobre las soluciones de educaci\u00f3n Acer","_links":{"self":[{"href":"https:\/\/educacion.ietres.com\/ca\/wp-json\/wp\/v2\/product\/10329"}],"collection":[{"href":"https:\/\/educacion.ietres.com\/ca\/wp-json\/wp\/v2\/product"}],"about":[{"href":"https:\/\/educacion.ietres.com\/ca\/wp-json\/wp\/v2\/types\/product"}],"wp:featuredmedia":[{"embeddable":true,"href":"https:\/\/educacion.ietres.com\/ca\/wp-json\/wp\/v2\/media\/10318"}],"wp:attachment":[{"href":"https:\/\/educacion.ietres.com\/ca\/wp-json\/wp\/v2\/media?parent=10329"}],"wp:term":[{"taxonomy":"product_cat","embeddable":true,"href":"https:\/\/educacion.ietres.com\/ca\/wp-json\/wp\/v2\/product_cat?post=10329"},{"taxonomy":"product_tag","embeddable":true,"href":"https:\/\/educacion.ietres.com\/ca\/wp-json\/wp\/v2\/product_tag?post=10329"}],"curies":[{"name":"wp","href":"https:\/\/api.w.org\/{rel}","templated":true}]}}