{"id":10271,"date":"2023-03-28T12:57:55","date_gmt":"2023-03-28T10:57:55","guid":{"rendered":"https:\/\/educacion.ietres.com\/?post_type=product&#038;p=10271"},"modified":"2025-04-07T19:00:05","modified_gmt":"2025-04-07T17:00:05","slug":"lenovo-300e-windows-2nd-gen","status":"publish","type":"product","link":"https:\/\/educacion.ietres.com\/ca\/ref\/lenovo-300e-windows-2nd-gen\/","title":{"rendered":"Lenovo 300e Windows Gen2"},"content":{"rendered":"<h2>Ha arribat el nou i gran port\u00e0til del campus.<\/h2>\n<h3>PRESENTACI\u00d3 DEL PORT\u00c0TIL LENOVO 300e AMB WINDOWS 10 PER A L'APRENENTATGE D'\u00daLTIMA GENERACI\u00d3.<\/h3>\n<p>El port\u00e0til 300e de 2a generaci\u00f3, tecnologia que forma part de la generaci\u00f3 t\u00e0ctil, ha tornat millor que mai. Les funcions intel\u00b7ligents i expertes en tecnologia com la frontissa de 360 graus i la c\u00e0mera posterior s\u00f3n nom\u00e9s dos dels molts elements destacats. Aquesta eina d'aprenentatge d'avantguarda tamb\u00e9 compta amb un processador amb una pot\u00e8ncia i velocitat inigualables per a mantenir el ritme de les ments m\u00e9s brillants d'avui. A m\u00e9s, la plataforma Windows 10 f\u00e0cil d'usar ajuda a professors i estudiants a crear una experi\u00e8ncia d'aprenentatge din\u00e0mic tant dins com fora de l'aula. Quan s'afegeixen les mesures de seguretat integrals i les opcions de gesti\u00f3 senzilla de dispositius per a l'escola, el 300e \u00e9s \u00fanic en la seva esp\u00e8cie.<\/p>\n<h3>M\u00daLTIPLES MANERES D'APRENENTATGE<\/h3>\n<p>El 300e s'ha dissenyat per a ser tan flexible com el teu pla d'estudis. La seva frontissa de 360 graus i els seus quatre modes d\u00fas permeten als estudiants superar els l\u00edmits de l'aprenentatge per a satisfer les seves necessitats. Per tant, ja es tracti de material gr\u00e0fic, tasques o veure una pel\u00b7l\u00edcula per a classe, el 300e pot fer-ho tot a la perfecci\u00f3.<\/p>\n<h3>POTENTS POSSIBILITATS<\/h3>\n<p>El 300e combina la interf\u00edcie senzilla de Windows 10 amb una pantalla multit\u00e0ctil de 29,46 cm (11,6\u2033) i 10 punts per a una experi\u00e8ncia d'usuari de qualitat. Els estudiants poden estudiar sense paper gr\u00e0cies al llapis t\u00e0ctil i integrat AES, perfecte per a prendre notes, dibuixar i molt m\u00e9s. Combina tot aix\u00f2 amb un potent processador Intel Pentium Silver de 2,6 GHz i obtindr\u00e0s un port\u00e0til exclusiu tot en un.<\/p>\n<h3>LA SOLIDESA VE INCLOSA<\/h3>\n<p>Des dels autobusos fins a les motxilles, passant per aules i casellers, el 300e s'ha dissenyat per a manejar el ritme de l'acad\u00e8mia. Aquest port\u00e0til, caracteritzat pel seu disseny resistent a les caigudes, el teclat resistent a l'aigua i la seva frontissa s\u00f2lida i refor\u00e7ada de 360 graus, est\u00e0 equipat per a adaptar-se a les exig\u00e8ncies quotidianes dels teus estudiants.<\/p>\n<h3>CONNECTA'T I COL\u00b7LABORA AMB UNA SOLA C\u00c0RREGA<\/h3>\n<p>Si el treball en equip aconsegueix fer els somnis realitat, el 300e fa realitat tots dos somnis. La c\u00e0mera posterior facilita als estudiants prendre fotos i compartir el treball a classe o a casa; a m\u00e9s, la seva bateria de 10 hores* d'autonomia permet que tots segueixin connectats molt despr\u00e9s que soni el timbre. I no oblidis la connectivitat USB tipus C per a aquests dies en qu\u00e8 has de fer presentacions importants. En conjunt, aquest triplet de funcions no pot superar-se.<\/p>","protected":false},"excerpt":{"rendered":"<p><span class=\"unidades-limitadas\">Unitats molt limitades!<\/span><\/p>\n<p>Intel Celeron, multit\u00e0ctil, stylus incl\u00f2s, 11.6 polzades, 4 GB DDR4 soldada en placa, 128 GB SSD, Intel\u00ae UHD Graphics, Windows 10 Pro Education, Negre, Lenovo\u00ae USI Pen<\/p>\n<p><a spellcheck=\"false\" href=\"https:\/\/educacion.ietres.com\/lenovo-educacion\/\"><span class=\"md-plain\">M\u00e9s informaci\u00f3 sobre les solucions d'educaci\u00f3 Lenovo<\/span><\/a><\/p>","protected":false},"featured_media":10283,"template":"","meta":{"_uag_custom_page_level_css":"","site-sidebar-layout":"default","site-content-layout":"default","ast-global-header-display":"","ast-main-header-display":"","ast-hfb-above-header-display":"","ast-hfb-below-header-display":"","ast-hfb-mobile-header-display":"","site-post-title":"","ast-breadcrumbs-content":"","ast-featured-img":"","footer-sml-layout":"","theme-transparent-header-meta":"default","adv-header-id-meta":"","stick-header-meta":"default","header-above-stick-meta":"","header-main-stick-meta":"","header-below-stick-meta":""},"product_cat":[15],"product_tag":[],"uagb_featured_image_src":{"full":["https:\/\/educacion.ietres.com\/wp-content\/uploads\/2023\/03\/81M9006ESP_01.jpg",800,800,false],"thumbnail":["https:\/\/educacion.ietres.com\/wp-content\/uploads\/2023\/03\/81M9006ESP_01-150x150.jpg",150,150,true],"medium":["https:\/\/educacion.ietres.com\/wp-content\/uploads\/2023\/03\/81M9006ESP_01-300x300.jpg",300,300,true],"medium_large":["https:\/\/educacion.ietres.com\/wp-content\/uploads\/2023\/03\/81M9006ESP_01-768x768.jpg",768,768,true],"large":["https:\/\/educacion.ietres.com\/wp-content\/uploads\/2023\/03\/81M9006ESP_01.jpg",800,800,false],"1536x1536":["https:\/\/educacion.ietres.com\/wp-content\/uploads\/2023\/03\/81M9006ESP_01.jpg",800,800,false],"2048x2048":["https:\/\/educacion.ietres.com\/wp-content\/uploads\/2023\/03\/81M9006ESP_01.jpg",800,800,false],"trp-custom-language-flag":["https:\/\/educacion.ietres.com\/wp-content\/uploads\/2023\/03\/81M9006ESP_01-12x12.jpg",12,12,true],"woocommerce_thumbnail":["https:\/\/educacion.ietres.com\/wp-content\/uploads\/2023\/03\/81M9006ESP_01-300x300.jpg",300,300,true],"woocommerce_single":["https:\/\/educacion.ietres.com\/wp-content\/uploads\/2023\/03\/81M9006ESP_01-600x600.jpg",600,600,true],"woocommerce_gallery_thumbnail":["https:\/\/educacion.ietres.com\/wp-content\/uploads\/2023\/03\/81M9006ESP_01-100x100.jpg",100,100,true]},"uagb_author_info":{"display_name":"Edgar Hidalgo","author_link":"https:\/\/educacion.ietres.com\/ca\/author\/"},"uagb_comment_info":0,"uagb_excerpt":"\u00a1Unidades muy limitadas! Intel Celeron, multit\u00e1ctil, stylus incluido, 11.6 pulgadas, 4 GB DDR4 soldada en placa, 128 GB SSD, Intel\u00ae UHD Graphics, Windows 10 Pro Education, Negro, Lenovo\u00ae USI Pen M\u00e1s informaci\u00f3n sobre las soluciones de educaci\u00f3n Lenovo","_links":{"self":[{"href":"https:\/\/educacion.ietres.com\/ca\/wp-json\/wp\/v2\/product\/10271"}],"collection":[{"href":"https:\/\/educacion.ietres.com\/ca\/wp-json\/wp\/v2\/product"}],"about":[{"href":"https:\/\/educacion.ietres.com\/ca\/wp-json\/wp\/v2\/types\/product"}],"wp:featuredmedia":[{"embeddable":true,"href":"https:\/\/educacion.ietres.com\/ca\/wp-json\/wp\/v2\/media\/10283"}],"wp:attachment":[{"href":"https:\/\/educacion.ietres.com\/ca\/wp-json\/wp\/v2\/media?parent=10271"}],"wp:term":[{"taxonomy":"product_cat","embeddable":true,"href":"https:\/\/educacion.ietres.com\/ca\/wp-json\/wp\/v2\/product_cat?post=10271"},{"taxonomy":"product_tag","embeddable":true,"href":"https:\/\/educacion.ietres.com\/ca\/wp-json\/wp\/v2\/product_tag?post=10271"}],"curies":[{"name":"wp","href":"https:\/\/api.w.org\/{rel}","templated":true}]}}