{"id":7204,"date":"2022-04-07T17:16:13","date_gmt":"2022-04-07T15:16:13","guid":{"rendered":"https:\/\/educacion.ietres.com\/?page_id=7204"},"modified":"2023-05-03T23:46:24","modified_gmt":"2023-05-03T21:46:24","slug":"microsoft365","status":"publish","type":"page","link":"https:\/\/educacion.ietres.com\/ca\/microsoft365\/","title":{"rendered":"Plans Microsoft 365 Education"},"content":{"rendered":"<div class=\"wp-block-uagb-container info-intro-section uagb-block-cde565de alignfull uagb-is-root-container\"><div class=\"uagb-container-inner-blocks-wrap\">\n<figure class=\"wp-block-image aligncenter ba986da98-b68f-466f-8d5a-1357d2091611\"><img decoding=\"async\" loading=\"lazy\" width=\"311\" height=\"50\" src=\"https:\/\/educacion.ietres.com\/wp-content\/uploads\/2022\/04\/01_365.png\" alt=\"Microsoft 365\" class=\"wp-image-7244\" srcset=\"https:\/\/educacion.ietres.com\/wp-content\/uploads\/2022\/04\/01_365.png 311w, https:\/\/educacion.ietres.com\/wp-content\/uploads\/2022\/04\/01_365-300x48.png 300w, https:\/\/educacion.ietres.com\/wp-content\/uploads\/2022\/04\/01_365-200x32.png 200w\" sizes=\"(max-width: 311px) 100vw, 311px\" \/><\/figure>\n\n\n\n<p class=\"has-text-align-center\">Ara pots trobar la soluci\u00f3 <strong>Microsoft 365<\/strong> m\u00e9s adequada. Des d' <strong>ietres inform\u00e1tica<\/strong> t'oferim tota l'ajuda que puguis necessitar per a desplegar-ho. Tots els plans es creen expressament per a l'educaci\u00f3 i estan replets de funcions que ajuden el professorat i als estudiants a aconseguir m\u00e9s, sense importar on s'ensenya i s'apr\u00e8n.<\/p>\n\n\n\n<p class=\"has-text-align-center\"><strong>Microsoft 365 per a Educaci\u00f3<\/strong> ofereix als responsables de centres escolars, professorat, personal de TU i estudiants les solucions de programari per a ajudar a millorar els resultats acad\u00e8mics i la productivitat a l'aula, aconseguir les seves metes i estalviar temps i diners.<\/p>\n\n\n\n<div class=\"wp-block-uagb-buttons uagb-buttons__outer-wrap uagb-btn__default-btn uagb-btn-tablet__default-btn uagb-btn-mobile__default-btn uagb-block-e5e60d22\"><div class=\"uagb-buttons__wrap uagb-buttons-layout-wrap\">\n<div class=\"wp-block-uagb-buttons-child uagb-buttons__outer-wrap uagb-block-adcec30f wp-block-button is-style-outline\"><div class=\"uagb-button__wrapper\"><a class=\"uagb-buttons-repeater wp-block-button__link has-background has-text-color\" href=\"#contacto\" onclick=\"return true;\" rel=\"follow noopener\" target=\"_self\"><span class=\"uagb-button__icon uagb-button__icon-position-before\"><svg xmlns=\"https:\/\/www.w3.org\/2000\/svg\" viewbox=\"0 0 512 512\"><path d=\"M256 0C114.6 0 0 114.6 0 256s114.6 256 256 256s256-114.6 256-256S397.4 0 256 0zM256 128c17.67 0 32 14.33 32 32c0 17.67-14.33 32-32 32S224 177.7 224 160C224 142.3 238.3 128 256 128zM296 384h-80C202.8 384 192 373.3 192 360s10.75-24 24-24h16v-64H224c-13.25 0-24-10.75-24-24S210.8 224 224 224h32c13.25 0 24 10.75 24 24v88h16c13.25 0 24 10.75 24 24S309.3 384 296 384z\"><\/path><\/svg><\/span><div class=\"uagb-button__link\">Contacta amb nosaltres<\/div><\/a><\/div><\/div>\n<\/div><\/div>\n<\/div><\/div>\n\n\n\n<div class=\"wp-block-uagb-container info-separator uagb-block-ef7cea16 alignfull uagb-is-root-container\"><div class=\"uagb-container__shape uagb-container__shape-top\"><svg xmlns=\"https:\/\/www.w3.org\/2000\/svg\" viewbox=\"0 0 1000 100\" preserveaspectratio=\"none\"><path class=\"uagb-container__shape-fill\" d=\"M421.9,6.5c22.6-2.5,51.5,0.4,75.5,5.3c23.6,4.9,70.9,23.5,100.5,35.7c75.8,32.2,133.7,44.5,192.6,49.7  c23.6,2.1,48.7,3.5,103.4-2.5c54.7-6,106.2-25.6,106.2-25.6V0H0v30.3c0,0,72,32.6,158.4,30.5c39.2-0.7,92.8-6.7,134-22.4  c21.2-8.1,52.2-18.2,79.7-24.2C399.3,7.9,411.6,7.5,421.9,6.5z\"><\/path><\/svg><\/div><\/div>\n\n\n\n<div class=\"wp-block-uagb-container info-section uagb-block-6503770d alignfull uagb-is-root-container\"><div class=\"uagb-container-inner-blocks-wrap\">\n<div class=\"wp-block-uagb-container uagb-block-71953fe1\">\n<figure class=\"wp-block-image aligncenter has-custom-border round-border\"><img decoding=\"async\" loading=\"lazy\" width=\"1024\" height=\"1024\" src=\"https:\/\/educacion.ietres.com\/wp-content\/uploads\/2022\/04\/microsoft_365_A3_comp-1024x1024.jpg\" alt=\"Microsoft 365 A3\" class=\"wp-image-7251\" style=\"border-radius:15px\" srcset=\"https:\/\/educacion.ietres.com\/wp-content\/uploads\/2022\/04\/microsoft_365_A3_comp-1024x1024.jpg 1024w, https:\/\/educacion.ietres.com\/wp-content\/uploads\/2022\/04\/microsoft_365_A3_comp-300x300.jpg 300w, https:\/\/educacion.ietres.com\/wp-content\/uploads\/2022\/04\/microsoft_365_A3_comp-100x100.jpg 100w, https:\/\/educacion.ietres.com\/wp-content\/uploads\/2022\/04\/microsoft_365_A3_comp-600x600.jpg 600w, https:\/\/educacion.ietres.com\/wp-content\/uploads\/2022\/04\/microsoft_365_A3_comp-150x150.jpg 150w, https:\/\/educacion.ietres.com\/wp-content\/uploads\/2022\/04\/microsoft_365_A3_comp-768x768.jpg 768w, https:\/\/educacion.ietres.com\/wp-content\/uploads\/2022\/04\/microsoft_365_A3_comp-45x45.jpg 45w, https:\/\/educacion.ietres.com\/wp-content\/uploads\/2022\/04\/microsoft_365_A3_comp-500x500.jpg 500w, https:\/\/educacion.ietres.com\/wp-content\/uploads\/2022\/04\/microsoft_365_A3_comp-418x418.jpg 418w, https:\/\/educacion.ietres.com\/wp-content\/uploads\/2022\/04\/microsoft_365_A3_comp-670x670.jpg 670w, https:\/\/educacion.ietres.com\/wp-content\/uploads\/2022\/04\/microsoft_365_A3_comp.jpg 1050w\" sizes=\"(max-width: 1024px) 100vw, 1024px\" \/><\/figure>\n<\/div>\n\n\n\n<div class=\"wp-block-uagb-container uagb-block-6ffdb7ea\">\n<figure class=\"wp-block-image b946fd7a0-4fb1-47cb-b4d8-984a803d6664\"><img decoding=\"async\" loading=\"lazy\" width=\"300\" height=\"40\" src=\"https:\/\/educacion.ietres.com\/wp-content\/uploads\/2022\/04\/02_365_A3.png\" alt=\"Microsoft 365 A3\" class=\"wp-image-7242\" srcset=\"https:\/\/educacion.ietres.com\/wp-content\/uploads\/2022\/04\/02_365_A3.png 300w, https:\/\/educacion.ietres.com\/wp-content\/uploads\/2022\/04\/02_365_A3-200x27.png 200w\" sizes=\"(max-width: 300px) 100vw, 300px\" \/><\/figure>\n\n\n\n<p>Ensenya i apr\u00e8n des d'on vulguis amb una llic\u00e8ncia basada en usuaris que inclou aplicacions d'escriptori com <strong>Word<\/strong>, <strong>Excel<\/strong>, <strong>PowerPoint<\/strong>, <strong>Microsoft Teams<\/strong>, <strong>Minecraft: Education Edition<\/strong> i moltes m\u00e9s.<\/p>\n\n\n\n<p>Tamb\u00e9 ofereix administraci\u00f3 en el n\u00favol mitjan\u00e7ant <strong>Microsoft Intune per a l'Educaci\u00f3<\/strong>, perqu\u00e8 estalvi\u00efs temps administrant els teus dispositius des d'un sol panell de control, a m\u00e9s de funcions com a reserves i esdeveniments en directe. El <strong>pla A3<\/strong> tamb\u00e9 ofereix seguretat avan\u00e7ada, gesti\u00f3 i an\u00e0lisi.<\/p>\n\n\n\n<div class=\"wp-block-uagb-buttons uagb-buttons__outer-wrap uagb-btn__default-btn uagb-btn-tablet__default-btn uagb-btn-mobile__default-btn uagb-block-7e527339\"><div class=\"uagb-buttons__wrap uagb-buttons-layout-wrap\">\n<div class=\"wp-block-uagb-buttons-child uagb-buttons__outer-wrap uagb-block-f2a3c539 wp-block-button is-style-outline\"><div class=\"uagb-button__wrapper\"><a class=\"uagb-buttons-repeater wp-block-button__link has-background has-text-color\" href=\"#contacto\" onclick=\"return true;\" rel=\"follow noopener\" target=\"_self\"><span class=\"uagb-button__icon uagb-button__icon-position-before\"><svg xmlns=\"https:\/\/www.w3.org\/2000\/svg\" viewbox=\"0 0 512 512\"><path d=\"M256 0C114.6 0 0 114.6 0 256s114.6 256 256 256s256-114.6 256-256S397.4 0 256 0zM256 128c17.67 0 32 14.33 32 32c0 17.67-14.33 32-32 32S224 177.7 224 160C224 142.3 238.3 128 256 128zM296 384h-80C202.8 384 192 373.3 192 360s10.75-24 24-24h16v-64H224c-13.25 0-24-10.75-24-24S210.8 224 224 224h32c13.25 0 24 10.75 24 24v88h16c13.25 0 24 10.75 24 24S309.3 384 296 384z\"><\/path><\/svg><\/span><div class=\"uagb-button__link\">Demana el teu pla personalitzat<\/div><\/a><\/div><\/div>\n<\/div><\/div>\n<\/div>\n<\/div><\/div>\n\n\n\n<div class=\"wp-block-uagb-container info-section alt uagb-block-7ebc9101 alignfull uagb-is-root-container\"><div class=\"uagb-container-inner-blocks-wrap\">\n<div class=\"wp-block-uagb-container uagb-block-1b9f9239\">\n<figure class=\"wp-block-image b946fd7a0-4fb1-47cb-b4d8-984a803d6664\"><img decoding=\"async\" loading=\"lazy\" width=\"300\" height=\"40\" src=\"https:\/\/educacion.ietres.com\/wp-content\/uploads\/2022\/04\/02_365_A5.png\" alt=\"Microsoft 365 A5\" class=\"wp-image-7243\" srcset=\"https:\/\/educacion.ietres.com\/wp-content\/uploads\/2022\/04\/02_365_A5.png 300w, https:\/\/educacion.ietres.com\/wp-content\/uploads\/2022\/04\/02_365_A5-200x27.png 200w\" sizes=\"(max-width: 300px) 100vw, 300px\" \/><\/figure>\n\n\n\n<p><strong>Office 365 A5<\/strong> inclou totes totes les caracter\u00edstiques de Microsoft 365 A3, m\u00e9s la millor administraci\u00f3 que ofereix <strong>Microsoft<\/strong> en seguretat intel\u00b7ligent, sistemes d'an\u00e0lisis i compliment avan\u00e7at: protecci\u00f3 enfront d'amenaces complexes, an\u00e0lisis amb <strong>Microsoft Viva<\/strong> i <strong>Power BI Pro<\/strong>, possibilitat d'instal\u00b7lar les aplicacions fins a 5 equips per usuari, gesti\u00f3 de tasques amb <strong>Microsoft Kaizala<\/strong>, correu electr\u00f2nic amb b\u00fastia de <strong>100GB<\/strong>, emmagatzematge en el n\u00favol personal il\u00b7limitat per a subscripcions amb cinc o m\u00e9s usuaris, i molt m\u00e9s. <\/p>\n\n\n\n<div class=\"wp-block-uagb-buttons uagb-buttons__outer-wrap uagb-btn__default-btn uagb-btn-tablet__default-btn uagb-btn-mobile__default-btn uagb-block-4166d862\"><div class=\"uagb-buttons__wrap uagb-buttons-layout-wrap\">\n<div class=\"wp-block-uagb-buttons-child uagb-buttons__outer-wrap uagb-block-6b479784 wp-block-button is-style-outline\"><div class=\"uagb-button__wrapper\"><a class=\"uagb-buttons-repeater wp-block-button__link has-background has-text-color\" href=\"#contacto\" onclick=\"return true;\" rel=\"follow noopener\" target=\"_self\"><span class=\"uagb-button__icon uagb-button__icon-position-before\"><svg xmlns=\"https:\/\/www.w3.org\/2000\/svg\" viewbox=\"0 0 512 512\"><path d=\"M256 0C114.6 0 0 114.6 0 256s114.6 256 256 256s256-114.6 256-256S397.4 0 256 0zM256 128c17.67 0 32 14.33 32 32c0 17.67-14.33 32-32 32S224 177.7 224 160C224 142.3 238.3 128 256 128zM296 384h-80C202.8 384 192 373.3 192 360s10.75-24 24-24h16v-64H224c-13.25 0-24-10.75-24-24S210.8 224 224 224h32c13.25 0 24 10.75 24 24v88h16c13.25 0 24 10.75 24 24S309.3 384 296 384z\"><\/path><\/svg><\/span><div class=\"uagb-button__link\">Demana el teu pla personalitzat<\/div><\/a><\/div><\/div>\n<\/div><\/div>\n<\/div>\n\n\n\n<div class=\"wp-block-uagb-container uagb-block-5bf62076\">\n<figure class=\"wp-block-image aligncenter has-custom-border round-border\"><img decoding=\"async\" loading=\"lazy\" width=\"1024\" height=\"1024\" src=\"https:\/\/educacion.ietres.com\/wp-content\/uploads\/2022\/04\/microsoft_365_A5_comp-1024x1024.jpg\" alt=\"Microsoft 365 A5\" class=\"wp-image-7252\" style=\"border-radius:15px\" srcset=\"https:\/\/educacion.ietres.com\/wp-content\/uploads\/2022\/04\/microsoft_365_A5_comp-1024x1024.jpg 1024w, https:\/\/educacion.ietres.com\/wp-content\/uploads\/2022\/04\/microsoft_365_A5_comp-300x300.jpg 300w, https:\/\/educacion.ietres.com\/wp-content\/uploads\/2022\/04\/microsoft_365_A5_comp-100x100.jpg 100w, https:\/\/educacion.ietres.com\/wp-content\/uploads\/2022\/04\/microsoft_365_A5_comp-600x600.jpg 600w, https:\/\/educacion.ietres.com\/wp-content\/uploads\/2022\/04\/microsoft_365_A5_comp-150x150.jpg 150w, https:\/\/educacion.ietres.com\/wp-content\/uploads\/2022\/04\/microsoft_365_A5_comp-768x768.jpg 768w, https:\/\/educacion.ietres.com\/wp-content\/uploads\/2022\/04\/microsoft_365_A5_comp-45x45.jpg 45w, https:\/\/educacion.ietres.com\/wp-content\/uploads\/2022\/04\/microsoft_365_A5_comp-500x500.jpg 500w, https:\/\/educacion.ietres.com\/wp-content\/uploads\/2022\/04\/microsoft_365_A5_comp-418x418.jpg 418w, https:\/\/educacion.ietres.com\/wp-content\/uploads\/2022\/04\/microsoft_365_A5_comp-670x670.jpg 670w, https:\/\/educacion.ietres.com\/wp-content\/uploads\/2022\/04\/microsoft_365_A5_comp.jpg 1050w\" sizes=\"(max-width: 1024px) 100vw, 1024px\" \/><\/figure>\n<\/div>\n<\/div><\/div>\n\n\n\n<div class=\"wp-block-uagb-container info-contact uagb-block-8022f1a3 alignfull uagb-is-root-container\"><div class=\"uagb-container__shape uagb-container__shape-top\"><svg xmlns=\"https:\/\/www.w3.org\/2000\/svg\" viewbox=\"0 0 1000 100\" preserveaspectratio=\"none\"><path class=\"uagb-container__shape-fill\" d=\"M421.9,6.5c22.6-2.5,51.5,0.4,75.5,5.3c23.6,4.9,70.9,23.5,100.5,35.7c75.8,32.2,133.7,44.5,192.6,49.7  c23.6,2.1,48.7,3.5,103.4-2.5c54.7-6,106.2-25.6,106.2-25.6V0H0v30.3c0,0,72,32.6,158.4,30.5c39.2-0.7,92.8-6.7,134-22.4  c21.2-8.1,52.2-18.2,79.7-24.2C399.3,7.9,411.6,7.5,421.9,6.5z\"><\/path><\/svg><\/div><div class=\"uagb-container-inner-blocks-wrap\">\n<div id=\"contacto\"><\/div>\n\n\n\n<h2 class=\"has-text-align-center\" id=\"h-conoce-las-soluciones-microsoft-365\"> Coneix les solucions Microsoft 365<\/h2>\n\n\n\n<p class=\"has-text-align-center info-contact-text\">Contacta amb nosaltres per mitj\u00e0 del nostre correu electr\u00f2nic <a href=\"mailto:educacion@ie3.com\">educacion@ie3.com<\/a>, truca al nostre tel\u00e8fon <a href=\"tel:+34937379934\">937 379 934<\/a> o emplena el seg\u00fcent formulari per a con\u00e8ixer m\u00e9s i obtenir un Pla personalitzat.<\/p>\n\n\n\n<div class=\"wpcf7 no-js\" id=\"wpcf7-f10850-o1\" lang=\"es-ES\" dir=\"ltr\">\n<div class=\"screen-reader-response\"><p role=\"status\" aria-live=\"polite\" aria-atomic=\"true\"><\/p> <ul><\/ul><\/div>\n<form action=\"\/ca\/wp-json\/wp\/v2\/pages\/7204#wpcf7-f10850-o1\" method=\"post\" class=\"wpcf7-form init\" aria-label=\"Contact form\" novalidate=\"novalidate\" data-status=\"init\" data-trp-original-action=\"\/ca\/wp-json\/wp\/v2\/pages\/7204#wpcf7-f10850-o1\">\n<div style=\"display: none;\">\n<input type=\"hidden\" name=\"_wpcf7\" value=\"10850\" \/>\n<input type=\"hidden\" name=\"_wpcf7_version\" value=\"5.7.4\" \/>\n<input type=\"hidden\" name=\"_wpcf7_locale\" value=\"es_ES\" \/>\n<input type=\"hidden\" name=\"_wpcf7_unit_tag\" value=\"wpcf7-f10850-o1\" \/>\n<input type=\"hidden\" name=\"_wpcf7_container_post\" value=\"0\" \/>\n<input type=\"hidden\" name=\"_wpcf7_posted_data_hash\" value=\"\" \/>\n<\/div>\n<div class=\"form-container\">\n    <div class=\"form-2col\">\n        <div class=\"form-fields\">\n            <label>Nom i Cognom <span class=\"required\">*<\/span><\/label>\n            <span class=\"wpcf7-form-control-wrap\" data-name=\"nombre\"><input size=\"40\" class=\"wpcf7-form-control wpcf7-text wpcf7-validates-as-required\" aria-required=\"true\" aria-invalid=\"false\" value=\"\" type=\"text\" name=\"nombre\" \/><\/span> \n        <\/div>\n        <div class=\"form-fields\">\n            <label>Correu electr\u00f2nic <span class=\"required\">*<\/span><\/label>\n            <span class=\"wpcf7-form-control-wrap\" data-name=\"email\"><input size=\"40\" class=\"wpcf7-form-control wpcf7-text wpcf7-email wpcf7-validates-as-required wpcf7-validates-as-email\" aria-required=\"true\" aria-invalid=\"false\" value=\"\" type=\"email\" name=\"email\" \/><\/span>\n        <\/div>\n    <\/div>\n    \n    <div class=\"form-2col\">\n        <div class=\"form-fields\">\n            <label>Tel\u00e8fon <span class=\"required\">*<\/span><\/label>\n            <span class=\"wpcf7-form-control-wrap\" data-name=\"telefono\"><input size=\"40\" class=\"wpcf7-form-control wpcf7-text wpcf7-tel wpcf7-validates-as-required wpcf7-validates-as-tel\" aria-required=\"true\" aria-invalid=\"false\" value=\"\" type=\"tel\" name=\"telefono\" \/><\/span>\n        <\/div>\n        <div class=\"form-fields\">\n            <label>Comunitat aut\u00f2noma <span class=\"required\">*<\/span><\/label>\n            <span class=\"wpcf7-form-control-wrap\" data-name=\"comunidad\"><select class=\"wpcf7-form-control wpcf7-select wpcf7-validates-as-required\" aria-required=\"true\" aria-invalid=\"false\" name=\"comunidad\"><option value=\"\">Elige una comunidad aut\u00f3noma<\/option><option value=\"Andaluc\u00eda\">Andaluc\u00eda<\/option><option value=\"Arag\u00f3n\">Arag\u00f3n<\/option><option value=\"Principado de Asturias\">Principado de Asturias<\/option><option value=\"Illes Balears\">Illes Balears<\/option><option value=\"Canarias\">Canarias<\/option><option value=\"Cantabria\">Cantabria<\/option><option value=\"Castilla y Le\u00f3n\">Castilla y Le\u00f3n<\/option><option value=\"Castilla-La Mancha\">Castilla-La Mancha<\/option><option value=\"Catalu\u00f1a\">Catalu\u00f1a<\/option><option value=\"Comunitat Valenciana\">Comunitat Valenciana<\/option><option value=\"Extremadura\">Extremadura<\/option><option value=\"Galicia\">Galicia<\/option><option value=\"Comunidad de Madrid\">Comunidad de Madrid<\/option><option value=\"Regi\u00f3n de Murcia\">Regi\u00f3n de Murcia<\/option><option value=\"Comunidad Foral de Navarra\">Comunidad Foral de Navarra<\/option><option value=\"Pa\u00eds Vasco\">Pa\u00eds Vasco<\/option><option value=\"La Rioja\">La Rioja<\/option><option value=\"Ciudad Aut\u00f3noma de Ceuta\">Ciudad Aut\u00f3noma de Ceuta<\/option><option value=\"Ciudad Aut\u00f3noma de Melilla\">Ciudad Aut\u00f3noma de Melilla<\/option><\/select><\/span>\n        <\/div>\n    <\/div>\n\n    <div class=\"form-2col\">\n        <div class=\"form-fields\">\n            <label>Centre educatiu <span class=\"required\">*<\/span><\/label>\n            <span class=\"wpcf7-form-control-wrap\" data-name=\"centro\"><input size=\"40\" class=\"wpcf7-form-control wpcf7-text wpcf7-validates-as-required\" aria-required=\"true\" aria-invalid=\"false\" value=\"\" type=\"text\" name=\"centro\" \/><\/span>\n        <\/div>\n        <div class=\"form-fields\">\n            <label>C\u00e0rrec <span class=\"required\">*<\/span><\/label>\n            <span class=\"wpcf7-form-control-wrap\" data-name=\"cargo\"><select class=\"wpcf7-form-control wpcf7-select wpcf7-validates-as-required\" aria-required=\"true\" aria-invalid=\"false\" name=\"cargo\"><option value=\"\">Elige un cargo<\/option><option value=\"Alumno\">Alumno<\/option><option value=\"AFA\">AFA<\/option><option value=\"Docente\">Docente<\/option><option value=\"Responsable IT\">Responsable IT<\/option><option value=\"Jefe de estudios\">Jefe de estudios<\/option><option value=\"Director\">Director<\/option><\/select><\/span>\n        <\/div>\n    <\/div>\n\n    <div class=\"form-1col\">\n        <div class=\"form-fields\">\n            <label>Missatge <span class=\"required\">*<\/span><\/label>\n            <span class=\"wpcf7-form-control-wrap\" data-name=\"mensaje\"><textarea cols=\"40\" rows=\"10\" class=\"wpcf7-form-control wpcf7-textarea wpcf7-validates-as-required\" aria-required=\"true\" aria-invalid=\"false\" placeholder=\"Si us plau, indica informaci\u00f3 addicional sobre el motiu de la teva consulta...\" name=\"mensaje\"><\/textarea><\/span>\n        <\/div>\n    <\/div>\n\n    <div class=\"form-1col\">\n        <div class=\"form-fields privacidad\">\n            <span class=\"wpcf7-form-control-wrap\" data-name=\"privacypolicy\"><span class=\"wpcf7-form-control wpcf7-acceptance\"><span class=\"wpcf7-list-item\"><label><input type=\"checkbox\" name=\"privacypolicy\" value=\"1\" aria-invalid=\"false\" \/><span class=\"wpcf7-list-item-label\">He llegit i accepto la <a href=\"\/privacidad\" target=\"_blank\">Pol\u00edtica de privacitat<\/a><\/span><\/label><\/span><\/span><\/span>\n        <\/div>\n    <\/div>\n    \n    <div class=\"form-2col submit-col\">\n        <div>\n            <div id=\"cf7sr-69d08394deb64\" class=\"cf7sr-g-recaptcha\" data-sitekey=\"6LfZxUMfAAAAAAnZMJJ3uW--Ry0QDJytjxti1j1U\"><\/div><span class=\"wpcf7-form-control-wrap cf7sr-recaptcha\" data-name=\"cf7sr-recaptcha\"><input type=\"hidden\" name=\"cf7sr-recaptcha\" value=\"\" class=\"wpcf7-form-control\"><\/span>\n        <\/div>\n        <div class=\"button-form\">\n            <button type=\"submit\">Enviar<\/button>\n        <\/div>\n    <\/div>\n<\/div><div class=\"wpcf7-response-output\" aria-hidden=\"true\"><\/div>\n<input type=\"hidden\" name=\"trp-form-language\" value=\"ca\"\/><\/form>\n<\/div>\n\n<\/div><\/div>","protected":false},"excerpt":{"rendered":"","protected":false},"author":1122,"featured_media":0,"parent":0,"menu_order":0,"comment_status":"closed","ping_status":"closed","template":"","meta":{"_uag_custom_page_level_css":"","site-sidebar-layout":"default","site-content-layout":"default","ast-global-header-display":"","ast-main-header-display":"","ast-hfb-above-header-display":"","ast-hfb-below-header-display":"","ast-hfb-mobile-header-display":"","site-post-title":"","ast-breadcrumbs-content":"","ast-featured-img":"","footer-sml-layout":"","theme-transparent-header-meta":"","adv-header-id-meta":"","stick-header-meta":"","header-above-stick-meta":"","header-main-stick-meta":"","header-below-stick-meta":""},"uagb_featured_image_src":{"full":false,"thumbnail":false,"medium":false,"medium_large":false,"large":false,"1536x1536":false,"2048x2048":false,"trp-custom-language-flag":false,"woocommerce_thumbnail":false,"woocommerce_single":false,"woocommerce_gallery_thumbnail":false},"uagb_author_info":{"display_name":"Edgar Hidalgo","author_link":"https:\/\/educacion.ietres.com\/ca\/author\/ehidalgo\/"},"uagb_comment_info":0,"uagb_excerpt":null,"_links":{"self":[{"href":"https:\/\/educacion.ietres.com\/ca\/wp-json\/wp\/v2\/pages\/7204"}],"collection":[{"href":"https:\/\/educacion.ietres.com\/ca\/wp-json\/wp\/v2\/pages"}],"about":[{"href":"https:\/\/educacion.ietres.com\/ca\/wp-json\/wp\/v2\/types\/page"}],"author":[{"embeddable":true,"href":"https:\/\/educacion.ietres.com\/ca\/wp-json\/wp\/v2\/users\/1122"}],"replies":[{"embeddable":true,"href":"https:\/\/educacion.ietres.com\/ca\/wp-json\/wp\/v2\/comments?post=7204"}],"version-history":[{"count":17,"href":"https:\/\/educacion.ietres.com\/ca\/wp-json\/wp\/v2\/pages\/7204\/revisions"}],"predecessor-version":[{"id":11818,"href":"https:\/\/educacion.ietres.com\/ca\/wp-json\/wp\/v2\/pages\/7204\/revisions\/11818"}],"wp:attachment":[{"href":"https:\/\/educacion.ietres.com\/ca\/wp-json\/wp\/v2\/media?parent=7204"}],"curies":[{"name":"wp","href":"https:\/\/api.w.org\/{rel}","templated":true}]}}