{"id":6712,"date":"2022-03-30T10:26:54","date_gmt":"2022-03-30T08:26:54","guid":{"rendered":"https:\/\/educacion.ietres.com\/?page_id=6712"},"modified":"2025-02-05T15:32:32","modified_gmt":"2025-02-05T14:32:32","slug":"lanschool","status":"publish","type":"page","link":"https:\/\/educacion.ietres.com\/ca\/lanschool\/","title":{"rendered":"Quant a LanSchool"},"content":{"rendered":"<div class=\"wp-block-uagb-container info-intro-section uagb-block-726af23a alignfull uagb-is-root-container\"><div class=\"uagb-container-inner-blocks-wrap\">\n<figure class=\"wp-block-image aligncenter is-resized ba986da98-b68f-466f-8d5a-1357d2091611\"><img decoding=\"async\" loading=\"lazy\" src=\"https:\/\/educacion.ietres.com\/wp-content\/uploads\/2022\/03\/logo-LanSchool.png\" alt=\"\" class=\"wp-image-6714\" width=\"374\" height=\"71\" srcset=\"https:\/\/educacion.ietres.com\/wp-content\/uploads\/2022\/03\/logo-LanSchool.png 642w, https:\/\/educacion.ietres.com\/wp-content\/uploads\/2022\/03\/logo-LanSchool-600x114.png 600w, https:\/\/educacion.ietres.com\/wp-content\/uploads\/2022\/03\/logo-LanSchool-300x57.png 300w, https:\/\/educacion.ietres.com\/wp-content\/uploads\/2022\/03\/logo-LanSchool-200x38.png 200w\" sizes=\"(max-width: 374px) 100vw, 374px\" \/><\/figure>\n\n\n\n<p class=\"has-text-align-center\">Com a pioner i innovador del programari d'administraci\u00f3 de l'aula, <strong>LanSchool<\/strong> ajuda als docents a connectar-se amb els estudiants per a crear experi\u00e8ncies en l\u00ednia m\u00e9s significatives, tant a l'aula com en forma remota. Amb el suport de <strong>Lenovo<\/strong> i la seva experi\u00e8ncia de 30 anys com a l\u00edder de tecnologia educativa, <strong>LanSchool<\/strong> ajuda a guiar l'aprenentatge, augmentar la col\u00b7laboraci\u00f3 i maximitzar el temps d'ensenyament. <\/p>\n\n\n\n<p class=\"has-text-align-center\"><strong>LanSchool<\/strong> guia l'aprenentatge a l'aula, promou la col\u00b7laboraci\u00f3 i aprofita al m\u00e0xim el temps de classe. Ofereix compatibilitat amb dispositius <strong>Android<\/strong>, <strong>Chromebook<\/strong>, <strong>Mac<\/strong> i <strong>Windows<\/strong> en aules dedicades o de dispositius mixtos, aix\u00ed com les funcions m\u00e9s populars enfocades al docent, que inclouen monitoratge de pantalles en temps real, missatgeria i limitaci\u00f3 de llocs web.<\/p>\n\n\n\n<div class=\"wp-block-uagb-buttons uagb-buttons__outer-wrap uagb-btn__default-btn uagb-btn-tablet__default-btn uagb-btn-mobile__default-btn uagb-block-a0f97961\"><div class=\"uagb-buttons__wrap uagb-buttons-layout-wrap\">\n<div class=\"wp-block-uagb-buttons-child uagb-buttons__outer-wrap uagb-block-b0716e0d wp-block-button is-style-outline\"><div class=\"uagb-button__wrapper\"><a class=\"uagb-buttons-repeater wp-block-button__link has-background has-text-color\" href=\"#contacto\" onclick=\"return true;\" rel=\"follow noopener\" target=\"_self\"><span class=\"uagb-button__icon uagb-button__icon-position-before\"><svg xmlns=\"https:\/\/www.w3.org\/2000\/svg\" viewbox=\"0 0 512 512\"><path d=\"M256 0C114.6 0 0 114.6 0 256s114.6 256 256 256s256-114.6 256-256S397.4 0 256 0zM256 128c17.67 0 32 14.33 32 32c0 17.67-14.33 32-32 32S224 177.7 224 160C224 142.3 238.3 128 256 128zM296 384h-80C202.8 384 192 373.3 192 360s10.75-24 24-24h16v-64H224c-13.25 0-24-10.75-24-24S210.8 224 224 224h32c13.25 0 24 10.75 24 24v88h16c13.25 0 24 10.75 24 24S309.3 384 296 384z\"><\/path><\/svg><\/span><div class=\"uagb-button__link\">Contacta amb nosaltres<\/div><\/a><\/div><\/div>\n<\/div><\/div>\n<\/div><\/div>\n\n\n\n<div class=\"wp-block-uagb-container info-separator uagb-block-e11119da alignfull uagb-is-root-container\"><div class=\"uagb-container__shape uagb-container__shape-top\"><svg xmlns=\"https:\/\/www.w3.org\/2000\/svg\" viewbox=\"0 0 1000 100\" preserveaspectratio=\"none\"><path class=\"uagb-container__shape-fill\" d=\"M421.9,6.5c22.6-2.5,51.5,0.4,75.5,5.3c23.6,4.9,70.9,23.5,100.5,35.7c75.8,32.2,133.7,44.5,192.6,49.7  c23.6,2.1,48.7,3.5,103.4-2.5c54.7-6,106.2-25.6,106.2-25.6V0H0v30.3c0,0,72,32.6,158.4,30.5c39.2-0.7,92.8-6.7,134-22.4  c21.2-8.1,52.2-18.2,79.7-24.2C399.3,7.9,411.6,7.5,421.9,6.5z\"><\/path><\/svg><\/div><\/div>\n\n\n\n<div class=\"wp-block-uagb-container info-section uagb-block-a67a2631 alignfull uagb-is-root-container\"><div class=\"uagb-container-inner-blocks-wrap\">\n<div class=\"wp-block-uagb-container uagb-block-4cf26c67\">\n<figure class=\"wp-block-image aligncenter is-resized bc508417c-40e2-4d19-ae4c-d5c5b304f8ce\"><img decoding=\"async\" loading=\"lazy\" src=\"https:\/\/educacion.ietres.com\/wp-content\/uploads\/2022\/03\/LanSchool_01_comp.png\" alt=\"LanSchool, tu software de gesti\u00f3n\" class=\"wp-image-6744\" width=\"400\" height=\"400\" srcset=\"https:\/\/educacion.ietres.com\/wp-content\/uploads\/2022\/03\/LanSchool_01_comp.png 600w, https:\/\/educacion.ietres.com\/wp-content\/uploads\/2022\/03\/LanSchool_01_comp-300x300.png 300w, https:\/\/educacion.ietres.com\/wp-content\/uploads\/2022\/03\/LanSchool_01_comp-100x100.png 100w, https:\/\/educacion.ietres.com\/wp-content\/uploads\/2022\/03\/LanSchool_01_comp-150x150.png 150w, https:\/\/educacion.ietres.com\/wp-content\/uploads\/2022\/03\/LanSchool_01_comp-45x45.png 45w, https:\/\/educacion.ietres.com\/wp-content\/uploads\/2022\/03\/LanSchool_01_comp-500x500.png 500w, https:\/\/educacion.ietres.com\/wp-content\/uploads\/2022\/03\/LanSchool_01_comp-418x418.png 418w\" sizes=\"(max-width: 400px) 100vw, 400px\" \/><\/figure>\n<\/div>\n\n\n\n<div class=\"wp-block-uagb-container uagb-block-f3f23211\">\n<h2 id=\"h-lanschool-tu-software-de-gestion\">LanSchool, el teu programari de gesti\u00f3<\/h2>\n\n\n\n<p><strong>LanSchool<\/strong> es un software de gesti\u00f3n de aulas dise\u00f1ado para ayudar a las instituciones educativas a monitorear los dispositivos de los estudiantes e interactuar, colaborar y comunicarse con ellos en una plataforma centralizada. Los profesores pueden deshabilitar la conexi\u00f3n a Internet durante los ex\u00e1menes &nbsp;o pruebas, limitar el acceso a sitios web aprobados y enviar o recibir documentos como tareas, plantillas y otros materiales de aprendizaje de los estudiantes.<\/p>\n<\/div>\n<\/div><\/div>\n\n\n\n<div class=\"wp-block-uagb-container info-section alt uagb-block-3461d618 alignfull uagb-is-root-container\"><div class=\"uagb-container-inner-blocks-wrap\">\n<div class=\"wp-block-uagb-container uagb-block-4a2f1273\">\n<h2 id=\"h-lanschool-y-los-educadores\">LanSchool i els educadors<\/h2>\n\n\n\n<p>Amb <strong>LanSchool<\/strong>, els educadors poden bloquejar els dispositius per a millorar la participaci\u00f3 dels estudiants i monitorar les seves pantalles per a brindar suport addicional segons sigui necessari. Els mestres poden comunicar-se amb els estudiants per mitj\u00e0 de missatges directes, crear q\u00fcestionaris o proves en l\u00ednia mitjan\u00e7ant preguntes d'opci\u00f3 m\u00faltiple, veritable o fals, i assignar restriccions de temps per a les avaluacions. Els administradors poden realitzar el seguiment de la bateria de cada dispositiu durant les avaluacions i recopilar el seu historial de navegaci\u00f3 o d'aplicacions en una base de dades centralitzada.<\/p>\n<\/div>\n\n\n\n<div class=\"wp-block-uagb-container uagb-block-bf08d126\">\n<figure class=\"wp-block-image aligncenter is-resized bc508417c-40e2-4d19-ae4c-d5c5b304f8ce\"><img decoding=\"async\" loading=\"lazy\" src=\"https:\/\/educacion.ietres.com\/wp-content\/uploads\/2022\/03\/LanSchool_03_comp.png\" alt=\"LanSchool y los educadores\" class=\"wp-image-6746\" width=\"400\" height=\"400\" srcset=\"https:\/\/educacion.ietres.com\/wp-content\/uploads\/2022\/03\/LanSchool_03_comp.png 600w, https:\/\/educacion.ietres.com\/wp-content\/uploads\/2022\/03\/LanSchool_03_comp-300x300.png 300w, https:\/\/educacion.ietres.com\/wp-content\/uploads\/2022\/03\/LanSchool_03_comp-100x100.png 100w, https:\/\/educacion.ietres.com\/wp-content\/uploads\/2022\/03\/LanSchool_03_comp-150x150.png 150w, https:\/\/educacion.ietres.com\/wp-content\/uploads\/2022\/03\/LanSchool_03_comp-45x45.png 45w, https:\/\/educacion.ietres.com\/wp-content\/uploads\/2022\/03\/LanSchool_03_comp-500x500.png 500w, https:\/\/educacion.ietres.com\/wp-content\/uploads\/2022\/03\/LanSchool_03_comp-418x418.png 418w\" sizes=\"(max-width: 400px) 100vw, 400px\" \/><\/figure>\n<\/div>\n<\/div><\/div>\n\n\n\n<div class=\"wp-block-uagb-container info-separator uagb-block-d708cc13 alignfull uagb-is-root-container\"><div class=\"uagb-container__shape uagb-container__shape-top\"><svg xmlns=\"https:\/\/www.w3.org\/2000\/svg\" viewbox=\"0 0 1000 100\" preserveaspectratio=\"none\"><path class=\"uagb-container__shape-fill\" d=\"M421.9,6.5c22.6-2.5,51.5,0.4,75.5,5.3c23.6,4.9,70.9,23.5,100.5,35.7c75.8,32.2,133.7,44.5,192.6,49.7  c23.6,2.1,48.7,3.5,103.4-2.5c54.7-6,106.2-25.6,106.2-25.6V0H0v30.3c0,0,72,32.6,158.4,30.5c39.2-0.7,92.8-6.7,134-22.4  c21.2-8.1,52.2-18.2,79.7-24.2C399.3,7.9,411.6,7.5,421.9,6.5z\"><\/path><\/svg><\/div><\/div>\n\n\n\n<div class=\"wp-block-uagb-container info-section uagb-block-9241f46b alignfull uagb-is-root-container\"><div class=\"uagb-container-inner-blocks-wrap\">\n<div class=\"wp-block-uagb-container uagb-block-f1fe7238\">\n<figure class=\"wp-block-image aligncenter is-resized bc508417c-40e2-4d19-ae4c-d5c5b304f8ce\"><img decoding=\"async\" loading=\"lazy\" src=\"https:\/\/educacion.ietres.com\/wp-content\/uploads\/2022\/03\/LanSchool_02_comp.png\" alt=\"Integraci\u00f3n con otras aplicaciones\" class=\"wp-image-6745\" width=\"400\" height=\"400\" srcset=\"https:\/\/educacion.ietres.com\/wp-content\/uploads\/2022\/03\/LanSchool_02_comp.png 600w, https:\/\/educacion.ietres.com\/wp-content\/uploads\/2022\/03\/LanSchool_02_comp-300x300.png 300w, https:\/\/educacion.ietres.com\/wp-content\/uploads\/2022\/03\/LanSchool_02_comp-100x100.png 100w, https:\/\/educacion.ietres.com\/wp-content\/uploads\/2022\/03\/LanSchool_02_comp-150x150.png 150w, https:\/\/educacion.ietres.com\/wp-content\/uploads\/2022\/03\/LanSchool_02_comp-45x45.png 45w, https:\/\/educacion.ietres.com\/wp-content\/uploads\/2022\/03\/LanSchool_02_comp-500x500.png 500w, https:\/\/educacion.ietres.com\/wp-content\/uploads\/2022\/03\/LanSchool_02_comp-418x418.png 418w\" sizes=\"(max-width: 400px) 100vw, 400px\" \/><\/figure>\n<\/div>\n\n\n\n<div class=\"wp-block-uagb-container uagb-block-34da11d0\">\n<h2 id=\"h-integracion-con-otras-aplicaciones\">Integraci\u00f3 amb altres aplicacions<\/h2>\n\n\n\n<p><strong>LanSchool<\/strong> permet als mestres transmetre les seves pantalles, veure un resum en l\u00ednia dels resultats de les proves dels estudiants, exportar-los en format CSV i configurar els permisos d'acc\u00e9s per a dispositius espec\u00edfics per a imprimir documents. El programari tamb\u00e9 facilita la integraci\u00f3 amb diverses aplicacions de tercers, com <strong>Bark<\/strong> i <strong>DNSFilter<\/strong>, per a monitorar i detectar amenaces en l\u00ednia, bloquejar tr\u00e0nsit sospit\u00f3s usant tecnologia d'intel\u00b7lig\u00e8ncia artificial (IA) i m\u00e9s.<\/p>\n<\/div>\n<\/div><\/div>\n\n\n\n<div class=\"wp-block-uagb-container info-section alt uagb-block-36e697c6 alignfull uagb-is-root-container\"><div class=\"uagb-container-inner-blocks-wrap\">\n<div class=\"wp-block-uagb-container uagb-block-515054d7\">\n<h2 id=\"h-licencia-gratuita-con-equipos-lenovo\">Llic\u00e8ncia gratu\u00efta amb equips Lenovo<\/h2>\n\n\n\n<p>A <strong>ietres s\u03c6fia<\/strong> som partner oficial de <strong>LanSchool<\/strong>. Subministrem i implantem aquesta soluci\u00f3 d'administraci\u00f3 de l'aula sigui com sigui el sistema operatiu (<strong>Windows<\/strong>, <strong>Chrome<\/strong> o <strong>Mac<\/strong>). A m\u00e9s, si s'adquireixen dispositius Lenovo a trav\u00e9s de la nostra plataforma, el centre educatiu rebr\u00e0 una <strong>llic\u00e8ncia gratu\u00efta de 12 mesos de LanSchool<\/strong> per cada unitat adquirida.<\/p>\n<\/div>\n\n\n\n<div class=\"wp-block-uagb-container uagb-block-9379951b\">\n<figure class=\"wp-block-image aligncenter is-resized bc508417c-40e2-4d19-ae4c-d5c5b304f8ce\"><img decoding=\"async\" loading=\"lazy\" src=\"https:\/\/educacion.ietres.com\/wp-content\/uploads\/2022\/03\/LanSchool_05_comp.png\" alt=\"Licencia gratuita con equipos Lenovo\" class=\"wp-image-6748\" width=\"400\" height=\"400\" srcset=\"https:\/\/educacion.ietres.com\/wp-content\/uploads\/2022\/03\/LanSchool_05_comp.png 600w, https:\/\/educacion.ietres.com\/wp-content\/uploads\/2022\/03\/LanSchool_05_comp-300x300.png 300w, https:\/\/educacion.ietres.com\/wp-content\/uploads\/2022\/03\/LanSchool_05_comp-100x100.png 100w, https:\/\/educacion.ietres.com\/wp-content\/uploads\/2022\/03\/LanSchool_05_comp-150x150.png 150w, https:\/\/educacion.ietres.com\/wp-content\/uploads\/2022\/03\/LanSchool_05_comp-45x45.png 45w, https:\/\/educacion.ietres.com\/wp-content\/uploads\/2022\/03\/LanSchool_05_comp-500x500.png 500w, https:\/\/educacion.ietres.com\/wp-content\/uploads\/2022\/03\/LanSchool_05_comp-418x418.png 418w\" sizes=\"(max-width: 400px) 100vw, 400px\" \/><\/figure>\n<\/div>\n<\/div><\/div>\n\n\n\n<div class=\"wp-block-uagb-container info-contact uagb-block-a86de58e alignfull uagb-is-root-container\"><div class=\"uagb-container__shape uagb-container__shape-top\"><svg xmlns=\"https:\/\/www.w3.org\/2000\/svg\" viewbox=\"0 0 1000 100\" preserveaspectratio=\"none\"><path class=\"uagb-container__shape-fill\" d=\"M421.9,6.5c22.6-2.5,51.5,0.4,75.5,5.3c23.6,4.9,70.9,23.5,100.5,35.7c75.8,32.2,133.7,44.5,192.6,49.7  c23.6,2.1,48.7,3.5,103.4-2.5c54.7-6,106.2-25.6,106.2-25.6V0H0v30.3c0,0,72,32.6,158.4,30.5c39.2-0.7,92.8-6.7,134-22.4  c21.2-8.1,52.2-18.2,79.7-24.2C399.3,7.9,411.6,7.5,421.9,6.5z\"><\/path><\/svg><\/div><div class=\"uagb-container-inner-blocks-wrap\">\n<div id=\"contacto\"><\/div>\n\n\n\n<h2 class=\"has-text-align-center\" id=\"h-pide-tus-30-dias-de-prueba-gratuita\">Demana els teus 30 dies de prova gratu\u00efta<\/h2>\n\n\n\n<p class=\"has-text-align-center info-contact-text\">Contacta amb nosaltres per mitj\u00e0 del nostre correu electr\u00f2nic <a href=\"mailto:educacion@ie3.com\">educacion@ie3.com,<\/a> trucant al nostre tel\u00e8fon <a href=\"tel:+34937379934\">937 379 934<\/a> o emplena el seg\u00fcent formulari i demana els teus 30 dies de prova gratu\u00efta de LanSchool.<\/p>\n\n\n\n<div class=\"wpcf7 no-js\" id=\"wpcf7-f10850-o1\" lang=\"es-ES\" dir=\"ltr\">\n<div class=\"screen-reader-response\"><p role=\"status\" aria-live=\"polite\" aria-atomic=\"true\"><\/p> <ul><\/ul><\/div>\n<form action=\"\/ca\/wp-json\/wp\/v2\/pages\/6712#wpcf7-f10850-o1\" method=\"post\" class=\"wpcf7-form init\" aria-label=\"Contact form\" novalidate=\"novalidate\" data-status=\"init\" data-trp-original-action=\"\/ca\/wp-json\/wp\/v2\/pages\/6712#wpcf7-f10850-o1\">\n<div style=\"display: none;\">\n<input type=\"hidden\" name=\"_wpcf7\" value=\"10850\" \/>\n<input type=\"hidden\" name=\"_wpcf7_version\" value=\"5.7.4\" \/>\n<input type=\"hidden\" name=\"_wpcf7_locale\" value=\"es_ES\" \/>\n<input type=\"hidden\" name=\"_wpcf7_unit_tag\" value=\"wpcf7-f10850-o1\" \/>\n<input type=\"hidden\" name=\"_wpcf7_container_post\" value=\"0\" \/>\n<input type=\"hidden\" name=\"_wpcf7_posted_data_hash\" value=\"\" \/>\n<\/div>\n<div class=\"form-container\">\n    <div class=\"form-2col\">\n        <div class=\"form-fields\">\n            <label>Nom i Cognom <span class=\"required\">*<\/span><\/label>\n            <span class=\"wpcf7-form-control-wrap\" data-name=\"nombre\"><input size=\"40\" class=\"wpcf7-form-control wpcf7-text wpcf7-validates-as-required\" aria-required=\"true\" aria-invalid=\"false\" value=\"\" type=\"text\" name=\"nombre\" \/><\/span> \n        <\/div>\n        <div class=\"form-fields\">\n            <label>Correu electr\u00f2nic <span class=\"required\">*<\/span><\/label>\n            <span class=\"wpcf7-form-control-wrap\" data-name=\"email\"><input size=\"40\" class=\"wpcf7-form-control wpcf7-text wpcf7-email wpcf7-validates-as-required wpcf7-validates-as-email\" aria-required=\"true\" aria-invalid=\"false\" value=\"\" type=\"email\" name=\"email\" \/><\/span>\n        <\/div>\n    <\/div>\n    \n    <div class=\"form-2col\">\n        <div class=\"form-fields\">\n            <label>Tel\u00e8fon <span class=\"required\">*<\/span><\/label>\n            <span class=\"wpcf7-form-control-wrap\" data-name=\"telefono\"><input size=\"40\" class=\"wpcf7-form-control wpcf7-text wpcf7-tel wpcf7-validates-as-required wpcf7-validates-as-tel\" aria-required=\"true\" aria-invalid=\"false\" value=\"\" type=\"tel\" name=\"telefono\" \/><\/span>\n        <\/div>\n        <div class=\"form-fields\">\n            <label>Comunitat aut\u00f2noma <span class=\"required\">*<\/span><\/label>\n            <span class=\"wpcf7-form-control-wrap\" data-name=\"comunidad\"><select class=\"wpcf7-form-control wpcf7-select wpcf7-validates-as-required\" aria-required=\"true\" aria-invalid=\"false\" name=\"comunidad\"><option value=\"\">Elige una comunidad aut\u00f3noma<\/option><option value=\"Andaluc\u00eda\">Andaluc\u00eda<\/option><option value=\"Arag\u00f3n\">Arag\u00f3n<\/option><option value=\"Principado de Asturias\">Principado de Asturias<\/option><option value=\"Illes Balears\">Illes Balears<\/option><option value=\"Canarias\">Canarias<\/option><option value=\"Cantabria\">Cantabria<\/option><option value=\"Castilla y Le\u00f3n\">Castilla y Le\u00f3n<\/option><option value=\"Castilla-La Mancha\">Castilla-La Mancha<\/option><option value=\"Catalu\u00f1a\">Catalu\u00f1a<\/option><option value=\"Comunitat Valenciana\">Comunitat Valenciana<\/option><option value=\"Extremadura\">Extremadura<\/option><option value=\"Galicia\">Galicia<\/option><option value=\"Comunidad de Madrid\">Comunidad de Madrid<\/option><option value=\"Regi\u00f3n de Murcia\">Regi\u00f3n de Murcia<\/option><option value=\"Comunidad Foral de Navarra\">Comunidad Foral de Navarra<\/option><option value=\"Pa\u00eds Vasco\">Pa\u00eds Vasco<\/option><option value=\"La Rioja\">La Rioja<\/option><option value=\"Ciudad Aut\u00f3noma de Ceuta\">Ciudad Aut\u00f3noma de Ceuta<\/option><option value=\"Ciudad Aut\u00f3noma de Melilla\">Ciudad Aut\u00f3noma de Melilla<\/option><\/select><\/span>\n        <\/div>\n    <\/div>\n\n    <div class=\"form-2col\">\n        <div class=\"form-fields\">\n            <label>Centre educatiu <span class=\"required\">*<\/span><\/label>\n            <span class=\"wpcf7-form-control-wrap\" data-name=\"centro\"><input size=\"40\" class=\"wpcf7-form-control wpcf7-text wpcf7-validates-as-required\" aria-required=\"true\" aria-invalid=\"false\" value=\"\" type=\"text\" name=\"centro\" \/><\/span>\n        <\/div>\n        <div class=\"form-fields\">\n            <label>C\u00e0rrec <span class=\"required\">*<\/span><\/label>\n            <span class=\"wpcf7-form-control-wrap\" data-name=\"cargo\"><select class=\"wpcf7-form-control wpcf7-select wpcf7-validates-as-required\" aria-required=\"true\" aria-invalid=\"false\" name=\"cargo\"><option value=\"\">Elige un cargo<\/option><option value=\"Alumno\">Alumno<\/option><option value=\"AFA\">AFA<\/option><option value=\"Docente\">Docente<\/option><option value=\"Responsable IT\">Responsable IT<\/option><option value=\"Jefe de estudios\">Jefe de estudios<\/option><option value=\"Director\">Director<\/option><\/select><\/span>\n        <\/div>\n    <\/div>\n\n    <div class=\"form-1col\">\n        <div class=\"form-fields\">\n            <label>Missatge <span class=\"required\">*<\/span><\/label>\n            <span class=\"wpcf7-form-control-wrap\" data-name=\"mensaje\"><textarea cols=\"40\" rows=\"10\" class=\"wpcf7-form-control wpcf7-textarea wpcf7-validates-as-required\" aria-required=\"true\" aria-invalid=\"false\" placeholder=\"Si us plau, indica informaci\u00f3 addicional sobre el motiu de la teva consulta...\" name=\"mensaje\"><\/textarea><\/span>\n        <\/div>\n    <\/div>\n\n    <div class=\"form-1col\">\n        <div class=\"form-fields privacidad\">\n            <span class=\"wpcf7-form-control-wrap\" data-name=\"privacypolicy\"><span class=\"wpcf7-form-control wpcf7-acceptance\"><span class=\"wpcf7-list-item\"><label><input type=\"checkbox\" name=\"privacypolicy\" value=\"1\" aria-invalid=\"false\" \/><span class=\"wpcf7-list-item-label\">He llegit i accepto la <a href=\"\/privacidad\" target=\"_blank\">Pol\u00edtica de privacitat<\/a><\/span><\/label><\/span><\/span><\/span>\n        <\/div>\n    <\/div>\n    \n    <div class=\"form-2col submit-col\">\n        <div>\n            <div id=\"cf7sr-69f4cb5ba1481\" class=\"cf7sr-g-recaptcha\" data-sitekey=\"6LfZxUMfAAAAAAnZMJJ3uW--Ry0QDJytjxti1j1U\"><\/div><span class=\"wpcf7-form-control-wrap cf7sr-recaptcha\" data-name=\"cf7sr-recaptcha\"><input type=\"hidden\" name=\"cf7sr-recaptcha\" value=\"\" class=\"wpcf7-form-control\"><\/span>\n        <\/div>\n        <div class=\"button-form\">\n            <button type=\"submit\">Enviar<\/button>\n        <\/div>\n    <\/div>\n<\/div><div class=\"wpcf7-response-output\" aria-hidden=\"true\"><\/div>\n<input type=\"hidden\" name=\"trp-form-language\" value=\"ca\"\/><\/form>\n<\/div>\n\n<\/div><\/div>","protected":false},"excerpt":{"rendered":"","protected":false},"author":11,"featured_media":0,"parent":0,"menu_order":0,"comment_status":"closed","ping_status":"closed","template":"","meta":{"_uag_custom_page_level_css":"","site-sidebar-layout":"default","site-content-layout":"default","ast-global-header-display":"","ast-main-header-display":"","ast-hfb-above-header-display":"","ast-hfb-below-header-display":"","ast-hfb-mobile-header-display":"","site-post-title":"","ast-breadcrumbs-content":"","ast-featured-img":"","footer-sml-layout":"","theme-transparent-header-meta":"","adv-header-id-meta":"","stick-header-meta":"","header-above-stick-meta":"","header-main-stick-meta":"","header-below-stick-meta":""},"uagb_featured_image_src":{"full":false,"thumbnail":false,"medium":false,"medium_large":false,"large":false,"1536x1536":false,"2048x2048":false,"trp-custom-language-flag":false,"woocommerce_thumbnail":false,"woocommerce_single":false,"woocommerce_gallery_thumbnail":false},"uagb_author_info":{"display_name":"Toni","author_link":"https:\/\/educacion.ietres.com\/ca\/author\/toni\/"},"uagb_comment_info":0,"uagb_excerpt":null,"_links":{"self":[{"href":"https:\/\/educacion.ietres.com\/ca\/wp-json\/wp\/v2\/pages\/6712"}],"collection":[{"href":"https:\/\/educacion.ietres.com\/ca\/wp-json\/wp\/v2\/pages"}],"about":[{"href":"https:\/\/educacion.ietres.com\/ca\/wp-json\/wp\/v2\/types\/page"}],"author":[{"embeddable":true,"href":"https:\/\/educacion.ietres.com\/ca\/wp-json\/wp\/v2\/users\/11"}],"replies":[{"embeddable":true,"href":"https:\/\/educacion.ietres.com\/ca\/wp-json\/wp\/v2\/comments?post=6712"}],"version-history":[{"count":49,"href":"https:\/\/educacion.ietres.com\/ca\/wp-json\/wp\/v2\/pages\/6712\/revisions"}],"predecessor-version":[{"id":14370,"href":"https:\/\/educacion.ietres.com\/ca\/wp-json\/wp\/v2\/pages\/6712\/revisions\/14370"}],"wp:attachment":[{"href":"https:\/\/educacion.ietres.com\/ca\/wp-json\/wp\/v2\/media?parent=6712"}],"curies":[{"name":"wp","href":"https:\/\/api.w.org\/{rel}","templated":true}]}}