{"id":4050,"date":"2020-09-09T11:53:42","date_gmt":"2020-09-09T09:53:42","guid":{"rendered":"https:\/\/educacion.ietres.com\/?page_id=4050"},"modified":"2023-04-19T17:09:48","modified_gmt":"2023-04-19T15:09:48","slug":"accesibilidad","status":"publish","type":"page","link":"https:\/\/educacion.ietres.com\/ca\/accesibilidad\/","title":{"rendered":"Accessibilitat en l'educaci\u00f3"},"content":{"rendered":"<div class=\"wp-block-uagb-container info-section alt uagb-block-07cc49ad alignfull uagb-is-root-container\"><div class=\"uagb-container-inner-blocks-wrap\">\n<div class=\"wp-block-uagb-container uagb-block-88b87edd\">\n<figure class=\"wp-block-image has-custom-border\"><img decoding=\"async\" loading=\"lazy\" width=\"1024\" height=\"768\" src=\"https:\/\/educacion.ietres.com\/wp-content\/uploads\/2020\/09\/accesibilidad-1-1024x768.jpeg\" alt=\"Accesibilidad educaci\u00f3n\" class=\"wp-image-4051\" style=\"border-radius:15px\" srcset=\"https:\/\/educacion.ietres.com\/wp-content\/uploads\/2020\/09\/accesibilidad-1-1024x768.jpeg 1024w, https:\/\/educacion.ietres.com\/wp-content\/uploads\/2020\/09\/accesibilidad-1-600x450.jpeg 600w, https:\/\/educacion.ietres.com\/wp-content\/uploads\/2020\/09\/accesibilidad-1-300x225.jpeg 300w, https:\/\/educacion.ietres.com\/wp-content\/uploads\/2020\/09\/accesibilidad-1-768x576.jpeg 768w, https:\/\/educacion.ietres.com\/wp-content\/uploads\/2020\/09\/accesibilidad-1-60x45.jpeg 60w, https:\/\/educacion.ietres.com\/wp-content\/uploads\/2020\/09\/accesibilidad-1-667x500.jpeg 667w, https:\/\/educacion.ietres.com\/wp-content\/uploads\/2020\/09\/accesibilidad-1-670x502.jpeg 670w, https:\/\/educacion.ietres.com\/wp-content\/uploads\/2020\/09\/accesibilidad-1.jpeg 1267w\" sizes=\"(max-width: 1024px) 100vw, 1024px\" \/><figcaption class=\"wp-element-caption\">Dispositiu per a facilitar l'accessibilitat<\/figcaption><\/figure>\n<\/div>\n\n\n\n<div class=\"wp-block-uagb-container uagb-block-fd8c6371\">\n<p>Estem compromesos amb el fet d'oferir eines que permetin a tothom utilitzar la tecnologia, incloses les milions de persones amb alguna mena de <strong>discapacitat<\/strong>.<\/p>\n\n\n\n<p>\u00c9s per aix\u00f2 que, tant els sistemes operatius com els serveis en internet amb els quals treballem, garanteixen l' <strong>accessibilitat<\/strong>. <\/p>\n\n\n\n<p>Tots els equips inform\u00e0tics i serveis proporcionats a les fam\u00edlies compleixen l'Est\u00e0ndard Europeu d'Accessibilitat <a href=\"https:\/\/www.en-standard.eu\/etsi-en-301-549-v1-0-2-accessibility-requirements-suitable-for-public-procurement-of-ict-products-and-services-in-europe\/\" target=\"_blank\" rel=\"noreferrer noopener\">ETSI EN 301 549<\/a> i\/o altres est\u00e0ndards d'accessibilitat.<\/p>\n\n\n\n<p>Gr\u00e0cies a aix\u00f2, podem fer realitat l' <strong>accesibilitat en l'educaci\u00f3<\/strong>, tot eliminant barreres en l'aprenentatge. <\/p>\n<\/div>\n<\/div><\/div>\n\n\n\n<div class=\"wp-block-uagb-container info-separator uagb-block-4ab3b15c alignfull uagb-is-root-container\"><div class=\"uagb-container__shape uagb-container__shape-top\"><svg xmlns=\"https:\/\/www.w3.org\/2000\/svg\" viewbox=\"0 0 1000 100\" preserveaspectratio=\"none\"><path class=\"uagb-container__shape-fill\" d=\"M421.9,6.5c22.6-2.5,51.5,0.4,75.5,5.3c23.6,4.9,70.9,23.5,100.5,35.7c75.8,32.2,133.7,44.5,192.6,49.7  c23.6,2.1,48.7,3.5,103.4-2.5c54.7-6,106.2-25.6,106.2-25.6V0H0v30.3c0,0,72,32.6,158.4,30.5c39.2-0.7,92.8-6.7,134-22.4  c21.2-8.1,52.2-18.2,79.7-24.2C399.3,7.9,411.6,7.5,421.9,6.5z\"><\/path><\/svg><\/div><\/div>\n\n\n\n<div class=\"wp-block-uagb-container info-section uagb-block-95ba97e5 alignfull uagb-is-root-container\"><div class=\"uagb-container-inner-blocks-wrap\">\n<h2 class=\"has-text-align-left\" id=\"h-implementacion-de-accesibilidad\">Implementaci\u00f3 d'accessibilitat<\/h2>\n\n\n\n<p>Tots els sistemes inclouen ajudes per a les <strong>persones amb problemes de visi\u00f3 i audici\u00f3<\/strong>, aix\u00ed com millores orientades a la <strong>neurodiversitat<\/strong> i als alumnes amb problemes d'aprenentatge.<\/p>\n\n\n\n<p>Aquestes persones amb discapacitat representen un percentatge significatiu de la poblaci\u00f3 i hem de facilitar el seu proc\u00e9s d'aprenentatge, per a fer de l'aula un lloc m\u00e9s inclusiu.<\/p>\n\n\n\n<p>Aquests mecanismes d'inclusi\u00f3 permeten <strong>capacitar a tots els alumnes<\/strong> independentment de les seves caracter\u00edstiques personals, facilitant la diversitat a l'aula. Perqu\u00e8, encara que ens apassiona incorporar tecnologia en el sector educatiu, creiem que el m\u00e9s important s\u00f3n les persones.<\/p>\n\n\n\n<p>La selecci\u00f3 de productes dissenyats amb l'accessibilitat en ment forma part de la cultura d'inclusiva en la qual volem participar. Volem fer de l'aula un lloc on s'afavoreixi la igualtat d'oportunitats i l'acc\u00e9s a la informaci\u00f3 per a tots.<\/p>\n\n\n\n<div style=\"margin-top:0;margin-bottom:0;height:10px\" aria-hidden=\"true\" class=\"wp-block-spacer\"><\/div>\n\n\n\n<h2 class=\"has-text-align-left\" id=\"h-plataforma-accesible\">Plataforma accessible<\/h2>\n\n\n\n<p>La nostra plataforma web tamb\u00e9 \u00e9s compatible amb les tecnologies d'accessibilitat. Per a utilitzar les funcions d'accessibilitat en la nostra web, haur\u00e0s d'utilitzar un dispositiu amb les opcions d'accessibilitat activades, o activar les opcions d'accessibilitat del teu navegador.<\/p>\n\n\n\n<p>Pots consultar m\u00e9s informaci\u00f3 sobre les funcions d'accessibilitat disponibles en productes dels nostres socis d'educaci\u00f3, <a aria-label=\" (abre en una nueva pesta\u00f1a)\" href=\"https:\/\/www.google.com\/intl\/es\/accessibility\/products-features\/\" target=\"_blank\" rel=\"noreferrer noopener\">Google<\/a> i <a aria-label=\" (abre en una nueva pesta\u00f1a)\" href=\"https:\/\/www.microsoft.com\/es-es\/accessibility\" target=\"_blank\" rel=\"noreferrer noopener\">Microsoft<\/a>, com per exemple <a aria-label=\" (abre en una nueva pesta\u00f1a)\" href=\"https:\/\/www.microsoft.com\/es-es\/education\/products\/learning-tools\" target=\"_blank\" rel=\"noreferrer noopener\">Learning Tools<\/a>. Les opcions d'accessibilitat venen incloses en el sistema operatiu i no \u00e9s necessari contractar cap servei per a utilitzar-les.<\/p>\n<\/div><\/div>","protected":false},"excerpt":{"rendered":"","protected":false},"author":2,"featured_media":0,"parent":0,"menu_order":0,"comment_status":"closed","ping_status":"closed","template":"","meta":{"_uag_custom_page_level_css":"","site-sidebar-layout":"default","site-content-layout":"default","ast-global-header-display":"","ast-main-header-display":"","ast-hfb-above-header-display":"","ast-hfb-below-header-display":"","ast-hfb-mobile-header-display":"","site-post-title":"","ast-breadcrumbs-content":"","ast-featured-img":"","footer-sml-layout":"","theme-transparent-header-meta":"","adv-header-id-meta":"","stick-header-meta":"","header-above-stick-meta":"","header-main-stick-meta":"","header-below-stick-meta":""},"uagb_featured_image_src":{"full":false,"thumbnail":false,"medium":false,"medium_large":false,"large":false,"1536x1536":false,"2048x2048":false,"trp-custom-language-flag":false,"woocommerce_thumbnail":false,"woocommerce_single":false,"woocommerce_gallery_thumbnail":false},"uagb_author_info":{"display_name":"Raul","author_link":"https:\/\/educacion.ietres.com\/ca\/author\/aitor\/"},"uagb_comment_info":0,"uagb_excerpt":null,"_links":{"self":[{"href":"https:\/\/educacion.ietres.com\/ca\/wp-json\/wp\/v2\/pages\/4050"}],"collection":[{"href":"https:\/\/educacion.ietres.com\/ca\/wp-json\/wp\/v2\/pages"}],"about":[{"href":"https:\/\/educacion.ietres.com\/ca\/wp-json\/wp\/v2\/types\/page"}],"author":[{"embeddable":true,"href":"https:\/\/educacion.ietres.com\/ca\/wp-json\/wp\/v2\/users\/2"}],"replies":[{"embeddable":true,"href":"https:\/\/educacion.ietres.com\/ca\/wp-json\/wp\/v2\/comments?post=4050"}],"version-history":[{"count":22,"href":"https:\/\/educacion.ietres.com\/ca\/wp-json\/wp\/v2\/pages\/4050\/revisions"}],"predecessor-version":[{"id":10902,"href":"https:\/\/educacion.ietres.com\/ca\/wp-json\/wp\/v2\/pages\/4050\/revisions\/10902"}],"wp:attachment":[{"href":"https:\/\/educacion.ietres.com\/ca\/wp-json\/wp\/v2\/media?parent=4050"}],"curies":[{"name":"wp","href":"https:\/\/api.w.org\/{rel}","templated":true}]}}