{"id":166,"date":"2019-01-28T12:38:32","date_gmt":"2019-01-28T11:38:32","guid":{"rendered":"https:\/\/educacion.ietres.com\/?page_id=166"},"modified":"2021-02-02T09:54:02","modified_gmt":"2021-02-02T08:54:02","slug":"cookies","status":"publish","type":"page","link":"https:\/\/educacion.ietres.com\/ca\/cookies\/","title":{"rendered":"Pol\u00edtica de cookies"},"content":{"rendered":"<p class=\"beccea564-5ee4-420c-8793-585a1fc1ce26\">Des d'ietres desitgem informar-lo que lel nostre web utilitza cookies per a analitzar la navegaci\u00f3 dels usuaris. Les cookies s\u00f3n uns petits arxius de text que s'instal\u00b7len a l'equip des del qual vost\u00e8 accedeix a la nostra web, amb les finalitats que es descriuen a continuaci\u00f3 i que pot configurar o deshabilitar a voluntat.<\/p>\n\n\n\n<p class=\"b14a3536f-1b21-4845-8a1a-bc9b6cdb2405\">Les cookies s\u00f3n emmagatzemades pel seu navegador en el disc dur durant de la sessi\u00f3 i ocupen molt poc espai. No afecten el funcionament del seu equip i no contenen informaci\u00f3 de tipus personal.<\/p>\n\n\n\n<p class=\"b721c1db1-3de2-4b05-bfaa-c00ed71946b1\">La majoria dels navegadors web accepten autom\u00e0ticament les cookies. Aquestes es poden rebutjar o acceptar de manera independent, amb la configuraci\u00f3 de seguretat de l'ordinador.<\/p>\n\n\n\n<p class=\"b9d12ceae-9b6d-4100-902b-80a99e365152\">En el cas de desactivar les cookies de ietres.com \u00e9s possible que algunes parts de la web no estiguin disponibles i\/o algunes p\u00e0gines no es vegin correctament.<\/p>\n\n\n\n<p class=\"b82b43d60-b56c-43bc-b49e-3e8d313b5286\">Existeixen dos tipus de cookies segons qui les gestioni: cookies pr\u00f2pies i cookies de tercers. Mentre que les pr\u00f2pies s\u00f3n les que envia la nostra web, les de tercers s\u00f3n les que envia unalguna altra empresa per a tractar les dades obtingudes, com per exemple Google Analytics.<\/p>\n\n\n\n<p class=\"bbb471ea8-db37-41fa-80a8-35cd3629ec80\">Totes les cookies que utilitza el web educacion.ietres.com s\u00f3n cookies de tercers. Aquestes s\u00f3n les aplicacions de tercers que utilitza la nostra web per a obtenir i analitzar la informaci\u00f3 de navegaci\u00f3:<\/p>\n\n\n\n<div style=\"height:50px\" aria-hidden=\"true\" class=\"wp-block-spacer  bdca628e1-afae-4c0f-b146-8aa06544fab0\"><\/div>\n\n\n\n<h3 class=\"bb2827263-f80c-4fb0-8e88-94524125f37d\">Google Analytics<\/h3>\n\n\n\n<p class=\"b5bbf57d8-3cf6-4510-9ff8-e8adf5540835\"><a href=\"https:\/\/www.google.com\/analytics\/\" target=\"_blank\" rel=\"noreferrer noopener\">google.com\/analytics\/<\/a>&nbsp;i&nbsp;<a href=\"https:\/\/www.google.com\/intl\/es\/policies\/privacy\/\" target=\"_blank\" rel=\"noreferrer noopener\">google.com\/intl\/es\/policies\/privacy\/<\/a><\/p>\n\n\n\n<p class=\"bfd48d63a-fb81-4908-acbe-f46b50a22892\">Aquesta aplicaci\u00f3 ha estat desenvolupada per Google, que ens presta el servei d'an\u00e0lisi de l'audi\u00e8ncia del nostre web. Aquesta empresa pot utilitzar aquestes dades per a millorar els seus propis serveis i per a oferir serveis a altres empreses.<\/p>\n\n\n\n<p class=\"b53e79592-b450-4972-a586-ae1b94455788\">Aquesta eina no obt\u00e9 dades dels noms o cognoms dels usuaris ni de l'adre\u00e7a postal des d'on es connecten. La informaci\u00f3 que obt\u00e9 est\u00e0 relacionada per exemple amb el nombre de p\u00e0gines visites, l'idioma, xarxa social en la qual es publiquen les nostres not\u00edcies.<\/p>\n\n\n\n<p class=\"bb75c498d-1774-4b7d-b5b3-221bb27101f1\">Aix\u00ed com tamb\u00e9 la ciutat a la qual est\u00e0 assignada l'adre\u00e7a IP des de la qual accedeixen els usuaris, el nombre d'usuaris que ens visiten, la freq\u00fc\u00e8ncia i reincid\u00e8ncia de les visites, el temps de visita, el navegador que usen, l'operador o tipus de terminal des del qual es realitza la visita.<\/p>\n\n\n\n<div style=\"height:50px\" aria-hidden=\"true\" class=\"wp-block-spacer  bb499210e-321c-4d52-add8-d0ffca9e078d\"><\/div>\n\n\n\n<h3 class=\"b50b43e6f-64f4-4578-8de2-35ae119a74e2\">Google Adwords<\/h3>\n\n\n\n<p class=\"baa2fae02-0743-460e-bdbb-e949c490a9af\"><a href=\"https:\/\/www.google.com\/adwords\/\" target=\"_blank\" rel=\"noreferrer noopener\">google.com\/adwords\/<\/a>&nbsp;i&nbsp;<a href=\"https:\/\/www.google.es\/intl\/es\/policies\/privacy\/\" target=\"_blank\" rel=\"noreferrer noopener\">google.com\/intl\/es\/policies\/privacy\/<\/a><\/p>\n\n\n\n<p class=\"bfe1342f3-5a96-4ac9-b23d-d27577eab1da\">Una altra aplicaci\u00f3 desenvolupada per Google, que detecta i registra aquelles vendes procedents d'anuncis a Google. Aquesta empresa pot utilitzar aquestes dades per a millorar els seus propis serveis i per a oferir serveis a altres empreses.<\/p>\n\n\n\n<p class=\"babf65740-064d-413b-8dfd-a057b3248df3\">Aquesta aplicaci\u00f3 no obt\u00e9 dades dels noms o cognoms dels usuaris ni de l'adre\u00e7a postal des d'on es connecten.<\/p>\n\n\n\n<p class=\"bfe7773f7-3191-4c03-b486-c3361ca10c10\">La informaci\u00f3 que obt\u00e9 est\u00e0 relacionada per exemple amb el nombre de p\u00e0gines visites, l'idioma, xarxa social en la qual es publiquen les nostres not\u00edcies, la ciutat a la qual est\u00e0 assignada l'adre\u00e7a IP des de la qual accedeixen els usuaris, el nombre d'usuaris que ens visiten. <\/p>\n\n\n\n<p class=\"bad3f9c06-ce70-4fe5-be91-8385d9260fea\">Igual que la freq\u00fc\u00e8ncia i reincid\u00e8ncia de les visites, el temps de visita, el navegador que usen, l'operador o tipus de terminal des del qual es realitza la visita.<\/p>\n\n\n\n<p class=\"b473fbdd0-f9d2-4c5b-b0c9-49636c61fd0e\">Aix\u00ed doncs, destaquem que aquest tipus d'informaci\u00f3 la utilitzem per a millorar el nostre web, detectar noves necessitats i valorar les millores a introduir amb la finalitat de prestar un millor servei als usuaris que ens visiten.<\/p>\n\n\n\n<div style=\"height:50px\" aria-hidden=\"true\" class=\"wp-block-spacer  bb831318a-1db0-4b6d-ac62-57979ed7c60b\"><\/div>\n\n\n\n<h3 class=\"b294d4ed2-6fd9-427b-93b9-c8e01b10a1b0\">Permetre, con\u00e8ixer, bloquejar o eliminar les cookies<\/h3>\n\n\n\n<p class=\"b29a04227-fbd6-4a8b-9aff-47d23e99fbdc\">Tots els navegadors permeten canviar la configuraci\u00f3 de les Cookies instal\u00b7lades a trav\u00e9s de les opcions de configuraci\u00f3 del navegador instal\u00b7lat en l'ordinador. Pot trobar informaci\u00f3 sobre com fer-ho en els principals navegadors seguint aquests enlla\u00e7os:<\/p>\n\n\n\n<p class=\"b99d4bf88-66a8-4d41-9332-207fdb0d9dd0\"><a href=\"http:\/\/support.google.com\/chrome\/answer\/95647?hl=es\" target=\"_blank\" rel=\"noreferrer noopener\">Chrome<br><\/a><a href=\"http:\/\/support.mozilla.org\/es\/kb\/habilitar-y-deshabilitar-cookies-que-los-sitios-we\" target=\"_blank\" rel=\"noreferrer noopener\">Firefox<br><\/a><a href=\"https:\/\/support.microsoft.com\/es-es\/help\/4027947\/windows-delete-cookies\" target=\"_blank\" rel=\"noreferrer noopener\">Edge<br><\/a><a href=\"http:\/\/support.microsoft.com\/es-es\/help\/17442\/windows-internet-explorer-delete-manage-cookies\" target=\"_blank\" rel=\"noreferrer noopener\">Internet Explorer<br><\/a><a href=\"https:\/\/support.apple.com\/es-es\/guide\/safari\/sfri11471\/mac\" target=\"_blank\" rel=\"noreferrer noopener\">Safari<br><\/a><a href=\"https:\/\/help.opera.com\/en\/latest\/web-preferences\/#cookies\" target=\"_blank\" rel=\"noreferrer noopener\">Opera<\/a><\/p>\n\n\n\n<div style=\"height:90px\" aria-hidden=\"true\" class=\"wp-block-spacer  b71e08382-5d66-497f-9114-fdf71bee28ea\"><\/div>","protected":false},"excerpt":{"rendered":"<p>Desde ietres deseamos informarte que nuestra p\u00e1gina web utiliza cookies para analizar la navegaci\u00f3n de los usuarios. Las cookies son unos peque\u00f1os archivos de texto que se instalan en el equipo desde el que accedes a nuestra web con las &hellip;<\/p>\n<p class=\"read-more\"> <a class=\"ast-button\" href=\"https:\/\/educacion.ietres.com\/ca\/cookies\/\"> <span class=\"screen-reader-text\">Pol\u00edtica de cookies<\/span> Read More \u00bb<\/a><\/p>","protected":false},"author":2,"featured_media":0,"parent":0,"menu_order":0,"comment_status":"closed","ping_status":"closed","template":"","meta":{"_uag_custom_page_level_css":"","site-sidebar-layout":"default","site-content-layout":"default","ast-global-header-display":"","ast-main-header-display":"","ast-hfb-above-header-display":"","ast-hfb-below-header-display":"","ast-hfb-mobile-header-display":"","site-post-title":"","ast-breadcrumbs-content":"","ast-featured-img":"","footer-sml-layout":"","theme-transparent-header-meta":"","adv-header-id-meta":"","stick-header-meta":"","header-above-stick-meta":"","header-main-stick-meta":"","header-below-stick-meta":""},"uagb_featured_image_src":{"full":false,"thumbnail":false,"medium":false,"medium_large":false,"large":false,"1536x1536":false,"2048x2048":false,"trp-custom-language-flag":false,"woocommerce_thumbnail":false,"woocommerce_single":false,"woocommerce_gallery_thumbnail":false},"uagb_author_info":{"display_name":"Raul","author_link":"https:\/\/educacion.ietres.com\/ca\/author\/aitor\/"},"uagb_comment_info":0,"uagb_excerpt":"Desde ietres deseamos informarte que nuestra p\u00e1gina web utiliza cookies para analizar la navegaci\u00f3n de los usuarios. Las cookies son unos peque\u00f1os archivos de texto que se instalan en el equipo desde el que accedes a nuestra web con las &hellip; Pol\u00edtica de cookies Read More \u00bb","_links":{"self":[{"href":"https:\/\/educacion.ietres.com\/ca\/wp-json\/wp\/v2\/pages\/166"}],"collection":[{"href":"https:\/\/educacion.ietres.com\/ca\/wp-json\/wp\/v2\/pages"}],"about":[{"href":"https:\/\/educacion.ietres.com\/ca\/wp-json\/wp\/v2\/types\/page"}],"author":[{"embeddable":true,"href":"https:\/\/educacion.ietres.com\/ca\/wp-json\/wp\/v2\/users\/2"}],"replies":[{"embeddable":true,"href":"https:\/\/educacion.ietres.com\/ca\/wp-json\/wp\/v2\/comments?post=166"}],"version-history":[{"count":9,"href":"https:\/\/educacion.ietres.com\/ca\/wp-json\/wp\/v2\/pages\/166\/revisions"}],"predecessor-version":[{"id":4526,"href":"https:\/\/educacion.ietres.com\/ca\/wp-json\/wp\/v2\/pages\/166\/revisions\/4526"}],"wp:attachment":[{"href":"https:\/\/educacion.ietres.com\/ca\/wp-json\/wp\/v2\/media?parent=166"}],"curies":[{"name":"wp","href":"https:\/\/api.w.org\/{rel}","templated":true}]}}