{"id":14327,"date":"2025-02-05T13:39:33","date_gmt":"2025-02-05T12:39:33","guid":{"rendered":"https:\/\/educacion.ietres.com\/?page_id=14327"},"modified":"2025-02-05T15:42:06","modified_gmt":"2025-02-05T14:42:06","slug":"lugus","status":"publish","type":"page","link":"https:\/\/educacion.ietres.com\/ca\/lugus\/","title":{"rendered":"Acerca de Lugus"},"content":{"rendered":"<div class=\"wp-block-uagb-container info-intro-section uagb-block-052e6a76 alignfull uagb-is-root-container\"><div class=\"uagb-container-inner-blocks-wrap\">\n<figure class=\"wp-block-image aligncenter size-full ba986da98-b68f-466f-8d5a-1357d2091611\"><img decoding=\"async\" loading=\"lazy\" width=\"300\" height=\"111\" src=\"https:\/\/educacion.ietres.com\/wp-content\/uploads\/2025\/02\/logo_lugus2-300x111-1.png\" alt=\"\" class=\"wp-image-14328\" srcset=\"https:\/\/educacion.ietres.com\/wp-content\/uploads\/2025\/02\/logo_lugus2-300x111-1.png 300w, https:\/\/educacion.ietres.com\/wp-content\/uploads\/2025\/02\/logo_lugus2-300x111-1-18x7.png 18w\" sizes=\"(max-width: 300px) 100vw, 300px\" \/><\/figure>\n\n\n\n<p class=\"has-text-align-center\"> <strong>Lugus<\/strong> es el mejor gestor de aula, y mucho m\u00e1s. Se adapta a todos los modelos organizativos que conviven en los colegios, aplicando diferentes pol\u00edticas de uso a cada nivel educativo. Facilita las tareas del administrador TIC, reforzando y complementando las funciones de control y seguridad para Google Chromebook, dispositivos con Microsoft Windows y tablets Android, todo ello en tiempo real. Ideal para el modelo BYOD.<\/p>\n\n\n\n<p class=\"has-text-align-center\"><strong>Lugus<\/strong> es una soluci\u00f3n \u201ctodo en uno\u201d, creada para ayudar a todos los actores implicados en su proyecto escolar. Sus funciones de control y seguridad son: Gestor de Aula, Filtro de Internet, Geolocalizaci\u00f3n, Bienestar Digital, An\u00e1lisis y Monitorizaci\u00f3n e Interacci\u00f3n Parental Digital. La instalaci\u00f3n de la soluci\u00f3n Lugus es muy r\u00e1pida y la realiza exclusivamente el administrador TIC desde la consola de Administraci\u00f3n de Google Workspace o Microsoft Intune.<\/p>\n\n\n\n<div class=\"wp-block-uagb-buttons uagb-buttons__outer-wrap uagb-btn__default-btn uagb-btn-tablet__default-btn uagb-btn-mobile__default-btn uagb-block-cb58c37e\"><div class=\"uagb-buttons__wrap uagb-buttons-layout-wrap\">\n<div class=\"wp-block-uagb-buttons-child uagb-buttons__outer-wrap uagb-block-53cc8ea7 wp-block-button is-style-outline\"><div class=\"uagb-button__wrapper\"><a class=\"uagb-buttons-repeater wp-block-button__link has-background has-text-color\" href=\"#contacto\" onclick=\"return true;\" rel=\"follow noopener\" target=\"_self\"><span class=\"uagb-button__icon uagb-button__icon-position-before\"><svg xmlns=\"https:\/\/www.w3.org\/2000\/svg\" viewbox=\"0 0 512 512\"><path d=\"M256 0C114.6 0 0 114.6 0 256s114.6 256 256 256s256-114.6 256-256S397.4 0 256 0zM256 128c17.67 0 32 14.33 32 32c0 17.67-14.33 32-32 32S224 177.7 224 160C224 142.3 238.3 128 256 128zM296 384h-80C202.8 384 192 373.3 192 360s10.75-24 24-24h16v-64H224c-13.25 0-24-10.75-24-24S210.8 224 224 224h32c13.25 0 24 10.75 24 24v88h16c13.25 0 24 10.75 24 24S309.3 384 296 384z\"><\/path><\/svg><\/span><div class=\"uagb-button__link\">Contacta amb nosaltres<\/div><\/a><\/div><\/div>\n<\/div><\/div>\n<\/div><\/div>\n\n\n\n<div class=\"wp-block-uagb-container info-separator uagb-block-55a0dda7 alignfull uagb-is-root-container\"><div class=\"uagb-container__shape uagb-container__shape-top\"><svg xmlns=\"https:\/\/www.w3.org\/2000\/svg\" viewbox=\"0 0 1000 100\" preserveaspectratio=\"none\"><path class=\"uagb-container__shape-fill\" d=\"M421.9,6.5c22.6-2.5,51.5,0.4,75.5,5.3c23.6,4.9,70.9,23.5,100.5,35.7c75.8,32.2,133.7,44.5,192.6,49.7  c23.6,2.1,48.7,3.5,103.4-2.5c54.7-6,106.2-25.6,106.2-25.6V0H0v30.3c0,0,72,32.6,158.4,30.5c39.2-0.7,92.8-6.7,134-22.4  c21.2-8.1,52.2-18.2,79.7-24.2C399.3,7.9,411.6,7.5,421.9,6.5z\"><\/path><\/svg><\/div><\/div>\n\n\n\n<div class=\"wp-block-uagb-container info-section uagb-block-63f44c40 alignfull uagb-is-root-container\"><div class=\"uagb-container-inner-blocks-wrap\">\n<div class=\"wp-block-uagb-container uagb-block-d0e52292\">\n<figure class=\"wp-block-image aligncenter size-full bc508417c-40e2-4d19-ae4c-d5c5b304f8ce\"><img decoding=\"async\" loading=\"lazy\" width=\"600\" height=\"400\" src=\"https:\/\/educacion.ietres.com\/wp-content\/uploads\/2025\/02\/01-Aula-Digital.png\" alt=\"Lugus: Gestor de Aula\" class=\"wp-image-14337\" srcset=\"https:\/\/educacion.ietres.com\/wp-content\/uploads\/2025\/02\/01-Aula-Digital.png 600w, https:\/\/educacion.ietres.com\/wp-content\/uploads\/2025\/02\/01-Aula-Digital-300x200.png 300w, https:\/\/educacion.ietres.com\/wp-content\/uploads\/2025\/02\/01-Aula-Digital-18x12.png 18w\" sizes=\"(max-width: 600px) 100vw, 600px\" \/><\/figure>\n<\/div>\n\n\n\n<div class=\"wp-block-uagb-container uagb-block-a3722cf0\">\n<h2 id=\"h-gestor-de-aula\">Gestor de Aula<\/h2>\n\n\n\n<p><strong>Control total en el aula para una ense\u00f1anza sin distracciones.<\/strong> Dise\u00f1ado para ayudar a los profesores a mantener la atenci\u00f3n de los alumnos y mejorar la din\u00e1mica en clase. Con solo un clic, puedes pausar todas las pantallas, bloquear el acceso a Internet o desactivar filtros en los dispositivos de los estudiantes, sin importar a qu\u00e9 red est\u00e9n conectados. Funciona en tiempo real, permitiendo una gesti\u00f3n eficiente y sin interrupciones. Olv\u00eddate de los problemas de conexi\u00f3n y enf\u00f3cate en lo que realmente importa: ense\u00f1ar de manera efectiva.<\/p>\n<\/div>\n<\/div><\/div>\n\n\n\n<div class=\"wp-block-uagb-container info-section alt uagb-block-cc212267 alignfull uagb-is-root-container\"><div class=\"uagb-container-inner-blocks-wrap\">\n<div class=\"wp-block-uagb-container uagb-block-d0532cf5\">\n<h2 id=\"h-filtro-de-internet\"> Filtro de Internet<\/h2>\n\n\n\n<p><strong>Navegaci\u00f3n segura en todo momento, dentro y fuera del aula.<\/strong> Con nuestro avanzado filtro de Internet, los alumnos siempre acceden a un entorno digital protegido, ya sea en el colegio o en casa. Los profesores pueden activarlo o desactivarlo con un solo clic, adapt\u00e1ndolo a las necesidades de cada clase en tiempo real. Adem\u00e1s, incorpora <strong>Escudo Web\u00ae<\/strong>, un reconocido filtro utilizado por gobiernos de todo el mundo para garantizar una experiencia segura y libre de contenido inapropiado. M\u00e1s control, m\u00e1s seguridad, mejor aprendizaje.<\/p>\n<\/div>\n\n\n\n<div class=\"wp-block-uagb-container uagb-block-7dd5670c\">\n<figure class=\"wp-block-image aligncenter size-full bc508417c-40e2-4d19-ae4c-d5c5b304f8ce\"><img decoding=\"async\" loading=\"lazy\" width=\"600\" height=\"400\" src=\"https:\/\/educacion.ietres.com\/wp-content\/uploads\/2025\/02\/02-Fitro-de-internet.png\" alt=\"Lugus: Filtro de Internet\" class=\"wp-image-14338\" srcset=\"https:\/\/educacion.ietres.com\/wp-content\/uploads\/2025\/02\/02-Fitro-de-internet.png 600w, https:\/\/educacion.ietres.com\/wp-content\/uploads\/2025\/02\/02-Fitro-de-internet-300x200.png 300w, https:\/\/educacion.ietres.com\/wp-content\/uploads\/2025\/02\/02-Fitro-de-internet-18x12.png 18w\" sizes=\"(max-width: 600px) 100vw, 600px\" \/><\/figure>\n<\/div>\n<\/div><\/div>\n\n\n\n<div class=\"wp-block-uagb-container info-separator uagb-block-e48b7128 alignfull uagb-is-root-container\"><div class=\"uagb-container__shape uagb-container__shape-top\"><svg xmlns=\"https:\/\/www.w3.org\/2000\/svg\" viewbox=\"0 0 1000 100\" preserveaspectratio=\"none\"><path class=\"uagb-container__shape-fill\" d=\"M421.9,6.5c22.6-2.5,51.5,0.4,75.5,5.3c23.6,4.9,70.9,23.5,100.5,35.7c75.8,32.2,133.7,44.5,192.6,49.7  c23.6,2.1,48.7,3.5,103.4-2.5c54.7-6,106.2-25.6,106.2-25.6V0H0v30.3c0,0,72,32.6,158.4,30.5c39.2-0.7,92.8-6.7,134-22.4  c21.2-8.1,52.2-18.2,79.7-24.2C399.3,7.9,411.6,7.5,421.9,6.5z\"><\/path><\/svg><\/div><\/div>\n\n\n\n<div class=\"wp-block-uagb-container info-section uagb-block-1aa0e430 alignfull uagb-is-root-container\"><div class=\"uagb-container-inner-blocks-wrap\">\n<div class=\"wp-block-uagb-container uagb-block-f3150990\">\n<figure class=\"wp-block-image aligncenter size-full bc508417c-40e2-4d19-ae4c-d5c5b304f8ce\"><img decoding=\"async\" loading=\"lazy\" width=\"600\" height=\"400\" src=\"https:\/\/educacion.ietres.com\/wp-content\/uploads\/2025\/02\/03-Geolocalizacion.png\" alt=\"Lugus: Geolocalizaci\u00f3n\" class=\"wp-image-14339\" srcset=\"https:\/\/educacion.ietres.com\/wp-content\/uploads\/2025\/02\/03-Geolocalizacion.png 600w, https:\/\/educacion.ietres.com\/wp-content\/uploads\/2025\/02\/03-Geolocalizacion-300x200.png 300w, https:\/\/educacion.ietres.com\/wp-content\/uploads\/2025\/02\/03-Geolocalizacion-18x12.png 18w\" sizes=\"(max-width: 600px) 100vw, 600px\" \/><\/figure>\n<\/div>\n\n\n\n<div class=\"wp-block-uagb-container uagb-block-623f6f1d\">\n<h2 id=\"h-geolocalizacion\">Geolocalizaci\u00f3n<\/h2>\n\n\n\n<p><strong>Localiza dispositivos perdidos o robados en segundos.<\/strong> La funci\u00f3n de geolocalizaci\u00f3n permite a los administradores TIC rastrear equipos extraviados durante el horario escolar, garantizando su recuperaci\u00f3n y seguridad. Una vez fuera del centro educativo, los padres tambi\u00e9n pueden utilizar esta herramienta desde la aplicaci\u00f3n de control parental, siempre que el dispositivo no est\u00e9 bajo la gesti\u00f3n de la instituci\u00f3n. Un sistema eficiente para proteger la tecnolog\u00eda en el aula y en casa, brindando mayor seguridad y tranquilidad a todos.<\/p>\n<\/div>\n<\/div><\/div>\n\n\n\n<div class=\"wp-block-uagb-container info-section alt uagb-block-e5105d98 alignfull uagb-is-root-container\"><div class=\"uagb-container-inner-blocks-wrap\">\n<div class=\"wp-block-uagb-container uagb-block-a9a4d896\">\n<h2 id=\"h-bienestar-digital\">Bienestar Digital<\/h2>\n\n\n\n<p><strong><strong>Equilibrio digital para un uso saludable de la tecnolog\u00eda<\/strong><\/strong>.<strong> <\/strong>Los administradores TIC y a los padres podr\u00e1n establecer pausas en el uso de los dispositivos en momentos clave, como recreos, horarios de estudio o durante la noche. Al regular el tiempo de pantalla, ayuda a prevenir la fatiga digital, los trastornos del sue\u00f1o y la adicci\u00f3n a la tecnolog\u00eda, promoviendo h\u00e1bitos m\u00e1s equilibrados. Ideal para fomentar la concentraci\u00f3n, mejorar el descanso y garantizar un entorno digital m\u00e1s saludable tanto en la escuela como en casa. <\/p>\n<\/div>\n\n\n\n<div class=\"wp-block-uagb-container uagb-block-39d4b62b\">\n<figure class=\"wp-block-image aligncenter size-full bc508417c-40e2-4d19-ae4c-d5c5b304f8ce\"><img decoding=\"async\" loading=\"lazy\" width=\"600\" height=\"400\" src=\"https:\/\/educacion.ietres.com\/wp-content\/uploads\/2025\/02\/04-Bienestar-Digital.png\" alt=\"Lugus: Bienestar Digital\" class=\"wp-image-14340\" srcset=\"https:\/\/educacion.ietres.com\/wp-content\/uploads\/2025\/02\/04-Bienestar-Digital.png 600w, https:\/\/educacion.ietres.com\/wp-content\/uploads\/2025\/02\/04-Bienestar-Digital-300x200.png 300w, https:\/\/educacion.ietres.com\/wp-content\/uploads\/2025\/02\/04-Bienestar-Digital-18x12.png 18w\" sizes=\"(max-width: 600px) 100vw, 600px\" \/><\/figure>\n<\/div>\n<\/div><\/div>\n\n\n\n<div class=\"wp-block-uagb-container info-separator uagb-block-f53fd09c alignfull uagb-is-root-container\"><div class=\"uagb-container__shape uagb-container__shape-top\"><svg xmlns=\"https:\/\/www.w3.org\/2000\/svg\" viewbox=\"0 0 1000 100\" preserveaspectratio=\"none\"><path class=\"uagb-container__shape-fill\" d=\"M421.9,6.5c22.6-2.5,51.5,0.4,75.5,5.3c23.6,4.9,70.9,23.5,100.5,35.7c75.8,32.2,133.7,44.5,192.6,49.7  c23.6,2.1,48.7,3.5,103.4-2.5c54.7-6,106.2-25.6,106.2-25.6V0H0v30.3c0,0,72,32.6,158.4,30.5c39.2-0.7,92.8-6.7,134-22.4  c21.2-8.1,52.2-18.2,79.7-24.2C399.3,7.9,411.6,7.5,421.9,6.5z\"><\/path><\/svg><\/div><\/div>\n\n\n\n<div class=\"wp-block-uagb-container info-section uagb-block-ef56e9d1 alignfull uagb-is-root-container\"><div class=\"uagb-container-inner-blocks-wrap\">\n<div class=\"wp-block-uagb-container uagb-block-ca4dd57b\">\n<figure class=\"wp-block-image aligncenter size-full bc508417c-40e2-4d19-ae4c-d5c5b304f8ce\"><img decoding=\"async\" loading=\"lazy\" width=\"600\" height=\"400\" src=\"https:\/\/educacion.ietres.com\/wp-content\/uploads\/2025\/02\/05-Analisis-y-Monitorizacion.png\" alt=\"Lugus: An\u00e1lisis y Monitorizaci\u00f3n\" class=\"wp-image-14342\" srcset=\"https:\/\/educacion.ietres.com\/wp-content\/uploads\/2025\/02\/05-Analisis-y-Monitorizacion.png 600w, https:\/\/educacion.ietres.com\/wp-content\/uploads\/2025\/02\/05-Analisis-y-Monitorizacion-300x200.png 300w, https:\/\/educacion.ietres.com\/wp-content\/uploads\/2025\/02\/05-Analisis-y-Monitorizacion-18x12.png 18w\" sizes=\"(max-width: 600px) 100vw, 600px\" \/><\/figure>\n<\/div>\n\n\n\n<div class=\"wp-block-uagb-container uagb-block-ec65bd8c\">\n<h2 id=\"h-analisis-y-monitorizacion\">An\u00e1lisis y Monitorizaci\u00f3n<\/h2>\n\n\n\n<p><strong>An\u00e1lisis y Monitorizaci\u00f3n para un mayor control y seguridad digital.<\/strong> Esta funci\u00f3n recopila datos detallados sobre la navegaci\u00f3n en Internet y la visualizaci\u00f3n de v\u00eddeos, proporcionando informaci\u00f3n clave para mejorar la experiencia digital de los alumnos. Con estos informes, los administradores TIC y educadores pueden tomar decisiones informadas para ajustar y optimizar el filtro de Internet, asegurando un entorno en l\u00ednea m\u00e1s seguro y adaptado a las necesidades educativas. M\u00e1s visibilidad, mejor control y una navegaci\u00f3n m\u00e1s protegida.<\/p>\n<\/div>\n<\/div><\/div>\n\n\n\n<div class=\"wp-block-uagb-container info-section alt uagb-block-20390146 alignfull uagb-is-root-container\"><div class=\"uagb-container-inner-blocks-wrap\">\n<div class=\"wp-block-uagb-container uagb-block-b4be38b3\">\n<h2 id=\"h-interaccion-parental-digital\">Interacci\u00f3n Parental Digital<\/h2>\n\n\n\n<p><strong>Interacci\u00f3n Parental Digital: supervisi\u00f3n y equilibrio en el hogar.<\/strong> Dise\u00f1ada para involucrar a los padres en la seguridad digital de sus hijos, esta funci\u00f3n ayuda a crear un entorno tecnol\u00f3gico saludable y acorde con la era digital. Configurable desde el tel\u00e9fono de los padres, solo se activa si la organizaci\u00f3n educativa lo permite. Incluye la innovadora funci\u00f3n <strong>\u00a1Esc\u00fachame, por favor!<\/strong>, que permite congelar la pantalla del dispositivo del ni\u00f1o al instante, facilitando momentos sin distracciones para actividades como cenar, ba\u00f1arse o conversar.<\/p>\n<\/div>\n\n\n\n<div class=\"wp-block-uagb-container uagb-block-12820807\">\n<figure class=\"wp-block-image aligncenter size-full bc508417c-40e2-4d19-ae4c-d5c5b304f8ce\"><img decoding=\"async\" loading=\"lazy\" width=\"600\" height=\"400\" src=\"https:\/\/educacion.ietres.com\/wp-content\/uploads\/2025\/02\/06-Interaccion-Parental-Digital.png\" alt=\"Lugus: Interacci\u00f3n Parental Digital\" class=\"wp-image-14344\" srcset=\"https:\/\/educacion.ietres.com\/wp-content\/uploads\/2025\/02\/06-Interaccion-Parental-Digital.png 600w, https:\/\/educacion.ietres.com\/wp-content\/uploads\/2025\/02\/06-Interaccion-Parental-Digital-300x200.png 300w, https:\/\/educacion.ietres.com\/wp-content\/uploads\/2025\/02\/06-Interaccion-Parental-Digital-18x12.png 18w\" sizes=\"(max-width: 600px) 100vw, 600px\" \/><\/figure>\n<\/div>\n<\/div><\/div>\n\n\n\n<div class=\"wp-block-uagb-container info-contact uagb-block-e2bf752d alignfull uagb-is-root-container\"><div class=\"uagb-container__shape uagb-container__shape-top\"><svg xmlns=\"https:\/\/www.w3.org\/2000\/svg\" viewbox=\"0 0 1000 100\" preserveaspectratio=\"none\"><path class=\"uagb-container__shape-fill\" d=\"M421.9,6.5c22.6-2.5,51.5,0.4,75.5,5.3c23.6,4.9,70.9,23.5,100.5,35.7c75.8,32.2,133.7,44.5,192.6,49.7  c23.6,2.1,48.7,3.5,103.4-2.5c54.7-6,106.2-25.6,106.2-25.6V0H0v30.3c0,0,72,32.6,158.4,30.5c39.2-0.7,92.8-6.7,134-22.4  c21.2-8.1,52.2-18.2,79.7-24.2C399.3,7.9,411.6,7.5,421.9,6.5z\"><\/path><\/svg><\/div><div class=\"uagb-container-inner-blocks-wrap\">\n<div id=\"contacto\"><\/div>\n\n\n\n<h2 class=\"has-text-align-center\" id=\"h-conoce-lugus\">Conoce Lugus<\/h2>\n\n\n\n<p class=\"has-text-align-center info-contact-text\">Contacta amb nosaltres per mitj\u00e0 del nostre correu electr\u00f2nic <a href=\"mailto:educacion@ie3.com\">educacion@ie3.com,<\/a> trucant al nostre tel\u00e8fon <a href=\"tel:+34937379934\">937 379 934<\/a> o rellena el siguiente formulario y conoce todo lo que te puede ofrecer Lugus.<\/p>\n\n\n\n<div class=\"wpcf7 no-js\" id=\"wpcf7-f10850-o1\" lang=\"es-ES\" dir=\"ltr\">\n<div class=\"screen-reader-response\"><p role=\"status\" aria-live=\"polite\" aria-atomic=\"true\"><\/p> <ul><\/ul><\/div>\n<form action=\"\/ca\/wp-json\/wp\/v2\/pages\/14327#wpcf7-f10850-o1\" method=\"post\" class=\"wpcf7-form init\" aria-label=\"Contact form\" novalidate=\"novalidate\" data-status=\"init\" data-trp-original-action=\"\/ca\/wp-json\/wp\/v2\/pages\/14327#wpcf7-f10850-o1\">\n<div style=\"display: none;\">\n<input type=\"hidden\" name=\"_wpcf7\" value=\"10850\" \/>\n<input type=\"hidden\" name=\"_wpcf7_version\" value=\"5.7.4\" \/>\n<input type=\"hidden\" name=\"_wpcf7_locale\" value=\"es_ES\" \/>\n<input type=\"hidden\" name=\"_wpcf7_unit_tag\" value=\"wpcf7-f10850-o1\" \/>\n<input type=\"hidden\" name=\"_wpcf7_container_post\" value=\"0\" \/>\n<input type=\"hidden\" name=\"_wpcf7_posted_data_hash\" value=\"\" \/>\n<\/div>\n<div class=\"form-container\">\n    <div class=\"form-2col\">\n        <div class=\"form-fields\">\n            <label>Nom i Cognom <span class=\"required\">*<\/span><\/label>\n            <span class=\"wpcf7-form-control-wrap\" data-name=\"nombre\"><input size=\"40\" class=\"wpcf7-form-control wpcf7-text wpcf7-validates-as-required\" aria-required=\"true\" aria-invalid=\"false\" value=\"\" type=\"text\" name=\"nombre\" \/><\/span> \n        <\/div>\n        <div class=\"form-fields\">\n            <label>Correu electr\u00f2nic <span class=\"required\">*<\/span><\/label>\n            <span class=\"wpcf7-form-control-wrap\" data-name=\"email\"><input size=\"40\" class=\"wpcf7-form-control wpcf7-text wpcf7-email wpcf7-validates-as-required wpcf7-validates-as-email\" aria-required=\"true\" aria-invalid=\"false\" value=\"\" type=\"email\" name=\"email\" \/><\/span>\n        <\/div>\n    <\/div>\n    \n    <div class=\"form-2col\">\n        <div class=\"form-fields\">\n            <label>Tel\u00e8fon <span class=\"required\">*<\/span><\/label>\n            <span class=\"wpcf7-form-control-wrap\" data-name=\"telefono\"><input size=\"40\" class=\"wpcf7-form-control wpcf7-text wpcf7-tel wpcf7-validates-as-required wpcf7-validates-as-tel\" aria-required=\"true\" aria-invalid=\"false\" value=\"\" type=\"tel\" name=\"telefono\" \/><\/span>\n        <\/div>\n        <div class=\"form-fields\">\n            <label>Comunitat aut\u00f2noma <span class=\"required\">*<\/span><\/label>\n            <span class=\"wpcf7-form-control-wrap\" data-name=\"comunidad\"><select class=\"wpcf7-form-control wpcf7-select wpcf7-validates-as-required\" aria-required=\"true\" aria-invalid=\"false\" name=\"comunidad\"><option value=\"\">Elige una comunidad aut\u00f3noma<\/option><option value=\"Andaluc\u00eda\">Andaluc\u00eda<\/option><option value=\"Arag\u00f3n\">Arag\u00f3n<\/option><option value=\"Principado de Asturias\">Principado de Asturias<\/option><option value=\"Illes Balears\">Illes Balears<\/option><option value=\"Canarias\">Canarias<\/option><option value=\"Cantabria\">Cantabria<\/option><option value=\"Castilla y Le\u00f3n\">Castilla y Le\u00f3n<\/option><option value=\"Castilla-La Mancha\">Castilla-La Mancha<\/option><option value=\"Catalu\u00f1a\">Catalu\u00f1a<\/option><option value=\"Comunitat Valenciana\">Comunitat Valenciana<\/option><option value=\"Extremadura\">Extremadura<\/option><option value=\"Galicia\">Galicia<\/option><option value=\"Comunidad de Madrid\">Comunidad de Madrid<\/option><option value=\"Regi\u00f3n de Murcia\">Regi\u00f3n de Murcia<\/option><option value=\"Comunidad Foral de Navarra\">Comunidad Foral de Navarra<\/option><option value=\"Pa\u00eds Vasco\">Pa\u00eds Vasco<\/option><option value=\"La Rioja\">La Rioja<\/option><option value=\"Ciudad Aut\u00f3noma de Ceuta\">Ciudad Aut\u00f3noma de Ceuta<\/option><option value=\"Ciudad Aut\u00f3noma de Melilla\">Ciudad Aut\u00f3noma de Melilla<\/option><\/select><\/span>\n        <\/div>\n    <\/div>\n\n    <div class=\"form-2col\">\n        <div class=\"form-fields\">\n            <label>Centre educatiu <span class=\"required\">*<\/span><\/label>\n            <span class=\"wpcf7-form-control-wrap\" data-name=\"centro\"><input size=\"40\" class=\"wpcf7-form-control wpcf7-text wpcf7-validates-as-required\" aria-required=\"true\" aria-invalid=\"false\" value=\"\" type=\"text\" name=\"centro\" \/><\/span>\n        <\/div>\n        <div class=\"form-fields\">\n            <label>C\u00e0rrec <span class=\"required\">*<\/span><\/label>\n            <span class=\"wpcf7-form-control-wrap\" data-name=\"cargo\"><select class=\"wpcf7-form-control wpcf7-select wpcf7-validates-as-required\" aria-required=\"true\" aria-invalid=\"false\" name=\"cargo\"><option value=\"\">Elige un cargo<\/option><option value=\"Alumno\">Alumno<\/option><option value=\"AFA\">AFA<\/option><option value=\"Docente\">Docente<\/option><option value=\"Responsable IT\">Responsable IT<\/option><option value=\"Jefe de estudios\">Jefe de estudios<\/option><option value=\"Director\">Director<\/option><\/select><\/span>\n        <\/div>\n    <\/div>\n\n    <div class=\"form-1col\">\n        <div class=\"form-fields\">\n            <label>Missatge <span class=\"required\">*<\/span><\/label>\n            <span class=\"wpcf7-form-control-wrap\" data-name=\"mensaje\"><textarea cols=\"40\" rows=\"10\" class=\"wpcf7-form-control wpcf7-textarea wpcf7-validates-as-required\" aria-required=\"true\" aria-invalid=\"false\" placeholder=\"Si us plau, indica informaci\u00f3 addicional sobre el motiu de la teva consulta...\" name=\"mensaje\"><\/textarea><\/span>\n        <\/div>\n    <\/div>\n\n    <div class=\"form-1col\">\n        <div class=\"form-fields privacidad\">\n            <span class=\"wpcf7-form-control-wrap\" data-name=\"privacypolicy\"><span class=\"wpcf7-form-control wpcf7-acceptance\"><span class=\"wpcf7-list-item\"><label><input type=\"checkbox\" name=\"privacypolicy\" value=\"1\" aria-invalid=\"false\" \/><span class=\"wpcf7-list-item-label\">He llegit i accepto la <a href=\"\/privacidad\" target=\"_blank\">Pol\u00edtica de privacitat<\/a><\/span><\/label><\/span><\/span><\/span>\n        <\/div>\n    <\/div>\n    \n    <div class=\"form-2col submit-col\">\n        <div>\n            <div id=\"cf7sr-69e36a15916c9\" class=\"cf7sr-g-recaptcha\" data-sitekey=\"6LfZxUMfAAAAAAnZMJJ3uW--Ry0QDJytjxti1j1U\"><\/div><span class=\"wpcf7-form-control-wrap cf7sr-recaptcha\" data-name=\"cf7sr-recaptcha\"><input type=\"hidden\" name=\"cf7sr-recaptcha\" value=\"\" class=\"wpcf7-form-control\"><\/span>\n        <\/div>\n        <div class=\"button-form\">\n            <button type=\"submit\">Enviar<\/button>\n        <\/div>\n    <\/div>\n<\/div><div class=\"wpcf7-response-output\" aria-hidden=\"true\"><\/div>\n<input type=\"hidden\" name=\"trp-form-language\" value=\"ca\"\/><\/form>\n<\/div>\n\n<\/div><\/div>","protected":false},"excerpt":{"rendered":"","protected":false},"author":11,"featured_media":0,"parent":0,"menu_order":0,"comment_status":"closed","ping_status":"closed","template":"","meta":{"_uag_custom_page_level_css":"","site-sidebar-layout":"default","site-content-layout":"default","ast-global-header-display":"","ast-main-header-display":"","ast-hfb-above-header-display":"","ast-hfb-below-header-display":"","ast-hfb-mobile-header-display":"","site-post-title":"","ast-breadcrumbs-content":"","ast-featured-img":"","footer-sml-layout":"","theme-transparent-header-meta":"","adv-header-id-meta":"","stick-header-meta":"","header-above-stick-meta":"","header-main-stick-meta":"","header-below-stick-meta":""},"uagb_featured_image_src":{"full":false,"thumbnail":false,"medium":false,"medium_large":false,"large":false,"1536x1536":false,"2048x2048":false,"trp-custom-language-flag":false,"woocommerce_thumbnail":false,"woocommerce_single":false,"woocommerce_gallery_thumbnail":false},"uagb_author_info":{"display_name":"Toni","author_link":"https:\/\/educacion.ietres.com\/ca\/author\/toni\/"},"uagb_comment_info":0,"uagb_excerpt":null,"_links":{"self":[{"href":"https:\/\/educacion.ietres.com\/ca\/wp-json\/wp\/v2\/pages\/14327"}],"collection":[{"href":"https:\/\/educacion.ietres.com\/ca\/wp-json\/wp\/v2\/pages"}],"about":[{"href":"https:\/\/educacion.ietres.com\/ca\/wp-json\/wp\/v2\/types\/page"}],"author":[{"embeddable":true,"href":"https:\/\/educacion.ietres.com\/ca\/wp-json\/wp\/v2\/users\/11"}],"replies":[{"embeddable":true,"href":"https:\/\/educacion.ietres.com\/ca\/wp-json\/wp\/v2\/comments?post=14327"}],"version-history":[{"count":26,"href":"https:\/\/educacion.ietres.com\/ca\/wp-json\/wp\/v2\/pages\/14327\/revisions"}],"predecessor-version":[{"id":14371,"href":"https:\/\/educacion.ietres.com\/ca\/wp-json\/wp\/v2\/pages\/14327\/revisions\/14371"}],"wp:attachment":[{"href":"https:\/\/educacion.ietres.com\/ca\/wp-json\/wp\/v2\/media?parent=14327"}],"curies":[{"name":"wp","href":"https:\/\/api.w.org\/{rel}","templated":true}]}}