{"id":11414,"date":"2023-04-27T13:52:46","date_gmt":"2023-04-27T11:52:46","guid":{"rendered":"https:\/\/educacion.ietres.com\/?page_id=11414"},"modified":"2023-05-07T22:29:10","modified_gmt":"2023-05-07T20:29:10","slug":"enrolamiento-de-equipos","status":"publish","type":"page","link":"https:\/\/educacion.ietres.com\/ca\/enrolamiento-de-equipos\/","title":{"rendered":"Enrolament d'equips"},"content":{"rendered":"<div class=\"wp-block-uagb-container info-intro-section uagb-block-eaf184e5 alignfull uagb-is-root-container\"><div class=\"uagb-container-inner-blocks-wrap\">\n<figure class=\"wp-block-image aligncenter size-full service-image blue-pastel\"><img decoding=\"async\" loading=\"lazy\" width=\"60\" height=\"60\" src=\"https:\/\/educacion.ietres.com\/wp-content\/uploads\/2023\/04\/00_02-Home_Enrolamiento_ok.png\" alt=\"\" class=\"wp-image-11358\" srcset=\"https:\/\/educacion.ietres.com\/wp-content\/uploads\/2023\/04\/00_02-Home_Enrolamiento_ok.png 60w, https:\/\/educacion.ietres.com\/wp-content\/uploads\/2023\/04\/00_02-Home_Enrolamiento_ok-12x12.png 12w\" sizes=\"(max-width: 60px) 100vw, 60px\" \/><\/figure>\n\n\n\n<p class=\"has-text-align-center\">A <strong>ietres S\u03c6fia<\/strong> som especialistes en enrolament d'equips per a l'aula digital. Amb el proc\u00e9s d'enrolament, es preparen tots els equips dels alumnes perqu\u00e8 tinguin instal\u00b7lades totes les aplicacions que el centre educatiu consideri necess\u00e0ries, sota un domini corporatiu i amb un panell de control que permet la gesti\u00f3 remota de tots els equips alhora. I tots els equips estaran llestos per al seu \u00fas des de la primera encesa.<\/p>\n\n\n\n<p class=\"has-text-align-center\">Tot aix\u00f2, independentment del tipus de dispositiu que l'escola decideixi implementar: port\u00e0tils basats en <strong>Microsoft Windows<\/strong>, Chromebooks basats en <strong>Chrome OS<\/strong> o dispositius corrent sobre <strong>Android<\/strong>. Tenim solucions d'enrolament per a totes les plataformes.<\/p>\n\n\n\n<div class=\"wp-block-uagb-buttons uagb-buttons__outer-wrap uagb-btn__default-btn uagb-btn-tablet__default-btn uagb-btn-mobile__default-btn uagb-block-d3f21c93\"><div class=\"uagb-buttons__wrap uagb-buttons-layout-wrap\">\n<div class=\"wp-block-uagb-buttons-child uagb-buttons__outer-wrap uagb-block-0acd8698 wp-block-button is-style-outline\"><div class=\"uagb-button__wrapper\"><a class=\"uagb-buttons-repeater wp-block-button__link has-background has-text-color\" href=\"#contacto\" onclick=\"return true;\" rel=\"follow noopener\" target=\"_self\"><span class=\"uagb-button__icon uagb-button__icon-position-before\"><svg xmlns=\"https:\/\/www.w3.org\/2000\/svg\" viewbox=\"0 0 512 512\"><path d=\"M256 0C114.6 0 0 114.6 0 256s114.6 256 256 256s256-114.6 256-256S397.4 0 256 0zM256 128c17.67 0 32 14.33 32 32c0 17.67-14.33 32-32 32S224 177.7 224 160C224 142.3 238.3 128 256 128zM296 384h-80C202.8 384 192 373.3 192 360s10.75-24 24-24h16v-64H224c-13.25 0-24-10.75-24-24S210.8 224 224 224h32c13.25 0 24 10.75 24 24v88h16c13.25 0 24 10.75 24 24S309.3 384 296 384z\"><\/path><\/svg><\/span><div class=\"uagb-button__link\">Contacta amb nosaltres<\/div><\/a><\/div><\/div>\n<\/div><\/div>\n<\/div><\/div>\n\n\n\n<div class=\"wp-block-uagb-container info-separator uagb-block-c133cb4a alignfull uagb-is-root-container\"><div class=\"uagb-container__shape uagb-container__shape-top\"><svg xmlns=\"https:\/\/www.w3.org\/2000\/svg\" viewbox=\"0 0 1000 100\" preserveaspectratio=\"none\"><path class=\"uagb-container__shape-fill\" d=\"M421.9,6.5c22.6-2.5,51.5,0.4,75.5,5.3c23.6,4.9,70.9,23.5,100.5,35.7c75.8,32.2,133.7,44.5,192.6,49.7  c23.6,2.1,48.7,3.5,103.4-2.5c54.7-6,106.2-25.6,106.2-25.6V0H0v30.3c0,0,72,32.6,158.4,30.5c39.2-0.7,92.8-6.7,134-22.4  c21.2-8.1,52.2-18.2,79.7-24.2C399.3,7.9,411.6,7.5,421.9,6.5z\"><\/path><\/svg><\/div><\/div>\n\n\n\n<div class=\"wp-block-uagb-container info-section uagb-block-729722e0 alignfull uagb-is-root-container\"><div class=\"uagb-container-inner-blocks-wrap\">\n<div class=\"wp-block-uagb-container uagb-block-3d016b4d\">\n<figure class=\"wp-block-image aligncenter size-full\"><img decoding=\"async\" loading=\"lazy\" width=\"525\" height=\"400\" src=\"https:\/\/educacion.ietres.com\/wp-content\/uploads\/2023\/04\/01-chormeOS.png\" alt=\"\" class=\"wp-image-11447\" srcset=\"https:\/\/educacion.ietres.com\/wp-content\/uploads\/2023\/04\/01-chormeOS.png 525w, https:\/\/educacion.ietres.com\/wp-content\/uploads\/2023\/04\/01-chormeOS-300x229.png 300w, https:\/\/educacion.ietres.com\/wp-content\/uploads\/2023\/04\/01-chormeOS-16x12.png 16w\" sizes=\"(max-width: 525px) 100vw, 525px\" \/><\/figure>\n<\/div>\n\n\n\n<div class=\"wp-block-uagb-container uagb-block-d6cad123\">\n<h2 id=\"h-enrolamiento-chromebooks\">Enrolament Chromebooks<\/h2>\n\n\n\n<p>Els dispositius <strong>Chrome<\/strong> es poden gestionar de forma centralitzada a trav\u00e9s de la consola d'administraci\u00f3 de <strong>Google<\/strong> (enrolament). Des d'aquesta consola basada en la Web, es poden configurar m\u00e9s de 200 par\u00e0metres. Aix\u00f2 es pot fer tant per a equips propietat del Centre d'\u00fas individual o compartit, com per a dispositius propietat de cada alumne que s'utilitzaran a l'escola.<br><br>L'ecosistema de <strong>Google<\/strong> permet a les escoles decidir que apps s'instal\u00b7laran entre les milers d'opcions disponibles a <strong>Google Play Store<\/strong>, incloses eines d'acc\u00e9s per a alumnes amb diversitat funcional.<\/p>\n<\/div>\n<\/div><\/div>\n\n\n\n<div class=\"wp-block-uagb-container info-separator uagb-block-20ec18f2 alignfull uagb-is-root-container\"><div class=\"uagb-container__shape uagb-container__shape-top\"><svg xmlns=\"https:\/\/www.w3.org\/2000\/svg\" viewbox=\"0 0 1000 100\" preserveaspectratio=\"none\"><path class=\"uagb-container__shape-fill\" d=\"M421.9,6.5c22.6-2.5,51.5,0.4,75.5,5.3c23.6,4.9,70.9,23.5,100.5,35.7c75.8,32.2,133.7,44.5,192.6,49.7  c23.6,2.1,48.7,3.5,103.4-2.5c54.7-6,106.2-25.6,106.2-25.6V0H0v30.3c0,0,72,32.6,158.4,30.5c39.2-0.7,92.8-6.7,134-22.4  c21.2-8.1,52.2-18.2,79.7-24.2C399.3,7.9,411.6,7.5,421.9,6.5z\"><\/path><\/svg><\/div><\/div>\n\n\n\n<div class=\"wp-block-uagb-container info-section alt uagb-block-32d5d831 alignfull uagb-is-root-container\"><div class=\"uagb-container-inner-blocks-wrap\">\n<div class=\"wp-block-uagb-container uagb-block-1bd1ed28\">\n<h2 id=\"h-enrolamiento-windows\">Enrolament Windows<\/h2>\n\n\n\n<p>A les escoles, la tecnologia d'aprovisionament basada en el n\u00favol per a equips <strong>Windows<\/strong> es diu <strong>Windows Autopilot<\/strong>. Autopilot facilita la configuraci\u00f3 pr\u00e8via de dispositius nous amb <strong>Microsoft Windows<\/strong> perqu\u00e8 estiguin llestos per al seu \u00fas durant l'any escolar.<br><br>Els seus avantatges: configuraci\u00f3 senzilla des del n\u00favol, estalvi de temps i costos (estudiants i professors poden preparar els seus propis dispositius), actualitzaci\u00f3 constant i restabliment senzill (si un dispositiu presenta problemes, \u00e9s possible realitzar un restabliment autom\u00e0tic).<\/p>\n<\/div>\n\n\n\n<div class=\"wp-block-uagb-container uagb-block-245b22ed\">\n<figure class=\"wp-block-image aligncenter size-full\"><img decoding=\"async\" loading=\"lazy\" width=\"525\" height=\"400\" src=\"https:\/\/educacion.ietres.com\/wp-content\/uploads\/2023\/04\/02-windows.png\" alt=\"\" class=\"wp-image-11448\" srcset=\"https:\/\/educacion.ietres.com\/wp-content\/uploads\/2023\/04\/02-windows.png 525w, https:\/\/educacion.ietres.com\/wp-content\/uploads\/2023\/04\/02-windows-300x229.png 300w, https:\/\/educacion.ietres.com\/wp-content\/uploads\/2023\/04\/02-windows-16x12.png 16w\" sizes=\"(max-width: 525px) 100vw, 525px\" \/><\/figure>\n<\/div>\n<\/div><\/div>\n\n\n\n<div class=\"wp-block-uagb-container info-separator uagb-block-d6805d82 alignfull uagb-is-root-container\"><div class=\"uagb-container__shape uagb-container__shape-top\"><svg xmlns=\"https:\/\/www.w3.org\/2000\/svg\" viewbox=\"0 0 1000 100\" preserveaspectratio=\"none\"><path class=\"uagb-container__shape-fill\" d=\"M421.9,6.5c22.6-2.5,51.5,0.4,75.5,5.3c23.6,4.9,70.9,23.5,100.5,35.7c75.8,32.2,133.7,44.5,192.6,49.7  c23.6,2.1,48.7,3.5,103.4-2.5c54.7-6,106.2-25.6,106.2-25.6V0H0v30.3c0,0,72,32.6,158.4,30.5c39.2-0.7,92.8-6.7,134-22.4  c21.2-8.1,52.2-18.2,79.7-24.2C399.3,7.9,411.6,7.5,421.9,6.5z\"><\/path><\/svg><\/div><\/div>\n\n\n\n<div class=\"wp-block-uagb-container info-section uagb-block-1d712e7b alignfull uagb-is-root-container\"><div class=\"uagb-container-inner-blocks-wrap\">\n<div class=\"wp-block-uagb-container uagb-block-76ca6909\">\n<figure class=\"wp-block-image aligncenter size-full\"><img decoding=\"async\" loading=\"lazy\" width=\"525\" height=\"400\" src=\"https:\/\/educacion.ietres.com\/wp-content\/uploads\/2023\/04\/03-android-1.png\" alt=\"\" class=\"wp-image-11449\" srcset=\"https:\/\/educacion.ietres.com\/wp-content\/uploads\/2023\/04\/03-android-1.png 525w, https:\/\/educacion.ietres.com\/wp-content\/uploads\/2023\/04\/03-android-1-300x229.png 300w, https:\/\/educacion.ietres.com\/wp-content\/uploads\/2023\/04\/03-android-1-16x12.png 16w\" sizes=\"(max-width: 525px) 100vw, 525px\" \/><\/figure>\n<\/div>\n\n\n\n<div class=\"wp-block-uagb-container uagb-block-0717426b\">\n<h2 id=\"h-enrolamiento-android\">Enrolament Android<\/h2>\n\n\n\n<p>La inscripci\u00f3 sense contacte (<strong>zero-touch enrollment<\/strong>) \u00e9s un proc\u00e9s simplificat perqu\u00e8 els dispositius<strong> Android<\/strong> s'aprovisionin per a la gesti\u00f3 empresarial o l'\u00fas escolar. <strong>Zero-touch<\/strong> simplifica la configuraci\u00f3 perqu\u00e8 els alumnes, el professorat o el personal administratiu puguin comen\u00e7ar a usar el seu dispositiu immediatament.<br><br>La inscripci\u00f3 autom\u00e0tica d' <strong>Android<\/strong> ofereix un m\u00e8tode d'implementaci\u00f3 perfecte per a dispositius <strong>Android<\/strong> per al seu \u00fas en el centre escolar, la qual cosa fa que les implementacions a gran escala siguin r\u00e0pides, f\u00e0cils i segures.<\/p>\n<\/div>\n<\/div><\/div>\n\n\n\n<div class=\"wp-block-uagb-container info-contact uagb-block-6e715154 alignfull uagb-is-root-container\"><div class=\"uagb-container__shape uagb-container__shape-top\"><svg xmlns=\"https:\/\/www.w3.org\/2000\/svg\" viewbox=\"0 0 1000 100\" preserveaspectratio=\"none\"><path class=\"uagb-container__shape-fill\" d=\"M421.9,6.5c22.6-2.5,51.5,0.4,75.5,5.3c23.6,4.9,70.9,23.5,100.5,35.7c75.8,32.2,133.7,44.5,192.6,49.7  c23.6,2.1,48.7,3.5,103.4-2.5c54.7-6,106.2-25.6,106.2-25.6V0H0v30.3c0,0,72,32.6,158.4,30.5c39.2-0.7,92.8-6.7,134-22.4  c21.2-8.1,52.2-18.2,79.7-24.2C399.3,7.9,411.6,7.5,421.9,6.5z\"><\/path><\/svg><\/div><div class=\"uagb-container-inner-blocks-wrap\">\n<div id=\"contacto\"><\/div>\n\n\n\n<h2 class=\"has-text-align-center\" id=\"h-interesado-en-el-servicio-de-enrolamiento-de-equipos\">Interessat en el servei d'enrolament d'equips?<\/h2>\n\n\n\n<p class=\"has-text-align-center info-contact-text\">Contacta amb nosaltres per mitj\u00e0 del nostre correu electr\u00f2nic <a href=\"mailto:educacion@ie3.com\">educacion@ie3.com<\/a>, truca al nostre tel\u00e8fon <a href=\"tel:+34937379934\">937 379 934<\/a> o emplena el seg\u00fcent formulari i coneix a fons les solucions d'enrolament que t'oferim a ietres S\u03c6fia.<\/p>\n\n\n\n<div class=\"wpcf7 no-js\" id=\"wpcf7-f10850-o1\" lang=\"es-ES\" dir=\"ltr\">\n<div class=\"screen-reader-response\"><p role=\"status\" aria-live=\"polite\" aria-atomic=\"true\"><\/p> <ul><\/ul><\/div>\n<form action=\"\/ca\/wp-json\/wp\/v2\/pages\/11414#wpcf7-f10850-o1\" method=\"post\" class=\"wpcf7-form init\" aria-label=\"Contact form\" novalidate=\"novalidate\" data-status=\"init\" data-trp-original-action=\"\/ca\/wp-json\/wp\/v2\/pages\/11414#wpcf7-f10850-o1\">\n<div style=\"display: none;\">\n<input type=\"hidden\" name=\"_wpcf7\" value=\"10850\" \/>\n<input type=\"hidden\" name=\"_wpcf7_version\" value=\"5.7.4\" \/>\n<input type=\"hidden\" name=\"_wpcf7_locale\" value=\"es_ES\" \/>\n<input type=\"hidden\" name=\"_wpcf7_unit_tag\" value=\"wpcf7-f10850-o1\" \/>\n<input type=\"hidden\" name=\"_wpcf7_container_post\" value=\"0\" \/>\n<input type=\"hidden\" name=\"_wpcf7_posted_data_hash\" value=\"\" \/>\n<\/div>\n<div class=\"form-container\">\n    <div class=\"form-2col\">\n        <div class=\"form-fields\">\n            <label>Nom i Cognom <span class=\"required\">*<\/span><\/label>\n            <span class=\"wpcf7-form-control-wrap\" data-name=\"nombre\"><input size=\"40\" class=\"wpcf7-form-control wpcf7-text wpcf7-validates-as-required\" aria-required=\"true\" aria-invalid=\"false\" value=\"\" type=\"text\" name=\"nombre\" \/><\/span> \n        <\/div>\n        <div class=\"form-fields\">\n            <label>Correu electr\u00f2nic <span class=\"required\">*<\/span><\/label>\n            <span class=\"wpcf7-form-control-wrap\" data-name=\"email\"><input size=\"40\" class=\"wpcf7-form-control wpcf7-text wpcf7-email wpcf7-validates-as-required wpcf7-validates-as-email\" aria-required=\"true\" aria-invalid=\"false\" value=\"\" type=\"email\" name=\"email\" \/><\/span>\n        <\/div>\n    <\/div>\n    \n    <div class=\"form-2col\">\n        <div class=\"form-fields\">\n            <label>Tel\u00e8fon <span class=\"required\">*<\/span><\/label>\n            <span class=\"wpcf7-form-control-wrap\" data-name=\"telefono\"><input size=\"40\" class=\"wpcf7-form-control wpcf7-text wpcf7-tel wpcf7-validates-as-required wpcf7-validates-as-tel\" aria-required=\"true\" aria-invalid=\"false\" value=\"\" type=\"tel\" name=\"telefono\" \/><\/span>\n        <\/div>\n        <div class=\"form-fields\">\n            <label>Comunitat aut\u00f2noma <span class=\"required\">*<\/span><\/label>\n            <span class=\"wpcf7-form-control-wrap\" data-name=\"comunidad\"><select class=\"wpcf7-form-control wpcf7-select wpcf7-validates-as-required\" aria-required=\"true\" aria-invalid=\"false\" name=\"comunidad\"><option value=\"\">Elige una comunidad aut\u00f3noma<\/option><option value=\"Andaluc\u00eda\">Andaluc\u00eda<\/option><option value=\"Arag\u00f3n\">Arag\u00f3n<\/option><option value=\"Principado de Asturias\">Principado de Asturias<\/option><option value=\"Illes Balears\">Illes Balears<\/option><option value=\"Canarias\">Canarias<\/option><option value=\"Cantabria\">Cantabria<\/option><option value=\"Castilla y Le\u00f3n\">Castilla y Le\u00f3n<\/option><option value=\"Castilla-La Mancha\">Castilla-La Mancha<\/option><option value=\"Catalu\u00f1a\">Catalu\u00f1a<\/option><option value=\"Comunitat Valenciana\">Comunitat Valenciana<\/option><option value=\"Extremadura\">Extremadura<\/option><option value=\"Galicia\">Galicia<\/option><option value=\"Comunidad de Madrid\">Comunidad de Madrid<\/option><option value=\"Regi\u00f3n de Murcia\">Regi\u00f3n de Murcia<\/option><option value=\"Comunidad Foral de Navarra\">Comunidad Foral de Navarra<\/option><option value=\"Pa\u00eds Vasco\">Pa\u00eds Vasco<\/option><option value=\"La Rioja\">La Rioja<\/option><option value=\"Ciudad Aut\u00f3noma de Ceuta\">Ciudad Aut\u00f3noma de Ceuta<\/option><option value=\"Ciudad Aut\u00f3noma de Melilla\">Ciudad Aut\u00f3noma de Melilla<\/option><\/select><\/span>\n        <\/div>\n    <\/div>\n\n    <div class=\"form-2col\">\n        <div class=\"form-fields\">\n            <label>Centre educatiu <span class=\"required\">*<\/span><\/label>\n            <span class=\"wpcf7-form-control-wrap\" data-name=\"centro\"><input size=\"40\" class=\"wpcf7-form-control wpcf7-text wpcf7-validates-as-required\" aria-required=\"true\" aria-invalid=\"false\" value=\"\" type=\"text\" name=\"centro\" \/><\/span>\n        <\/div>\n        <div class=\"form-fields\">\n            <label>C\u00e0rrec <span class=\"required\">*<\/span><\/label>\n            <span class=\"wpcf7-form-control-wrap\" data-name=\"cargo\"><select class=\"wpcf7-form-control wpcf7-select wpcf7-validates-as-required\" aria-required=\"true\" aria-invalid=\"false\" name=\"cargo\"><option value=\"\">Elige un cargo<\/option><option value=\"Alumno\">Alumno<\/option><option value=\"AFA\">AFA<\/option><option value=\"Docente\">Docente<\/option><option value=\"Responsable IT\">Responsable IT<\/option><option value=\"Jefe de estudios\">Jefe de estudios<\/option><option value=\"Director\">Director<\/option><\/select><\/span>\n        <\/div>\n    <\/div>\n\n    <div class=\"form-1col\">\n        <div class=\"form-fields\">\n            <label>Missatge <span class=\"required\">*<\/span><\/label>\n            <span class=\"wpcf7-form-control-wrap\" data-name=\"mensaje\"><textarea cols=\"40\" rows=\"10\" class=\"wpcf7-form-control wpcf7-textarea wpcf7-validates-as-required\" aria-required=\"true\" aria-invalid=\"false\" placeholder=\"Si us plau, indica informaci\u00f3 addicional sobre el motiu de la teva consulta...\" name=\"mensaje\"><\/textarea><\/span>\n        <\/div>\n    <\/div>\n\n    <div class=\"form-1col\">\n        <div class=\"form-fields privacidad\">\n            <span class=\"wpcf7-form-control-wrap\" data-name=\"privacypolicy\"><span class=\"wpcf7-form-control wpcf7-acceptance\"><span class=\"wpcf7-list-item\"><label><input type=\"checkbox\" name=\"privacypolicy\" value=\"1\" aria-invalid=\"false\" \/><span class=\"wpcf7-list-item-label\">He llegit i accepto la <a href=\"\/privacidad\" target=\"_blank\">Pol\u00edtica de privacitat<\/a><\/span><\/label><\/span><\/span><\/span>\n        <\/div>\n    <\/div>\n    \n    <div class=\"form-2col submit-col\">\n        <div>\n            <div id=\"cf7sr-69f5b6d45beef\" class=\"cf7sr-g-recaptcha\" data-sitekey=\"6LfZxUMfAAAAAAnZMJJ3uW--Ry0QDJytjxti1j1U\"><\/div><span class=\"wpcf7-form-control-wrap cf7sr-recaptcha\" data-name=\"cf7sr-recaptcha\"><input type=\"hidden\" name=\"cf7sr-recaptcha\" value=\"\" class=\"wpcf7-form-control\"><\/span>\n        <\/div>\n        <div class=\"button-form\">\n            <button type=\"submit\">Enviar<\/button>\n        <\/div>\n    <\/div>\n<\/div><div class=\"wpcf7-response-output\" aria-hidden=\"true\"><\/div>\n<input type=\"hidden\" name=\"trp-form-language\" value=\"ca\"\/><\/form>\n<\/div>\n\n<\/div><\/div>","protected":false},"excerpt":{"rendered":"","protected":false},"author":11,"featured_media":0,"parent":0,"menu_order":0,"comment_status":"closed","ping_status":"closed","template":"","meta":{"_uag_custom_page_level_css":"","site-sidebar-layout":"default","site-content-layout":"default","ast-global-header-display":"","ast-main-header-display":"","ast-hfb-above-header-display":"","ast-hfb-below-header-display":"","ast-hfb-mobile-header-display":"","site-post-title":"","ast-breadcrumbs-content":"","ast-featured-img":"","footer-sml-layout":"","theme-transparent-header-meta":"","adv-header-id-meta":"","stick-header-meta":"","header-above-stick-meta":"","header-main-stick-meta":"","header-below-stick-meta":""},"uagb_featured_image_src":{"full":false,"thumbnail":false,"medium":false,"medium_large":false,"large":false,"1536x1536":false,"2048x2048":false,"trp-custom-language-flag":false,"woocommerce_thumbnail":false,"woocommerce_single":false,"woocommerce_gallery_thumbnail":false},"uagb_author_info":{"display_name":"Toni","author_link":"https:\/\/educacion.ietres.com\/ca\/author\/toni\/"},"uagb_comment_info":0,"uagb_excerpt":null,"_links":{"self":[{"href":"https:\/\/educacion.ietres.com\/ca\/wp-json\/wp\/v2\/pages\/11414"}],"collection":[{"href":"https:\/\/educacion.ietres.com\/ca\/wp-json\/wp\/v2\/pages"}],"about":[{"href":"https:\/\/educacion.ietres.com\/ca\/wp-json\/wp\/v2\/types\/page"}],"author":[{"embeddable":true,"href":"https:\/\/educacion.ietres.com\/ca\/wp-json\/wp\/v2\/users\/11"}],"replies":[{"embeddable":true,"href":"https:\/\/educacion.ietres.com\/ca\/wp-json\/wp\/v2\/comments?post=11414"}],"version-history":[{"count":17,"href":"https:\/\/educacion.ietres.com\/ca\/wp-json\/wp\/v2\/pages\/11414\/revisions"}],"predecessor-version":[{"id":11868,"href":"https:\/\/educacion.ietres.com\/ca\/wp-json\/wp\/v2\/pages\/11414\/revisions\/11868"}],"wp:attachment":[{"href":"https:\/\/educacion.ietres.com\/ca\/wp-json\/wp\/v2\/media?parent=11414"}],"curies":[{"name":"wp","href":"https:\/\/api.w.org\/{rel}","templated":true}]}}