{"id":11399,"date":"2023-04-27T12:04:57","date_gmt":"2023-04-27T10:04:57","guid":{"rendered":"https:\/\/educacion.ietres.com\/?page_id=11399"},"modified":"2023-05-09T17:54:51","modified_gmt":"2023-05-09T15:54:51","slug":"sobre-nosotros","status":"publish","type":"page","link":"https:\/\/educacion.ietres.com\/ca\/sobre-nosotros\/","title":{"rendered":"Sobre nosaltres"},"content":{"rendered":"<div class=\"wp-block-uagb-container info-intro-section quienes-somos uagb-block-40899215 alignfull uagb-is-root-container\"><div class=\"uagb-container-inner-blocks-wrap\">\n<figure class=\"wp-block-image aligncenter size-large\"><img decoding=\"async\" loading=\"lazy\" width=\"141\" height=\"57\" src=\"https:\/\/educacion.ietres.com\/wp-content\/uploads\/2023\/05\/sofia_perfecte-1.svg\" alt=\"\" class=\"wp-image-11740\"\/><\/figure>\n\n\n\n<p class=\"has-text-align-center\">La plataforma <strong>ietres S\u03c6fia<\/strong>, \u00e9s una soluci\u00f3 digital per a les necessitats inform\u00e0tiques de la comunitat educativa i les fam\u00edlies. Treballem amb els principals fabricants del sector educatiu per a oferir innovacions tecnol\u00f2giques que afavoreixin l'ensenyament i l'adquisici\u00f3 d'habilitats necess\u00e0ries per al futur. Gr\u00e0cies a les noves necessitats de la comunitat educativa, s'han pogut millorar les plataformes educatives digitals.<\/p>\n\n\n\n<p class=\"has-text-align-center\">A <strong>ietres S<strong>\u03c6<\/strong>fia<\/strong> disposem de dues \u00e0rees diferenciades: A l' <strong>\u00c0rea de Fam\u00edlies<\/strong>, els pares dels alumnes podran adquirir en l\u00ednia els ordinadors que els seus fills necessiten per a comen\u00e7ar el curs escolar, de la forma m\u00e9s r\u00e0pida i senzilla. A l' <strong>\u00c0rea de Centres Educatius<\/strong>, oferim productes i serveis per a escoles, instituts, universitats i altres entitats d'ensenyament. La nostra atenci\u00f3 personalitzada est\u00e0 orientada a proveir de tots els productes i serveis necessaris per a portar el centre al seg\u00fcent nivell, oferint pressupostos ajustats i les millors opcions de r\u00e8nting tecnol\u00f2gic educatiu.<\/p>\n\n\n<div class=\"ti-widget ti-no-logo ti-goog\" data-layout-id=\"36\" data-set-id=\"blue\" data-pid=\"b5167179c03e50ec942cb\" data-pager-autoplay-timeout=\"6\" > <div class=\"ti-widget-container ti-col-3\"> <div class=\"ti-reviews-container\"> <div class=\"ti-controls\"> <div class=\"ti-next\"><\/div> <div class=\"ti-prev\"><\/div> <\/div> <div class=\"ti-reviews-container-wrapper\">  <div data-empty=\"0\" class=\"ti-review-item source-Google\" > <div class=\"ti-inner\"> <div class=\"ti-review-header\"> <div class=\"ti-profile-img\"> <img src=\"https:\/\/lh3.googleusercontent.com\/a-\/ACNPEu9mSMXaLMvqgi7p5rieGWDRjAaJJgDxH7t_ucvDVg=s120-c-c-rp-w64-h64-mo-br100\" alt=\"Daniel Fonseca\" \/> <\/div> <div class=\"ti-profile-details\"> <div class=\"ti-name\"> Daniel Fonseca <\/div> <div class=\"ti-date\"><\/div> <\/div> <\/div> <span class=\"ti-stars\"><span class=\"ti-star f\"><\/span><span class=\"ti-star f\"><\/span><span class=\"ti-star f\"><\/span><span class=\"ti-star f\"><\/span><span class=\"ti-star f\"><\/span><\/span> <div class=\"ti-review-content\"><!-- R-CONTENT -->Excelente atenci\u00f3n desde el momento que llegue, las soluciones rapidas y al momento, y con la infomacion completa para corregir el problema de un portatil. Michas gracias por su apoyo!!!<!-- R-CONTENT --><\/div> <span class=\"ti-read-more\" data-container=\".ti-review-content\" data-collapse-text=\"Ocultar\" data-open-text=\"Leer m\u00e1s\"><\/span> <\/div> <\/div>  <div data-empty=\"0\" class=\"ti-review-item source-Google\" > <div class=\"ti-inner\"> <div class=\"ti-review-header\"> <div class=\"ti-profile-img\"> <img src=\"https:\/\/lh3.googleusercontent.com\/a-\/ACNPEu9rXH-kBFBKO94SXBEIuZeIkeJp88VwhKJIsQzf8A=s120-c-c-rp-w64-h64-mo-br100\" alt=\"Ahmed Alimoussa\" \/> <\/div> <div class=\"ti-profile-details\"> <div class=\"ti-name\"> Ahmed Alimoussa <\/div> <div class=\"ti-date\"><\/div> <\/div> <\/div> <span class=\"ti-stars\"><span class=\"ti-star f\"><\/span><span class=\"ti-star f\"><\/span><span class=\"ti-star f\"><\/span><span class=\"ti-star f\"><\/span><span class=\"ti-star f\"><\/span><\/span> <div class=\"ti-review-content\"><!-- R-CONTENT -->Todo Passat bien lleg\u00f3 m\u00e1s r\u00e1pido me gusta<!-- R-CONTENT --><\/div> <span class=\"ti-read-more\" data-container=\".ti-review-content\" data-collapse-text=\"Ocultar\" data-open-text=\"Leer m\u00e1s\"><\/span> <\/div> <\/div>  <div data-empty=\"0\" class=\"ti-review-item source-Google\" > <div class=\"ti-inner\"> <div class=\"ti-review-header\"> <div class=\"ti-profile-img\"> <img src=\"https:\/\/lh3.googleusercontent.com\/a-\/ACNPEu94ubtYcb6y7hh_SyFjEedCyPC02X9V7CmJqVMG4VI=s120-c-c-rp-w64-h64-mo-br100\" alt=\"Gelen Cerezo\" \/> <\/div> <div class=\"ti-profile-details\"> <div class=\"ti-name\"> Gelen Cerezo <\/div> <div class=\"ti-date\"><\/div> <\/div> <\/div> <span class=\"ti-stars\"><span class=\"ti-star f\"><\/span><span class=\"ti-star f\"><\/span><span class=\"ti-star f\"><\/span><span class=\"ti-star f\"><\/span><span class=\"ti-star f\"><\/span><\/span> <div class=\"ti-review-content\"><!-- R-CONTENT -->Me gust\u00f3 mucho mi compra, estoy satisfecha<!-- R-CONTENT --><\/div> <span class=\"ti-read-more\" data-container=\".ti-review-content\" data-collapse-text=\"Ocultar\" data-open-text=\"Leer m\u00e1s\"><\/span> <\/div> <\/div>  <div data-empty=\"0\" class=\"ti-review-item source-Google\" > <div class=\"ti-inner\"> <div class=\"ti-review-header\"> <div class=\"ti-profile-img\"> <img src=\"https:\/\/lh3.googleusercontent.com\/a\/ALm5wu3WzBCNHFjFdlh6Q9XgpR8dNJ9R1B9ca76K4tq9=s120-c-c-rp-w64-h64-mo-br100\" alt=\"BEN\" \/> <\/div> <div class=\"ti-profile-details\"> <div class=\"ti-name\"> BEN <\/div> <div class=\"ti-date\"><\/div> <\/div> <\/div> <span class=\"ti-stars\"><span class=\"ti-star f\"><\/span><span class=\"ti-star f\"><\/span><span class=\"ti-star f\"><\/span><span class=\"ti-star f\"><\/span><span class=\"ti-star f\"><\/span><\/span> <div class=\"ti-review-content\"><!-- R-CONTENT -->Todo estupendo, me falto un pen y enseguida lo solucionaron<!-- R-CONTENT --><\/div> <span class=\"ti-read-more\" data-container=\".ti-review-content\" data-collapse-text=\"Ocultar\" data-open-text=\"Leer m\u00e1s\"><\/span> <\/div> <\/div>  <div data-empty=\"0\" class=\"ti-review-item source-Google\" > <div class=\"ti-inner\"> <div class=\"ti-review-header\"> <div class=\"ti-profile-img\"> <img src=\"https:\/\/lh3.googleusercontent.com\/a\/ALm5wu3VNrRE_OvdJZYYGAxgSNMCRsiZvFcaPkotsu-r=s120-c-c-rp-w64-h64-mo-ba2-br100\" alt=\"Cristina oltra\" \/> <\/div> <div class=\"ti-profile-details\"> <div class=\"ti-name\"> Cristina oltra <\/div> <div class=\"ti-date\"><\/div> <\/div> <\/div> <span class=\"ti-stars\"><span class=\"ti-star f\"><\/span><span class=\"ti-star f\"><\/span><span class=\"ti-star f\"><\/span><span class=\"ti-star f\"><\/span><span class=\"ti-star f\"><\/span><\/span> <div class=\"ti-review-content\"><!-- R-CONTENT -->Todo correcto<!-- R-CONTENT --><\/div> <span class=\"ti-read-more\" data-container=\".ti-review-content\" data-collapse-text=\"Ocultar\" data-open-text=\"Leer m\u00e1s\"><\/span> <\/div> <\/div>  <div data-empty=\"0\" class=\"ti-review-item source-Google\" > <div class=\"ti-inner\"> <div class=\"ti-review-header\"> <div class=\"ti-profile-img\"> <img src=\"https:\/\/lh3.googleusercontent.com\/a-\/ACNPEu-fS_86on7geSMm05TxAdupKM_lHThiI0hta65TTQ=s120-c-c-rp-w64-h64-mo-br100\" alt=\"Ma Fuensanta D\u00f3lera Iniesta\" \/> <\/div> <div class=\"ti-profile-details\"> <div class=\"ti-name\"> Ma Fuensanta D\u00f3lera Iniesta <\/div> <div class=\"ti-date\"><\/div> <\/div> <\/div> <span class=\"ti-stars\"><span class=\"ti-star f\"><\/span><span class=\"ti-star f\"><\/span><span class=\"ti-star f\"><\/span><span class=\"ti-star f\"><\/span><span class=\"ti-star f\"><\/span><\/span> <div class=\"ti-review-content\"><!-- R-CONTENT -->Ofrecen muchas facilidades, han sido r\u00e1pidos y eficientes.<!-- R-CONTENT --><\/div> <span class=\"ti-read-more\" data-container=\".ti-review-content\" data-collapse-text=\"Ocultar\" data-open-text=\"Leer m\u00e1s\"><\/span> <\/div> <\/div>  <div data-empty=\"0\" class=\"ti-review-item source-Google\" > <div class=\"ti-inner\"> <div class=\"ti-review-header\"> <div class=\"ti-profile-img\"> <img src=\"https:\/\/lh3.googleusercontent.com\/a\/ALm5wu1vfQJfOIlUa7BYF9BdIRNUXuiz_9UeoU2GLdvF=s120-c-c-rp-w64-h64-mo-br100\" alt=\"Sergio Guillam\u00f3n L\u00f3pez\" \/> <\/div> <div class=\"ti-profile-details\"> <div class=\"ti-name\"> Sergio Guillam\u00f3n L\u00f3pez <\/div> <div class=\"ti-date\"><\/div> <\/div> <\/div> <span class=\"ti-stars\"><span class=\"ti-star f\"><\/span><span class=\"ti-star f\"><\/span><span class=\"ti-star f\"><\/span><span class=\"ti-star f\"><\/span><span class=\"ti-star f\"><\/span><\/span> <div class=\"ti-review-content\"><!-- R-CONTENT -->Lo utilic\u00e9 para la compra de port\u00e1til para instituto. Atenci\u00f3n tel\u00e9fonica perfecta, me aclararon todas las dudas. Mensaje al correo con informaci\u00f3n y env\u00edo por correo rapid\u00edsimo.<!-- R-CONTENT --><\/div> <span class=\"ti-read-more\" data-container=\".ti-review-content\" data-collapse-text=\"Ocultar\" data-open-text=\"Leer m\u00e1s\"><\/span> <\/div> <\/div>  <div data-empty=\"0\" class=\"ti-review-item source-Google\" > <div class=\"ti-inner\"> <div class=\"ti-review-header\"> <div class=\"ti-profile-img\"> <img src=\"https:\/\/lh3.googleusercontent.com\/a\/ALm5wu0hZukoxz7NlL4WOsO_F-IW8E-Lbq55Dd0QV2rx=s120-c-c-rp-w64-h64-mo-br100\" alt=\"Lina Iniesta navarro\" \/> <\/div> <div class=\"ti-profile-details\"> <div class=\"ti-name\"> Lina Iniesta navarro <\/div> <div class=\"ti-date\"><\/div> <\/div> <\/div> <span class=\"ti-stars\"><span class=\"ti-star f\"><\/span><span class=\"ti-star f\"><\/span><span class=\"ti-star f\"><\/span><span class=\"ti-star f\"><\/span><span class=\"ti-star f\"><\/span><\/span> <div class=\"ti-review-content\"><!-- R-CONTENT -->Todo correcto. Y el env\u00edo una vez realizado el pago fue muy r\u00e1pido<!-- R-CONTENT --><\/div> <span class=\"ti-read-more\" data-container=\".ti-review-content\" data-collapse-text=\"Ocultar\" data-open-text=\"Leer m\u00e1s\"><\/span> <\/div> <\/div>  <\/div> <div class=\"ti-controls-dots\"> <div class=\"dot active\"><\/div> <\/div> <\/div> <div class=\"ti-footer\"> <div class=\"ti-rating-text\"> <span class=\"nowrap\">L'avaluaci\u00f3 general a <strong>Google<\/strong> \u00e9s <\/span><span class=\"nowrap\"><strong>4.8<\/strong> de 5, <\/span><span class=\"nowrap\">sobre la base de <strong>43 avaluacions<\/strong><\/span> <\/div> <\/div> <\/div> <\/div>\n<\/div><\/div>\n\n\n\n<div class=\"wp-block-uagb-container info-separator uagb-block-20a6abe5 alignfull uagb-is-root-container\"><div class=\"uagb-container__shape uagb-container__shape-top\"><svg xmlns=\"https:\/\/www.w3.org\/2000\/svg\" viewbox=\"0 0 1000 100\" preserveaspectratio=\"none\"><path class=\"uagb-container__shape-fill\" d=\"M421.9,6.5c22.6-2.5,51.5,0.4,75.5,5.3c23.6,4.9,70.9,23.5,100.5,35.7c75.8,32.2,133.7,44.5,192.6,49.7  c23.6,2.1,48.7,3.5,103.4-2.5c54.7-6,106.2-25.6,106.2-25.6V0H0v30.3c0,0,72,32.6,158.4,30.5c39.2-0.7,92.8-6.7,134-22.4  c21.2-8.1,52.2-18.2,79.7-24.2C399.3,7.9,411.6,7.5,421.9,6.5z\"><\/path><\/svg><\/div><\/div>\n\n\n\n<div class=\"wp-block-uagb-container info-section uagb-block-32cf484e alignfull uagb-is-root-container\"><div class=\"uagb-container-inner-blocks-wrap\">\n<div class=\"wp-block-uagb-container uagb-block-e24b5221\">\n<figure class=\"wp-block-image aligncenter size-full\"><img decoding=\"async\" loading=\"lazy\" width=\"912\" height=\"585\" src=\"https:\/\/educacion.ietres.com\/wp-content\/uploads\/2023\/04\/quienes-somos-verdes.jpg\" alt=\"\" class=\"wp-image-11424\" srcset=\"https:\/\/educacion.ietres.com\/wp-content\/uploads\/2023\/04\/quienes-somos-verdes.jpg 912w, https:\/\/educacion.ietres.com\/wp-content\/uploads\/2023\/04\/quienes-somos-verdes-300x192.jpg 300w, https:\/\/educacion.ietres.com\/wp-content\/uploads\/2023\/04\/quienes-somos-verdes-768x493.jpg 768w, https:\/\/educacion.ietres.com\/wp-content\/uploads\/2023\/04\/quienes-somos-verdes-18x12.jpg 18w, https:\/\/educacion.ietres.com\/wp-content\/uploads\/2023\/04\/quienes-somos-verdes-600x385.jpg 600w\" sizes=\"(max-width: 912px) 100vw, 912px\" \/><\/figure>\n<\/div>\n\n\n\n<div class=\"wp-block-uagb-container uagb-block-4f531706\">\n<h2 id=\"h-somos-verdes\">Som verds<\/h2>\n\n\n\n<p>A <strong>S\u03c6fia<\/strong> t'oferim productes en oferta, amb estocs limitats i tota la garantia, a preus incre\u00efbles. A m\u00e9s, sent conscients de la petjada de carboni que genera la fabricaci\u00f3 d'equips nous, tamb\u00e9 donem una segona oportunitat a equips procedents de demo, totalment revisats i amb la garantia d'un nou. Aix\u00ed, t'estalvies uns bons diners i, entre tots, ajudem al planeta i fomentem l'economia circular.<\/p>\n\n\n\n<div class=\"wp-block-uagb-buttons uagb-buttons__outer-wrap uagb-btn__default-btn uagb-btn-tablet__default-btn uagb-btn-mobile__default-btn uagb-block-1e9fe397\"><div class=\"uagb-buttons__wrap uagb-buttons-layout-wrap\">\n<div class=\"wp-block-uagb-buttons-child uagb-buttons__outer-wrap uagb-block-707e9ea7 wp-block-button is-style-outline\"><div class=\"uagb-button__wrapper\"><a class=\"uagb-buttons-repeater wp-block-button__link has-background has-text-color\" href=\"\/categoria-producto\/ofertas-reacondicionados\/\" onclick=\"return true;\" rel=\"follow noopener\" target=\"_self\"><span class=\"uagb-button__icon uagb-button__icon-position-before\"><svg xmlns=\"https:\/\/www.w3.org\/2000\/svg\" viewbox=\"0 0 640 512\"><path d=\"M400 32C426.5 32 448 53.49 448 80V336C448 362.5 426.5 384 400 384H266.7L277.3 416H352C369.7 416 384 430.3 384 448C384 465.7 369.7 480 352 480H96C78.33 480 64 465.7 64 448C64 430.3 78.33 416 96 416H170.7L181.3 384H48C21.49 384 0 362.5 0 336V80C0 53.49 21.49 32 48 32H400zM64 96V320H384V96H64zM592 32C618.5 32 640 53.49 640 80V432C640 458.5 618.5 480 592 480H528C501.5 480 480 458.5 480 432V80C480 53.49 501.5 32 528 32H592zM544 96C535.2 96 528 103.2 528 112C528 120.8 535.2 128 544 128H576C584.8 128 592 120.8 592 112C592 103.2 584.8 96 576 96H544zM544 192H576C584.8 192 592 184.8 592 176C592 167.2 584.8 160 576 160H544C535.2 160 528 167.2 528 176C528 184.8 535.2 192 544 192zM560 400C577.7 400 592 385.7 592 368C592 350.3 577.7 336 560 336C542.3 336 528 350.3 528 368C528 385.7 542.3 400 560 400z\"><\/path><\/svg><\/span><div class=\"uagb-button__link\">Veure productes en oferta i recondicionats<\/div><\/a><\/div><\/div>\n<\/div><\/div>\n<\/div>\n<\/div><\/div>\n\n\n\n<div class=\"wp-block-uagb-container cta-quienes-somos uagb-block-ea641370 alignfull uagb-is-root-container\"><div class=\"uagb-container-inner-blocks-wrap\">\n<div class=\"wp-block-uagb-call-to-action uagb-block-372c8bd3 wp-block-button\"><div class=\"uagb-cta__wrap\"><h3 class=\"uagb-cta__title\">Tens algun dubte?<\/h3><p class=\"uagb-cta__desc\">Consulta la nostra secci\u00f3 de <a href=\"https:\/\/educacion.ietres.com\/faqs\/\">preguntes freq\u00fcents<\/a> o contacta amb nosaltres i resoldrem tots els teus dubtes<\/p><\/div><div class=\"uagb-cta__buttons\"><a href=\"\/contacta-con-nosotros\/\" class=\"uagb-cta__button-link-wrapper wp-block-button__link\" target=\"_self\" rel=\"noopener noreferrer\"><svg xmlns=\"https:\/\/www.w3.org\/2000\/svg\" viewbox=\"0 0 512 512\"><path d=\"M256 0C114.6 0 0 114.6 0 256s114.6 256 256 256s256-114.6 256-256S397.4 0 256 0zM256 128c17.67 0 32 14.33 32 32c0 17.67-14.33 32-32 32S224 177.7 224 160C224 142.3 238.3 128 256 128zM296 384h-80C202.8 384 192 373.3 192 360s10.75-24 24-24h16v-64H224c-13.25 0-24-10.75-24-24S210.8 224 224 224h32c13.25 0 24 10.75 24 24v88h16c13.25 0 24 10.75 24 24S309.3 384 296 384z\"><\/path><\/svg>Contacta amb nosaltres<\/a><\/div><\/div>\n<\/div><\/div>","protected":false},"excerpt":{"rendered":"","protected":false},"author":1122,"featured_media":0,"parent":0,"menu_order":0,"comment_status":"closed","ping_status":"closed","template":"","meta":{"_uag_custom_page_level_css":"","site-sidebar-layout":"default","site-content-layout":"default","ast-global-header-display":"","ast-main-header-display":"","ast-hfb-above-header-display":"","ast-hfb-below-header-display":"","ast-hfb-mobile-header-display":"","site-post-title":"","ast-breadcrumbs-content":"","ast-featured-img":"","footer-sml-layout":"","theme-transparent-header-meta":"","adv-header-id-meta":"","stick-header-meta":"","header-above-stick-meta":"","header-main-stick-meta":"","header-below-stick-meta":""},"uagb_featured_image_src":{"full":false,"thumbnail":false,"medium":false,"medium_large":false,"large":false,"1536x1536":false,"2048x2048":false,"trp-custom-language-flag":false,"woocommerce_thumbnail":false,"woocommerce_single":false,"woocommerce_gallery_thumbnail":false},"uagb_author_info":{"display_name":"Edgar Hidalgo","author_link":"https:\/\/educacion.ietres.com\/ca\/author\/ehidalgo\/"},"uagb_comment_info":0,"uagb_excerpt":null,"_links":{"self":[{"href":"https:\/\/educacion.ietres.com\/ca\/wp-json\/wp\/v2\/pages\/11399"}],"collection":[{"href":"https:\/\/educacion.ietres.com\/ca\/wp-json\/wp\/v2\/pages"}],"about":[{"href":"https:\/\/educacion.ietres.com\/ca\/wp-json\/wp\/v2\/types\/page"}],"author":[{"embeddable":true,"href":"https:\/\/educacion.ietres.com\/ca\/wp-json\/wp\/v2\/users\/1122"}],"replies":[{"embeddable":true,"href":"https:\/\/educacion.ietres.com\/ca\/wp-json\/wp\/v2\/comments?post=11399"}],"version-history":[{"count":23,"href":"https:\/\/educacion.ietres.com\/ca\/wp-json\/wp\/v2\/pages\/11399\/revisions"}],"predecessor-version":[{"id":11952,"href":"https:\/\/educacion.ietres.com\/ca\/wp-json\/wp\/v2\/pages\/11399\/revisions\/11952"}],"wp:attachment":[{"href":"https:\/\/educacion.ietres.com\/ca\/wp-json\/wp\/v2\/media?parent=11399"}],"curies":[{"name":"wp","href":"https:\/\/api.w.org\/{rel}","templated":true}]}}