{"id":11329,"date":"2023-04-26T10:09:00","date_gmt":"2023-04-26T08:09:00","guid":{"rendered":"https:\/\/educacion.ietres.com\/?page_id=11329"},"modified":"2023-05-08T16:04:13","modified_gmt":"2023-05-08T14:04:13","slug":"contacta-con-nosotros","status":"publish","type":"page","link":"https:\/\/educacion.ietres.com\/ca\/contacta-con-nosotros\/","title":{"rendered":"Contacta amb nosaltres"},"content":{"rendered":"<div class=\"wp-block-uagb-container contacto-faqs uagb-block-22200a90 alignfull uagb-is-root-container\"><div class=\"uagb-container-inner-blocks-wrap\">\n<div class=\"wp-block-uagb-advanced-heading uagb-block-76fe3c8f\"><p class=\"uagb-desc-text\">Vols m\u00e9s informaci\u00f3?<\/p><h1 class=\"uagb-heading-text\">Contacta amb nosaltres<\/h1><\/div>\n\n\n\n<p class=\"has-text-align-center contacto-faqs-text\">Contacta amb nosaltres per mitj\u00e0 del nostre correu electr\u00f2nic <a href=\"mailto:educacion@ie3.com\">educacion@ie3.com<\/a>, truca al nostre tel\u00e8fon <a href=\"tel:+34937379934\">937 379 934<\/a> o emplena el seg\u00fcent formulari i atendrem la teva consulta al m\u00e9s aviat possible.<\/p>\n\n\n\n<div class=\"wpcf7 no-js\" id=\"wpcf7-f7060-o1\" lang=\"es-ES\" dir=\"ltr\">\n<div class=\"screen-reader-response\"><p role=\"status\" aria-live=\"polite\" aria-atomic=\"true\"><\/p> <ul><\/ul><\/div>\n<form action=\"\/ca\/wp-json\/wp\/v2\/pages\/11329#wpcf7-f7060-o1\" method=\"post\" class=\"wpcf7-form init\" aria-label=\"Contact form\" novalidate=\"novalidate\" data-status=\"init\" data-trp-original-action=\"\/ca\/wp-json\/wp\/v2\/pages\/11329#wpcf7-f7060-o1\">\n<div style=\"display: none;\">\n<input type=\"hidden\" name=\"_wpcf7\" value=\"7060\" \/>\n<input type=\"hidden\" name=\"_wpcf7_version\" value=\"5.7.4\" \/>\n<input type=\"hidden\" name=\"_wpcf7_locale\" value=\"es_ES\" \/>\n<input type=\"hidden\" name=\"_wpcf7_unit_tag\" value=\"wpcf7-f7060-o1\" \/>\n<input type=\"hidden\" name=\"_wpcf7_container_post\" value=\"0\" \/>\n<input type=\"hidden\" name=\"_wpcf7_posted_data_hash\" value=\"\" \/>\n<\/div>\n<div class=\"form-container\">\n    <div class=\"form-2col\">\n        <div class=\"form-fields\">\n            <label>Nom i Cognom <span class=\"required\">*<\/span><\/label>\n            <span class=\"wpcf7-form-control-wrap\" data-name=\"nombre\"><input size=\"40\" class=\"wpcf7-form-control wpcf7-text wpcf7-validates-as-required\" aria-required=\"true\" aria-invalid=\"false\" value=\"\" type=\"text\" name=\"nombre\" \/><\/span> \n        <\/div>\n        <div class=\"form-fields\">\n            <label>Correu electr\u00f2nic <span class=\"required\">*<\/span><\/label>\n            <span class=\"wpcf7-form-control-wrap\" data-name=\"email\"><input size=\"40\" class=\"wpcf7-form-control wpcf7-text wpcf7-email wpcf7-validates-as-required wpcf7-validates-as-email\" aria-required=\"true\" aria-invalid=\"false\" value=\"\" type=\"email\" name=\"email\" \/><\/span>\n        <\/div>\n    <\/div>\n    \n    <div class=\"form-2col\">\n        <div class=\"form-fields\">\n            <label>Tel\u00e8fon <span class=\"required\">*<\/span><\/label>\n            <span class=\"wpcf7-form-control-wrap\" data-name=\"telefono\"><input size=\"40\" class=\"wpcf7-form-control wpcf7-text wpcf7-tel wpcf7-validates-as-required wpcf7-validates-as-tel\" aria-required=\"true\" aria-invalid=\"false\" value=\"\" type=\"tel\" name=\"telefono\" \/><\/span>\n        <\/div>\n        <div class=\"form-fields\">\n            <label>Comunitat aut\u00f2noma <span class=\"required\">*<\/span><\/label>\n            <span class=\"wpcf7-form-control-wrap\" data-name=\"comunidad\"><select class=\"wpcf7-form-control wpcf7-select wpcf7-validates-as-required\" aria-required=\"true\" aria-invalid=\"false\" name=\"comunidad\"><option value=\"\">Elige una comunidad aut\u00f3noma<\/option><option value=\"Andaluc\u00eda\">Andaluc\u00eda<\/option><option value=\"Arag\u00f3n\">Arag\u00f3n<\/option><option value=\"Principado de Asturias\">Principado de Asturias<\/option><option value=\"Illes Balears\">Illes Balears<\/option><option value=\"Canarias\">Canarias<\/option><option value=\"Cantabria\">Cantabria<\/option><option value=\"Castilla y Le\u00f3n\">Castilla y Le\u00f3n<\/option><option value=\"Castilla-La Mancha\">Castilla-La Mancha<\/option><option value=\"Catalu\u00f1a\">Catalu\u00f1a<\/option><option value=\"Comunitat Valenciana\">Comunitat Valenciana<\/option><option value=\"Extremadura\">Extremadura<\/option><option value=\"Galicia\">Galicia<\/option><option value=\"Comunidad de Madrid\">Comunidad de Madrid<\/option><option value=\"Regi\u00f3n de Murcia\">Regi\u00f3n de Murcia<\/option><option value=\"Comunidad Foral de Navarra\">Comunidad Foral de Navarra<\/option><option value=\"Pa\u00eds Vasco\">Pa\u00eds Vasco<\/option><option value=\"La Rioja\">La Rioja<\/option><option value=\"Ciudad Aut\u00f3noma de Ceuta\">Ciudad Aut\u00f3noma de Ceuta<\/option><option value=\"Ciudad Aut\u00f3noma de Melilla\">Ciudad Aut\u00f3noma de Melilla<\/option><\/select><\/span>\n        <\/div>\n    <\/div>\n\n    <div class=\"form-2col\">\n        <div class=\"form-fields\">\n            <label>Centre educatiu <span class=\"required\">*<\/span><\/label>\n            <span class=\"wpcf7-form-control-wrap\" data-name=\"centro\"><input size=\"40\" class=\"wpcf7-form-control wpcf7-text wpcf7-validates-as-required\" aria-required=\"true\" aria-invalid=\"false\" value=\"\" type=\"text\" name=\"centro\" \/><\/span>\n        <\/div>\n        <div class=\"form-fields\">\n            <label>C\u00e0rrec <span class=\"required\">*<\/span><\/label>\n            <span class=\"wpcf7-form-control-wrap\" data-name=\"cargo\"><select class=\"wpcf7-form-control wpcf7-select wpcf7-validates-as-required\" aria-required=\"true\" aria-invalid=\"false\" name=\"cargo\"><option value=\"\">Elige un cargo<\/option><option value=\"Alumno\">Alumno<\/option><option value=\"AFA\">AFA<\/option><option value=\"Docente\">Docente<\/option><option value=\"Responsable IT\">Responsable IT<\/option><option value=\"Jefe de estudios\">Jefe de estudios<\/option><option value=\"Director\">Director<\/option><\/select><\/span>\n        <\/div>\n    <\/div>\n\n    <div class=\"form-1col\">\n        <div class=\"form-fields\">\n            <label>Motivo de la consulta <span class=\"required\">*<\/span><\/label>\n            <span class=\"wpcf7-form-control-wrap\" data-name=\"motivo\"><select class=\"wpcf7-form-control wpcf7-select wpcf7-validates-as-required\" aria-required=\"true\" aria-invalid=\"false\" name=\"motivo\"><option value=\"\">Selecciona un motivo<\/option><option value=\"Solicitar un c\u00f3digo de registro\">Solicitar un c\u00f3digo de registro<\/option><option value=\"Solicitar informaci\u00f3n de producto\">Solicitar informaci\u00f3n de producto<\/option><option value=\"Solicitar presupuesto\">Solicitar presupuesto<\/option><option value=\"Realizar una consulta\">Realizar una consulta<\/option><option value=\"Otros\">Altres<\/option><\/select><\/span>\n        <\/div>\n    <\/div>\n\n    <div class=\"form-1col\">\n        <div class=\"form-fields\">\n            <label>Missatge <span class=\"required\">*<\/span><\/label>\n            <span class=\"wpcf7-form-control-wrap\" data-name=\"mensaje\"><textarea cols=\"40\" rows=\"10\" class=\"wpcf7-form-control wpcf7-textarea wpcf7-validates-as-required\" aria-required=\"true\" aria-invalid=\"false\" placeholder=\"Si us plau, indica informaci\u00f3 addicional sobre el motiu de la teva consulta...\" name=\"mensaje\"><\/textarea><\/span>\n        <\/div>\n    <\/div>\n\n    <div class=\"form-1col\">\n        <div class=\"form-fields privacidad\">\n            <span class=\"wpcf7-form-control-wrap\" data-name=\"privacypolicy\"><span class=\"wpcf7-form-control wpcf7-acceptance\"><span class=\"wpcf7-list-item\"><label><input type=\"checkbox\" name=\"privacypolicy\" value=\"1\" aria-invalid=\"false\" \/><span class=\"wpcf7-list-item-label\">He llegit i accepto la <a href=\"\/privacidad\" target=\"_blank\">Pol\u00edtica de privacitat<\/a><\/span><\/label><\/span><\/span><\/span>\n        <\/div>\n    <\/div>\n    \n    <div class=\"form-2col submit-col\">\n        <div>\n            <div id=\"cf7sr-69f1c81eed104\" class=\"cf7sr-g-recaptcha\" data-sitekey=\"6LfZxUMfAAAAAAnZMJJ3uW--Ry0QDJytjxti1j1U\"><\/div><span class=\"wpcf7-form-control-wrap cf7sr-recaptcha\" data-name=\"cf7sr-recaptcha\"><input type=\"hidden\" name=\"cf7sr-recaptcha\" value=\"\" class=\"wpcf7-form-control\"><\/span>\n        <\/div>\n        <div class=\"button-form\">\n            <button type=\"submit\">Enviar<\/button>\n        <\/div>\n    <\/div>\n<\/div><div class=\"wpcf7-response-output\" aria-hidden=\"true\"><\/div>\n<input type=\"hidden\" name=\"trp-form-language\" value=\"ca\"\/><\/form>\n<\/div>\n\n\n\n\n<p class=\"has-text-align-center politica-priv\" style=\"font-size:11px\">Responsable del fitxer: SUPPORT AND TECHNOLOGY SL; Finalitat: Sol\u00b7licitud d'informaci\u00f3 i\/o consultes sobre la plataforma web; Legitimaci\u00f3: Consentiment; Destinataris: No es comunicaran les dades a tercers; Drets: Accedir, rectificar i suprimir les dades, aix\u00ed com altres drets, com s'explica en la informaci\u00f3 addicional. <br><strong><a href=\"https:\/\/educacion.ietres.com\/privacidad\/\">M\u00e9s informaci\u00f3 sobre la nostra Pol\u00edtica de Privacitat<\/a><\/strong><\/p>\n<\/div><\/div>\n\n\n\n<div class=\"wp-block-uagb-container cta-faqs uagb-block-74303bb3 alignfull uagb-is-root-container\"><div class=\"uagb-container-inner-blocks-wrap\">\n<div class=\"wp-block-uagb-call-to-action uagb-block-b6ab44e6 wp-block-button\"><div class=\"uagb-cta__wrap\"><h2 class=\"uagb-cta__title\">Agenda una reuni\u00f3<\/h2><p class=\"uagb-cta__desc\">Si ho prefereixes, pots programar una reuni\u00f3 amb els nostres comercials.<\/p><\/div><div class=\"uagb-cta__buttons\"><a href=\"https:\/\/outlook.office365.com\/owa\/calendar\/IE3EDU934@ie3.com\/bookings\/\" class=\"uagb-cta__button-link-wrapper wp-block-button__link\" target=\"_blank\" rel=\"noopener noreferrer\"><svg xmlns=\"https:\/\/www.w3.org\/2000\/svg\" viewbox=\"0 0 512 512\"><path d=\"M384 0H96C60.65 0 32 28.65 32 64v384c0 35.35 28.65 64 64 64h288c35.35 0 64-28.65 64-64V64C448 28.65 419.3 0 384 0zM240 128c35.35 0 64 28.65 64 64s-28.65 64-64 64c-35.34 0-64-28.65-64-64S204.7 128 240 128zM336 384h-192C135.2 384 128 376.8 128 368C128 323.8 163.8 288 208 288h64c44.18 0 80 35.82 80 80C352 376.8 344.8 384 336 384zM496 64H480v96h16C504.8 160 512 152.8 512 144v-64C512 71.16 504.8 64 496 64zM496 192H480v96h16C504.8 288 512 280.8 512 272v-64C512 199.2 504.8 192 496 192zM496 320H480v96h16c8.836 0 16-7.164 16-16v-64C512 327.2 504.8 320 496 320z\"><\/path><\/svg>Agendar<\/a><\/div><\/div>\n<\/div><\/div>","protected":false},"excerpt":{"rendered":"","protected":false},"author":1122,"featured_media":0,"parent":0,"menu_order":0,"comment_status":"closed","ping_status":"closed","template":"","meta":{"_uag_custom_page_level_css":"","site-sidebar-layout":"default","site-content-layout":"default","ast-global-header-display":"","ast-main-header-display":"","ast-hfb-above-header-display":"","ast-hfb-below-header-display":"","ast-hfb-mobile-header-display":"","site-post-title":"disabled","ast-breadcrumbs-content":"","ast-featured-img":"","footer-sml-layout":"","theme-transparent-header-meta":"","adv-header-id-meta":"","stick-header-meta":"","header-above-stick-meta":"","header-main-stick-meta":"","header-below-stick-meta":""},"uagb_featured_image_src":{"full":false,"thumbnail":false,"medium":false,"medium_large":false,"large":false,"1536x1536":false,"2048x2048":false,"trp-custom-language-flag":false,"woocommerce_thumbnail":false,"woocommerce_single":false,"woocommerce_gallery_thumbnail":false},"uagb_author_info":{"display_name":"Edgar Hidalgo","author_link":"https:\/\/educacion.ietres.com\/ca\/author\/ehidalgo\/"},"uagb_comment_info":0,"uagb_excerpt":null,"_links":{"self":[{"href":"https:\/\/educacion.ietres.com\/ca\/wp-json\/wp\/v2\/pages\/11329"}],"collection":[{"href":"https:\/\/educacion.ietres.com\/ca\/wp-json\/wp\/v2\/pages"}],"about":[{"href":"https:\/\/educacion.ietres.com\/ca\/wp-json\/wp\/v2\/types\/page"}],"author":[{"embeddable":true,"href":"https:\/\/educacion.ietres.com\/ca\/wp-json\/wp\/v2\/users\/1122"}],"replies":[{"embeddable":true,"href":"https:\/\/educacion.ietres.com\/ca\/wp-json\/wp\/v2\/comments?post=11329"}],"version-history":[{"count":3,"href":"https:\/\/educacion.ietres.com\/ca\/wp-json\/wp\/v2\/pages\/11329\/revisions"}],"predecessor-version":[{"id":11913,"href":"https:\/\/educacion.ietres.com\/ca\/wp-json\/wp\/v2\/pages\/11329\/revisions\/11913"}],"wp:attachment":[{"href":"https:\/\/educacion.ietres.com\/ca\/wp-json\/wp\/v2\/media?parent=11329"}],"curies":[{"name":"wp","href":"https:\/\/api.w.org\/{rel}","templated":true}]}}